{"id":2993,"date":"2026-03-31T14:49:00","date_gmt":"2026-03-31T14:49:00","guid":{"rendered":"https:\/\/sinovalvehub.com\/produtos-2\/valvula-de-esfera\/"},"modified":"2026-03-31T14:56:30","modified_gmt":"2026-03-31T14:56:30","slug":"valvula-de-esfera","status":"publish","type":"page","link":"https:\/\/sinovalvehub.com\/pt-br\/produtos-2\/valvula-de-esfera\/","title":{"rendered":"V\u00e1lvula de esfera"},"content":{"rendered":"\t\t<div data-elementor-type=\"wp-page\" data-elementor-id=\"2993\" class=\"elementor elementor-2993 elementor-2984\" data-elementor-post-type=\"page\">\n\t\t\t\t<div class=\"elementor-element elementor-element-15090dd e-flex e-con-boxed e-con e-parent\" data-id=\"15090dd\" data-element_type=\"container\" data-e-type=\"container\">\n\t\t\t\t\t<div class=\"e-con-inner\">\n\t\t\t\t<div class=\"elementor-element elementor-element-7f6c1a0 elementor-widget elementor-widget-heading\" data-id=\"7f6c1a0\" data-element_type=\"widget\" data-e-type=\"widget\" data-widget_type=\"heading.default\">\n\t\t\t\t\t<h2 class=\"elementor-heading-title elementor-size-default\">Fornecedor chin\u00eas de v\u00e1lvulas esfera industriais<\/h2>\t\t\t\t<\/div>\n\t\t\t\t<div class=\"elementor-element elementor-element-dff3e15 elementor-widget elementor-widget-text-editor\" data-id=\"dff3e15\" data-element_type=\"widget\" data-e-type=\"widget\" data-widget_type=\"text-editor.default\">\n\t\t\t\t\t\t\t\t\t<p><strong>V\u00e1lvulas esfera de alto desempenho para as ind\u00fastrias de tratamento de \u00e1gua, petr\u00f3leo e g\u00e1s e qu\u00edmica. Suporte para OEM e ODM dispon\u00edvel.<\/strong><\/p>\t\t\t\t\t\t\t\t<\/div>\n\t\t<div class=\"elementor-element elementor-element-9568146 e-con-full e-flex e-con e-child\" data-id=\"9568146\" data-element_type=\"container\" data-e-type=\"container\">\n\t\t\t\t<div class=\"elementor-element elementor-element-267894f elementor-widget elementor-widget-button\" data-id=\"267894f\" data-element_type=\"widget\" data-e-type=\"widget\" data-widget_type=\"button.default\">\n\t\t\t\t\t\t\t\t\t\t<a class=\"elementor-button elementor-button-link elementor-size-sm\" href=\"#\">\n\t\t\t\t\t\t<span class=\"elementor-button-content-wrapper\">\n\t\t\t\t\t\t\t\t\t<span class=\"elementor-button-text\">Solicite um or\u00e7amento agora<\/span>\n\t\t\t\t\t<\/span>\n\t\t\t\t\t<\/a>\n\t\t\t\t\t\t\t\t<\/div>\n\t\t\t\t<div class=\"elementor-element elementor-element-244757b elementor-widget elementor-widget-button\" data-id=\"244757b\" data-element_type=\"widget\" data-e-type=\"widget\" data-widget_type=\"button.default\">\n\t\t\t\t\t\t\t\t\t\t<a class=\"elementor-button elementor-button-link elementor-size-sm\" href=\"https:\/\/wa.me\/12269738588\">\n\t\t\t\t\t\t<span class=\"elementor-button-content-wrapper\">\n\t\t\t\t\t\t\t\t\t<span class=\"elementor-button-text\">Conversar no WhatsApp<\/span>\n\t\t\t\t\t<\/span>\n\t\t\t\t\t<\/a>\n\t\t\t\t\t\t\t\t<\/div>\n\t\t\t\t<\/div>\n\t\t\t\t\t<\/div>\n\t\t\t\t<\/div>\n\t\t<div class=\"elementor-element elementor-element-5de6e33 e-flex e-con-boxed e-con e-parent\" data-id=\"5de6e33\" data-element_type=\"container\" data-e-type=\"container\">\n\t\t\t\t\t<div class=\"e-con-inner\">\n\t\t\t\t<div class=\"elementor-element elementor-element-1501541 elementor-widget elementor-widget-text-editor\" data-id=\"1501541\" data-element_type=\"widget\" data-e-type=\"widget\" data-widget_type=\"text-editor.default\">\n\t\t\t\t\t\t\t\t\t<p><strong>As v\u00e1lvulas esfera s\u00e3o amplamente utilizadas em sistemas industriais de controle de fluidos devido \u00e0 sua estrutura compacta, desempenho de veda\u00e7\u00e3o confi\u00e1vel e opera\u00e7\u00e3o econ\u00f4mica.<\/strong><\/p><p><strong>Na Sinovalvehub, somos especializados no fornecimento de v\u00e1lvulas esfera de alta qualidade para ind\u00fastrias exigentes, como petr\u00f3leo e g\u00e1s, tratamento de \u00e1gua e processamento qu\u00edmico.<\/strong><\/p><p><strong>\u2714 Design robusto para longa vida \u00fatil<br>\u2714 Excelente desempenho de veda\u00e7\u00e3o<br>\u2714 Suporte para OEM e ODM dispon\u00edvel<br>\u2714 Entrega r\u00e1pida e confi\u00e1vel<\/strong><\/p><p><strong>Entre em contato conosco hoje para uma cota\u00e7\u00e3o personalizada ou suporte t\u00e9cnico.<\/strong><\/p>\t\t\t\t\t\t\t\t<\/div>\n\t\t\t\t\t<\/div>\n\t\t\t\t<\/div>\n\t\t<div class=\"elementor-element elementor-element-314e4ba e-flex e-con-boxed e-con e-parent\" data-id=\"314e4ba\" data-element_type=\"container\" data-e-type=\"container\">\n\t\t\t\t\t<div class=\"e-con-inner\">\n\t\t\t\t<div class=\"elementor-element elementor-element-112ddef elementor-widget elementor-widget-heading\" data-id=\"112ddef\" data-element_type=\"widget\" data-e-type=\"widget\" data-widget_type=\"heading.default\">\n\t\t\t\t\t<h2 class=\"elementor-heading-title elementor-size-default\">Explore nossas solu\u00e7\u00f5es de v\u00e1lvulas esfera<\/h2>\t\t\t\t<\/div>\n\t\t\t\t<div class=\"elementor-element elementor-element-425244d elementor-widget elementor-widget-text-editor\" data-id=\"425244d\" data-element_type=\"widget\" data-e-type=\"widget\" data-widget_type=\"text-editor.default\">\n\t\t\t\t\t\t\t\t\t<p><strong>Oferecemos uma ampla variedade de v\u00e1lvulas esfera para atender diferentes aplica\u00e7\u00f5es industriais e condi\u00e7\u00f5es de opera\u00e7\u00e3o.<\/strong><\/p>\t\t\t\t\t\t\t\t<\/div>\n\t\t\t\t\t<\/div>\n\t\t\t\t<\/div>\n\t\t<div class=\"elementor-element elementor-element-be9fc32 e-flex e-con-boxed e-con e-parent\" data-id=\"be9fc32\" data-element_type=\"container\" data-e-type=\"container\">\n\t\t\t\t\t<div class=\"e-con-inner\">\n\t\t\t\t<div class=\"elementor-element elementor-element-e8d7fdd elementor-grid-6 elementor-product-loop-item--align-left elementor-grid-tablet-3 elementor-grid-mobile-2 elementor-products-grid elementor-wc-products elementor-widget elementor-widget-woocommerce-products\" data-id=\"e8d7fdd\" data-element_type=\"widget\" data-e-type=\"widget\" data-widget_type=\"woocommerce-products.default\">\n\t\t\t\t<div class=\"elementor-widget-container\">\n\t\t\t\t\t<div class=\"woocommerce columns-6 \"><ul class=\"products elementor-grid columns-6\">\n<li class=\"desktop-align-center tablet-align-left mobile-align-left product type-product post-2071 status-publish first instock product_cat-valvula-de-esfera product_cat-valvula-de-esfera-fixa has-post-thumbnail shipping-taxable product-type-simple\">\n\t<a href=\"https:\/\/sinovalvehub.com\/pt-br\/produto\/fixed-ball-valve\/\" class=\"woocommerce-LoopProduct-link woocommerce-loop-product__link\"><img fetchpriority=\"high\" decoding=\"async\" width=\"250\" height=\"328\" src=\"https:\/\/sinovalvehub.com\/wp-content\/uploads\/2026\/02\/Fixed-ball-valve1-1-250x328.png\" class=\"attachment-woocommerce_thumbnail size-woocommerce_thumbnail\" alt=\"V\u00e1lvula de Esfera Fixa\" srcset=\"https:\/\/sinovalvehub.com\/wp-content\/uploads\/2026\/02\/Fixed-ball-valve1-1-250x328.png 250w, https:\/\/sinovalvehub.com\/wp-content\/uploads\/2026\/02\/Fixed-ball-valve1-1-64x84.png 64w, https:\/\/sinovalvehub.com\/wp-content\/uploads\/2026\/02\/Fixed-ball-valve1-1-229x300.png 229w, https:\/\/sinovalvehub.com\/wp-content\/uploads\/2026\/02\/Fixed-ball-valve1-1.png 290w\" sizes=\"(max-width: 250px) 100vw, 250px\" \/><h2 class=\"woocommerce-loop-product__title\">V\u00e1lvula de Esfera Fixa<\/h2>\n<\/a><a href=\"https:\/\/sinovalvehub.com\/pt-br\/produto\/fixed-ball-valve\/\" aria-describedby=\"woocommerce_loop_add_to_cart_link_describedby_2071\" data-quantity=\"1\" class=\"button product_type_simple\" data-product_id=\"2071\" data-product_sku=\"\" aria-label=\"Leia mais sobre &ldquo;V\u00e1lvula de Esfera Fixa&rdquo;\" rel=\"nofollow\" data-success_message=\"\">Leia mais<\/a>\t<span id=\"woocommerce_loop_add_to_cart_link_describedby_2071\" class=\"screen-reader-text\">\n\t\t\t<\/span>\n<\/li>\n<li class=\"desktop-align-center tablet-align-left mobile-align-left product type-product post-2058 status-publish instock product_cat-valvula-de-esfera product_cat-valvula-de-esfera-flutuante has-post-thumbnail shipping-taxable product-type-simple\">\n\t<a href=\"https:\/\/sinovalvehub.com\/pt-br\/produto\/valvula-de-esfera-flutuante\/\" class=\"woocommerce-LoopProduct-link woocommerce-loop-product__link\"><img decoding=\"async\" width=\"250\" height=\"328\" src=\"https:\/\/sinovalvehub.com\/wp-content\/uploads\/2026\/02\/floating-ball-valve2-250x328.png\" class=\"attachment-woocommerce_thumbnail size-woocommerce_thumbnail\" alt=\"V\u00e1lvula de esfera flutuante\" srcset=\"https:\/\/sinovalvehub.com\/wp-content\/uploads\/2026\/02\/floating-ball-valve2-250x328.png 250w, https:\/\/sinovalvehub.com\/wp-content\/uploads\/2026\/02\/floating-ball-valve2-64x84.png 64w, https:\/\/sinovalvehub.com\/wp-content\/uploads\/2026\/02\/floating-ball-valve2-228x300.png 228w, https:\/\/sinovalvehub.com\/wp-content\/uploads\/2026\/02\/floating-ball-valve2.png 290w\" sizes=\"(max-width: 250px) 100vw, 250px\" \/><h2 class=\"woocommerce-loop-product__title\">V\u00e1lvula de Esfera Flutuante<\/h2>\n<\/a><a href=\"https:\/\/sinovalvehub.com\/pt-br\/produto\/valvula-de-esfera-flutuante\/\" aria-describedby=\"woocommerce_loop_add_to_cart_link_describedby_2058\" data-quantity=\"1\" class=\"button product_type_simple\" data-product_id=\"2058\" data-product_sku=\"\" aria-label=\"Leia mais sobre &ldquo;V\u00e1lvula de Esfera Flutuante&rdquo;\" rel=\"nofollow\" data-success_message=\"\">Leia mais<\/a>\t<span id=\"woocommerce_loop_add_to_cart_link_describedby_2058\" class=\"screen-reader-text\">\n\t\t\t<\/span>\n<\/li>\n<li class=\"desktop-align-center tablet-align-left mobile-align-left product type-product post-2055 status-publish instock product_cat-esfera-em-v product_cat-valvula-de-esfera has-post-thumbnail shipping-taxable product-type-simple\">\n\t<a href=\"https:\/\/sinovalvehub.com\/pt-br\/produto\/valvula-de-esfera-em-v\/\" class=\"woocommerce-LoopProduct-link woocommerce-loop-product__link\"><img decoding=\"async\" width=\"250\" height=\"328\" src=\"https:\/\/sinovalvehub.com\/wp-content\/uploads\/2026\/02\/V-shaped-ball1-2-250x328.png\" class=\"attachment-woocommerce_thumbnail size-woocommerce_thumbnail\" alt=\"Esfera em V\" srcset=\"https:\/\/sinovalvehub.com\/wp-content\/uploads\/2026\/02\/V-shaped-ball1-2-250x328.png 250w, https:\/\/sinovalvehub.com\/wp-content\/uploads\/2026\/02\/V-shaped-ball1-2-64x84.png 64w, https:\/\/sinovalvehub.com\/wp-content\/uploads\/2026\/02\/V-shaped-ball1-2-229x300.png 229w, https:\/\/sinovalvehub.com\/wp-content\/uploads\/2026\/02\/V-shaped-ball1-2.png 290w\" sizes=\"(max-width: 250px) 100vw, 250px\" \/><h2 class=\"woocommerce-loop-product__title\">V\u00e1lvula de Esfera em V<\/h2>\n<\/a><a href=\"https:\/\/sinovalvehub.com\/pt-br\/produto\/valvula-de-esfera-em-v\/\" aria-describedby=\"woocommerce_loop_add_to_cart_link_describedby_2055\" data-quantity=\"1\" class=\"button product_type_simple\" data-product_id=\"2055\" data-product_sku=\"\" aria-label=\"Leia mais sobre &ldquo;V\u00e1lvula de Esfera em V&rdquo;\" rel=\"nofollow\" data-success_message=\"\">Leia mais<\/a>\t<span id=\"woocommerce_loop_add_to_cart_link_describedby_2055\" class=\"screen-reader-text\">\n\t\t\t<\/span>\n<\/li>\n<li class=\"desktop-align-center tablet-align-left mobile-align-left product type-product post-2052 status-publish instock product_cat-valvula-de-esfera product_cat-valvula-de-esfera-de-tres-vias has-post-thumbnail shipping-taxable product-type-simple\">\n\t<a href=\"https:\/\/sinovalvehub.com\/pt-br\/produto\/valvula-de-esfera-de-tres-vias\/\" class=\"woocommerce-LoopProduct-link woocommerce-loop-product__link\"><img loading=\"lazy\" decoding=\"async\" width=\"250\" height=\"328\" src=\"https:\/\/sinovalvehub.com\/wp-content\/uploads\/2026\/02\/three-way-ball-valve1-2-250x328.png\" class=\"attachment-woocommerce_thumbnail size-woocommerce_thumbnail\" alt=\"V\u00e1lvula de esfera de tr\u00eas vias\" srcset=\"https:\/\/sinovalvehub.com\/wp-content\/uploads\/2026\/02\/three-way-ball-valve1-2-250x328.png 250w, https:\/\/sinovalvehub.com\/wp-content\/uploads\/2026\/02\/three-way-ball-valve1-2-64x84.png 64w, https:\/\/sinovalvehub.com\/wp-content\/uploads\/2026\/02\/three-way-ball-valve1-2-229x300.png 229w, https:\/\/sinovalvehub.com\/wp-content\/uploads\/2026\/02\/three-way-ball-valve1-2.png 290w\" sizes=\"(max-width: 250px) 100vw, 250px\" \/><h2 class=\"woocommerce-loop-product__title\">V\u00e1lvula de Esfera de Tr\u00eas Vias<\/h2>\n<\/a><a href=\"https:\/\/sinovalvehub.com\/pt-br\/produto\/valvula-de-esfera-de-tres-vias\/\" aria-describedby=\"woocommerce_loop_add_to_cart_link_describedby_2052\" data-quantity=\"1\" class=\"button product_type_simple\" data-product_id=\"2052\" data-product_sku=\"\" aria-label=\"Leia mais sobre &ldquo;V\u00e1lvula de Esfera de Tr\u00eas Vias&rdquo;\" rel=\"nofollow\" data-success_message=\"\">Leia mais<\/a>\t<span id=\"woocommerce_loop_add_to_cart_link_describedby_2052\" class=\"screen-reader-text\">\n\t\t\t<\/span>\n<\/li>\n<li class=\"desktop-align-center tablet-align-left mobile-align-left product type-product post-2047 status-publish instock product_cat-valvula-de-esfera product_cat-valvula-de-esfera-plastica-revestida has-post-thumbnail shipping-taxable product-type-simple\">\n\t<a href=\"https:\/\/sinovalvehub.com\/pt-br\/produto\/valvula-de-esfera-revestida-de-plastico\/\" class=\"woocommerce-LoopProduct-link woocommerce-loop-product__link\"><img loading=\"lazy\" decoding=\"async\" width=\"250\" height=\"328\" src=\"https:\/\/sinovalvehub.com\/wp-content\/uploads\/2026\/02\/lined-plastic-ball-valve1-250x328.png\" class=\"attachment-woocommerce_thumbnail size-woocommerce_thumbnail\" alt=\"V\u00e1lvula de esfera pl\u00e1stica revestida\" srcset=\"https:\/\/sinovalvehub.com\/wp-content\/uploads\/2026\/02\/lined-plastic-ball-valve1-250x328.png 250w, https:\/\/sinovalvehub.com\/wp-content\/uploads\/2026\/02\/lined-plastic-ball-valve1-64x84.png 64w, https:\/\/sinovalvehub.com\/wp-content\/uploads\/2026\/02\/lined-plastic-ball-valve1-229x300.png 229w, https:\/\/sinovalvehub.com\/wp-content\/uploads\/2026\/02\/lined-plastic-ball-valve1.png 290w\" sizes=\"(max-width: 250px) 100vw, 250px\" \/><h2 class=\"woocommerce-loop-product__title\">V\u00e1lvula de Esfera Revestida de Pl\u00e1stico<\/h2>\n<\/a><a href=\"https:\/\/sinovalvehub.com\/pt-br\/produto\/valvula-de-esfera-revestida-de-plastico\/\" aria-describedby=\"woocommerce_loop_add_to_cart_link_describedby_2047\" data-quantity=\"1\" class=\"button product_type_simple\" data-product_id=\"2047\" data-product_sku=\"\" aria-label=\"Leia mais sobre &ldquo;V\u00e1lvula de Esfera Revestida de Pl\u00e1stico&rdquo;\" rel=\"nofollow\" data-success_message=\"\">Leia mais<\/a>\t<span id=\"woocommerce_loop_add_to_cart_link_describedby_2047\" class=\"screen-reader-text\">\n\t\t\t<\/span>\n<\/li>\n<li class=\"desktop-align-center tablet-align-left mobile-align-left product type-product post-2044 status-publish last instock product_cat-valvula-de-esfera product_cat-valvula-de-esfera-ceramica has-post-thumbnail shipping-taxable product-type-simple\">\n\t<a href=\"https:\/\/sinovalvehub.com\/pt-br\/produto\/valvula-de-esfera-ceramica\/\" class=\"woocommerce-LoopProduct-link woocommerce-loop-product__link\"><img loading=\"lazy\" decoding=\"async\" width=\"250\" height=\"341\" src=\"https:\/\/sinovalvehub.com\/wp-content\/uploads\/2026\/02\/Ceramic-ball-valve3-250x341.png\" class=\"attachment-woocommerce_thumbnail size-woocommerce_thumbnail\" alt=\"V\u00e1lvula de esfera cer\u00e2mica\" srcset=\"https:\/\/sinovalvehub.com\/wp-content\/uploads\/2026\/02\/Ceramic-ball-valve3-250x341.png 250w, https:\/\/sinovalvehub.com\/wp-content\/uploads\/2026\/02\/Ceramic-ball-valve3-64x87.png 64w, https:\/\/sinovalvehub.com\/wp-content\/uploads\/2026\/02\/Ceramic-ball-valve3-220x300.png 220w, https:\/\/sinovalvehub.com\/wp-content\/uploads\/2026\/02\/Ceramic-ball-valve3.png 279w\" sizes=\"(max-width: 250px) 100vw, 250px\" \/><h2 class=\"woocommerce-loop-product__title\">V\u00e1lvula de esfera cer\u00e2mica<\/h2>\n<\/a><a href=\"https:\/\/sinovalvehub.com\/pt-br\/produto\/valvula-de-esfera-ceramica\/\" aria-describedby=\"woocommerce_loop_add_to_cart_link_describedby_2044\" data-quantity=\"1\" class=\"button product_type_simple\" data-product_id=\"2044\" data-product_sku=\"\" aria-label=\"Leia mais sobre &ldquo;V\u00e1lvula de esfera cer\u00e2mica&rdquo;\" rel=\"nofollow\" data-success_message=\"\">Leia mais<\/a>\t<span id=\"woocommerce_loop_add_to_cart_link_describedby_2044\" class=\"screen-reader-text\">\n\t\t\t<\/span>\n<\/li>\n<\/ul>\n<\/div>\t\t\t\t<\/div>\n\t\t\t\t<\/div>\n\t\t\t\t\t<\/div>\n\t\t\t\t<\/div>\n\t\t<div class=\"elementor-element elementor-element-6926c2d e-flex e-con-boxed e-con e-parent\" data-id=\"6926c2d\" data-element_type=\"container\" data-e-type=\"container\">\n\t\t\t\t\t<div class=\"e-con-inner\">\n\t\t\t\t<div class=\"elementor-element elementor-element-f30abff elementor-widget elementor-widget-heading\" data-id=\"f30abff\" data-element_type=\"widget\" data-e-type=\"widget\" data-widget_type=\"heading.default\">\n\t\t\t\t\t<h2 class=\"elementor-heading-title elementor-size-default\">Por que nos escolher?<\/h2>\t\t\t\t<\/div>\n\t\t\t\t<div class=\"elementor-element elementor-element-0125b39 elementor-widget elementor-widget-text-editor\" data-id=\"0125b39\" data-element_type=\"widget\" data-e-type=\"widget\" data-widget_type=\"text-editor.default\">\n\t\t\t\t\t\t\t\t\t<p>\u2714 Mais de 10 anos de experi\u00eancia na exporta\u00e7\u00e3o de v\u00e1lvulas industriais<br>\u2714 Rigoroso controle de qualidade antes do envio<br>\u2714 Suporte para OEM e ODM para a sua marca<br>\u2714 Entrega r\u00e1pida e log\u00edstica internacional confi\u00e1vel<br>\u2714 Comunica\u00e7\u00e3o \u00e1gil e suporte t\u00e9cnico profissional<\/p>\t\t\t\t\t\t\t\t<\/div>\n\t\t\t\t\t<\/div>\n\t\t\t\t<\/div>\n\t\t\t\t<\/div>\n\t\t","protected":false},"excerpt":{"rendered":"<p>Fornecedor chin\u00eas de v\u00e1lvulas esfera industriais V\u00e1lvulas esfera de alto desempenho para as ind\u00fastrias de tratamento de \u00e1gua, petr\u00f3leo e [&hellip;]<\/p>\n","protected":false},"author":1,"featured_media":0,"parent":2123,"menu_order":0,"comment_status":"closed","ping_status":"closed","template":"","meta":{"site-sidebar-layout":"no-sidebar","site-content-layout":"","ast-site-content-layout":"full-width-container","site-content-style":"default","site-sidebar-style":"default","ast-global-header-display":"","ast-banner-title-visibility":"","ast-main-header-display":"","ast-hfb-above-header-display":"","ast-hfb-below-header-display":"","ast-hfb-mobile-header-display":"","site-post-title":"","ast-breadcrumbs-content":"","ast-featured-img":"disabled","footer-sml-layout":"","ast-disable-related-posts":"","theme-transparent-header-meta":"","adv-header-id-meta":"","stick-header-meta":"","header-above-stick-meta":"","header-main-stick-meta":"","header-below-stick-meta":"","astra-migrate-meta-layouts":"default","ast-page-background-enabled":"default","ast-page-background-meta":{"desktop":{"background-color":"var(--ast-global-color-5)","background-image":"","background-repeat":"repeat","background-position":"center center","background-size":"auto","background-attachment":"scroll","background-type":"","background-media":"","overlay-type":"","overlay-color":"","overlay-opacity":"","overlay-gradient":""},"tablet":{"background-color":"","background-image":"","background-repeat":"repeat","background-position":"center center","background-size":"auto","background-attachment":"scroll","background-type":"","background-media":"","overlay-type":"","overlay-color":"","overlay-opacity":"","overlay-gradient":""},"mobile":{"background-color":"","background-image":"","background-repeat":"repeat","background-position":"center center","background-size":"auto","background-attachment":"scroll","background-type":"","background-media":"","overlay-type":"","overlay-color":"","overlay-opacity":"","overlay-gradient":""}},"ast-content-background-meta":{"desktop":{"background-color":"var(--ast-global-color-4)","background-image":"","background-repeat":"repeat","background-position":"center center","background-size":"auto","background-attachment":"scroll","background-type":"","background-media":"","overlay-type":"","overlay-color":"","overlay-opacity":"","overlay-gradient":""},"tablet":{"background-color":"var(--ast-global-color-4)","background-image":"","background-repeat":"repeat","background-position":"center center","background-size":"auto","background-attachment":"scroll","background-type":"","background-media":"","overlay-type":"","overlay-color":"","overlay-opacity":"","overlay-gradient":""},"mobile":{"background-color":"var(--ast-global-color-4)","background-image":"","background-repeat":"repeat","background-position":"center center","background-size":"auto","background-attachment":"scroll","background-type":"","background-media":"","overlay-type":"","overlay-color":"","overlay-opacity":"","overlay-gradient":""}},"footnotes":""},"class_list":["post-2993","page","type-page","status-publish","hentry"],"aioseo_notices":[],"jetpack_sharing_enabled":true,"rttpg_featured_image_url":null,"rttpg_author":{"display_name":"chenzhaolawyer@gmail.com","author_link":"https:\/\/sinovalvehub.com\/pt-br\/author\/chenzhaolawyergmail-com\/"},"rttpg_comment":0,"rttpg_category":" <a href=\"https:\/\/sinovalvehub.com\/pt-br\/?taxonomy=translation_priority&#038;term=opcional-pt-br\" rel=\"tag\">Opcional<\/a>","rttpg_excerpt":"Fornecedor chin\u00eas de v\u00e1lvulas esfera industriais V\u00e1lvulas esfera de alto desempenho para as ind\u00fastrias de tratamento de \u00e1gua, petr\u00f3leo e [&hellip;]","_links":{"self":[{"href":"https:\/\/sinovalvehub.com\/pt-br\/wp-json\/wp\/v2\/pages\/2993","targetHints":{"allow":["GET"]}}],"collection":[{"href":"https:\/\/sinovalvehub.com\/pt-br\/wp-json\/wp\/v2\/pages"}],"about":[{"href":"https:\/\/sinovalvehub.com\/pt-br\/wp-json\/wp\/v2\/types\/page"}],"author":[{"embeddable":true,"href":"https:\/\/sinovalvehub.com\/pt-br\/wp-json\/wp\/v2\/users\/1"}],"replies":[{"embeddable":true,"href":"https:\/\/sinovalvehub.com\/pt-br\/wp-json\/wp\/v2\/comments?post=2993"}],"version-history":[{"count":1,"href":"https:\/\/sinovalvehub.com\/pt-br\/wp-json\/wp\/v2\/pages\/2993\/revisions"}],"predecessor-version":[{"id":2994,"href":"https:\/\/sinovalvehub.com\/pt-br\/wp-json\/wp\/v2\/pages\/2993\/revisions\/2994"}],"up":[{"embeddable":true,"href":"https:\/\/sinovalvehub.com\/pt-br\/wp-json\/wp\/v2\/pages\/2123"}],"wp:attachment":[{"href":"https:\/\/sinovalvehub.com\/pt-br\/wp-json\/wp\/v2\/media?parent=2993"}],"curies":[{"name":"wp","href":"https:\/\/api.w.org\/{rel}","templated":true}]}}