{"id":2969,"date":"2026-03-28T01:06:02","date_gmt":"2026-03-28T01:06:02","guid":{"rendered":"https:\/\/sinovalvehub.com\/produtos-2\/valvula-borboleta\/"},"modified":"2026-04-01T02:15:19","modified_gmt":"2026-04-01T02:15:19","slug":"valvula-borboleta","status":"publish","type":"page","link":"https:\/\/sinovalvehub.com\/pt-br\/produtos-2\/valvula-borboleta\/","title":{"rendered":"V\u00e1lvula borboleta"},"content":{"rendered":"\t\t<div data-elementor-type=\"wp-page\" data-elementor-id=\"2969\" class=\"elementor elementor-2969 elementor-2908\" data-elementor-post-type=\"page\">\n\t\t\t\t<div class=\"elementor-element elementor-element-15090dd e-flex e-con-boxed e-con e-parent\" data-id=\"15090dd\" data-element_type=\"container\" data-e-type=\"container\">\n\t\t\t\t\t<div class=\"e-con-inner\">\n\t\t\t\t<div class=\"elementor-element elementor-element-7f6c1a0 elementor-widget elementor-widget-heading\" data-id=\"7f6c1a0\" data-element_type=\"widget\" data-e-type=\"widget\" data-widget_type=\"heading.default\">\n\t\t\t\t\t<h2 class=\"elementor-heading-title elementor-size-default\">Fornecedor chin\u00eas de v\u00e1lvulas borboleta industriais<\/h2>\t\t\t\t<\/div>\n\t\t\t\t<div class=\"elementor-element elementor-element-dff3e15 elementor-widget elementor-widget-text-editor\" data-id=\"dff3e15\" data-element_type=\"widget\" data-e-type=\"widget\" data-widget_type=\"text-editor.default\">\n\t\t\t\t\t\t\t\t\t<p><strong>High-performance butterfly valves for water treatment, oil and gas, and chemical industries. Suporte para OEM e ODM dispon\u00edvel.<\/strong><\/p>\t\t\t\t\t\t\t\t<\/div>\n\t\t<div class=\"elementor-element elementor-element-9568146 e-con-full e-flex e-con e-child\" data-id=\"9568146\" data-element_type=\"container\" data-e-type=\"container\">\n\t\t\t\t<div class=\"elementor-element elementor-element-267894f elementor-widget elementor-widget-button\" data-id=\"267894f\" data-element_type=\"widget\" data-e-type=\"widget\" data-widget_type=\"button.default\">\n\t\t\t\t\t\t\t\t\t\t<a class=\"elementor-button elementor-button-link elementor-size-sm\" href=\"#\">\n\t\t\t\t\t\t<span class=\"elementor-button-content-wrapper\">\n\t\t\t\t\t\t\t\t\t<span class=\"elementor-button-text\">Solicite um or\u00e7amento agora<\/span>\n\t\t\t\t\t<\/span>\n\t\t\t\t\t<\/a>\n\t\t\t\t\t\t\t\t<\/div>\n\t\t\t\t<div class=\"elementor-element elementor-element-244757b elementor-widget elementor-widget-button\" data-id=\"244757b\" data-element_type=\"widget\" data-e-type=\"widget\" data-widget_type=\"button.default\">\n\t\t\t\t\t\t\t\t\t\t<a class=\"elementor-button elementor-button-link elementor-size-sm\" href=\"https:\/\/wa.me\/12269738588\">\n\t\t\t\t\t\t<span class=\"elementor-button-content-wrapper\">\n\t\t\t\t\t\t\t\t\t<span class=\"elementor-button-text\">Conversar no WhatsApp<\/span>\n\t\t\t\t\t<\/span>\n\t\t\t\t\t<\/a>\n\t\t\t\t\t\t\t\t<\/div>\n\t\t\t\t<\/div>\n\t\t\t\t\t<\/div>\n\t\t\t\t<\/div>\n\t\t<div class=\"elementor-element elementor-element-5de6e33 e-flex e-con-boxed e-con e-parent\" data-id=\"5de6e33\" data-element_type=\"container\" data-e-type=\"container\">\n\t\t\t\t\t<div class=\"e-con-inner\">\n\t\t\t\t<div class=\"elementor-element elementor-element-1501541 elementor-widget elementor-widget-text-editor\" data-id=\"1501541\" data-element_type=\"widget\" data-e-type=\"widget\" data-widget_type=\"text-editor.default\">\n\t\t\t\t\t\t\t\t\t<p><strong>As v\u00e1lvulas borboleta s\u00e3o amplamente utilizadas em sistemas industriais de controle de fluidos devido \u00e0 sua estrutura compacta, desempenho de veda\u00e7\u00e3o confi\u00e1vel e opera\u00e7\u00e3o econ\u00f4mica.<\/strong><\/p><p><strong>Na Sinovalvehub, somos especializados no fornecimento de v\u00e1lvulas borboleta de alta qualidade para ind\u00fastrias exigentes, como petr\u00f3leo e g\u00e1s, tratamento de \u00e1gua e processamento qu\u00edmico.<\/strong><\/p><p><strong>\u2714 Design robusto para longa vida \u00fatil<br>\u2714 Excelente desempenho de veda\u00e7\u00e3o<br>\u2714 Suporte para OEM e ODM dispon\u00edvel<br>\u2714 Entrega r\u00e1pida e confi\u00e1vel<\/strong><\/p><p><strong>Entre em contato conosco hoje para uma cota\u00e7\u00e3o personalizada ou suporte t\u00e9cnico.<\/strong><\/p>\t\t\t\t\t\t\t\t<\/div>\n\t\t\t\t\t<\/div>\n\t\t\t\t<\/div>\n\t\t<div class=\"elementor-element elementor-element-314e4ba e-flex e-con-boxed e-con e-parent\" data-id=\"314e4ba\" data-element_type=\"container\" data-e-type=\"container\">\n\t\t\t\t\t<div class=\"e-con-inner\">\n\t\t\t\t<div class=\"elementor-element elementor-element-112ddef elementor-widget elementor-widget-heading\" data-id=\"112ddef\" data-element_type=\"widget\" data-e-type=\"widget\" data-widget_type=\"heading.default\">\n\t\t\t\t\t<h2 class=\"elementor-heading-title elementor-size-default\">Explore nossas solu\u00e7\u00f5es de v\u00e1lvulas borboleta<\/h2>\t\t\t\t<\/div>\n\t\t\t\t<div class=\"elementor-element elementor-element-425244d elementor-widget elementor-widget-text-editor\" data-id=\"425244d\" data-element_type=\"widget\" data-e-type=\"widget\" data-widget_type=\"text-editor.default\">\n\t\t\t\t\t\t\t\t\t<p><strong>Oferecemos uma ampla variedade de v\u00e1lvulas borboleta para atender diferentes aplica\u00e7\u00f5es industriais e condi\u00e7\u00f5es de opera\u00e7\u00e3o.<\/strong><\/p>\t\t\t\t\t\t\t\t<\/div>\n\t\t\t\t\t<\/div>\n\t\t\t\t<\/div>\n\t\t<div class=\"elementor-element elementor-element-be9fc32 e-flex e-con-boxed e-con e-parent\" data-id=\"be9fc32\" data-element_type=\"container\" data-e-type=\"container\">\n\t\t\t\t\t<div class=\"e-con-inner\">\n\t\t\t\t<div class=\"elementor-element elementor-element-bfdb664 elementor-grid-5 elementor-grid-tablet-3 elementor-grid-mobile-2 elementor-products-grid elementor-wc-products elementor-widget elementor-widget-woocommerce-products\" data-id=\"bfdb664\" data-element_type=\"widget\" data-e-type=\"widget\" data-widget_type=\"woocommerce-products.default\">\n\t\t\t\t<div class=\"elementor-widget-container\">\n\t\t\t\t\t<div class=\"woocommerce columns-5 \"><ul class=\"products elementor-grid columns-5\">\n<li class=\"desktop-align-center tablet-align-left mobile-align-left product type-product post-2048 status-publish first instock product_cat-valvula-borboleta product_cat-valvula-borboleta-dupla-excentrica has-post-thumbnail shipping-taxable product-type-simple\">\n\t<a href=\"https:\/\/sinovalvehub.com\/pt-br\/produto\/valvula-borboleta-dupla-excentrica\/\" class=\"woocommerce-LoopProduct-link woocommerce-loop-product__link\"><img fetchpriority=\"high\" decoding=\"async\" width=\"250\" height=\"348\" src=\"https:\/\/sinovalvehub.com\/wp-content\/uploads\/2026\/02\/Double-eccentric-butterfly-valve2-250x348.png\" class=\"attachment-woocommerce_thumbnail size-woocommerce_thumbnail\" alt=\"V\u00e1lvula borboleta dupla exc\u00eantrica\" srcset=\"https:\/\/sinovalvehub.com\/wp-content\/uploads\/2026\/02\/Double-eccentric-butterfly-valve2-250x348.png 250w, https:\/\/sinovalvehub.com\/wp-content\/uploads\/2026\/02\/Double-eccentric-butterfly-valve2-64x89.png 64w, https:\/\/sinovalvehub.com\/wp-content\/uploads\/2026\/02\/Double-eccentric-butterfly-valve2-215x300.png 215w, https:\/\/sinovalvehub.com\/wp-content\/uploads\/2026\/02\/Double-eccentric-butterfly-valve2.png 280w\" sizes=\"(max-width: 250px) 100vw, 250px\" \/><h2 class=\"woocommerce-loop-product__title\">V\u00e1lvula borboleta dupla exc\u00eantrica<\/h2>\n<\/a><a href=\"https:\/\/sinovalvehub.com\/pt-br\/produto\/valvula-borboleta-dupla-excentrica\/\" aria-describedby=\"woocommerce_loop_add_to_cart_link_describedby_2048\" data-quantity=\"1\" class=\"button product_type_simple\" data-product_id=\"2048\" data-product_sku=\"\" aria-label=\"Leia mais sobre &ldquo;V\u00e1lvula borboleta dupla exc\u00eantrica&rdquo;\" rel=\"nofollow\" data-success_message=\"\">Leia mais<\/a>\t<span id=\"woocommerce_loop_add_to_cart_link_describedby_2048\" class=\"screen-reader-text\">\n\t\t\t<\/span>\n<\/li>\n<li class=\"desktop-align-center tablet-align-left mobile-align-left product type-product post-2080 status-publish instock product_cat-valvula-borboleta product_cat-valvula-borboleta-concentrica has-post-thumbnail shipping-taxable product-type-simple\">\n\t<a href=\"https:\/\/sinovalvehub.com\/pt-br\/produto\/valvula-borboleta-concentrica\/\" class=\"woocommerce-LoopProduct-link woocommerce-loop-product__link\"><img decoding=\"async\" width=\"250\" height=\"328\" src=\"https:\/\/sinovalvehub.com\/wp-content\/uploads\/2026\/02\/Concentric-butterfly-valve3-250x328.png\" class=\"attachment-woocommerce_thumbnail size-woocommerce_thumbnail\" alt=\"V\u00e1lvula borboleta conc\u00eantrica\" srcset=\"https:\/\/sinovalvehub.com\/wp-content\/uploads\/2026\/02\/Concentric-butterfly-valve3-250x328.png 250w, https:\/\/sinovalvehub.com\/wp-content\/uploads\/2026\/02\/Concentric-butterfly-valve3-64x84.png 64w, https:\/\/sinovalvehub.com\/wp-content\/uploads\/2026\/02\/Concentric-butterfly-valve3-229x300.png 229w, https:\/\/sinovalvehub.com\/wp-content\/uploads\/2026\/02\/Concentric-butterfly-valve3.png 290w\" sizes=\"(max-width: 250px) 100vw, 250px\" \/><h2 class=\"woocommerce-loop-product__title\">V\u00e1lvula borboleta conc\u00eantrica<\/h2>\n<\/a><a href=\"https:\/\/sinovalvehub.com\/pt-br\/produto\/valvula-borboleta-concentrica\/\" aria-describedby=\"woocommerce_loop_add_to_cart_link_describedby_2080\" data-quantity=\"1\" class=\"button product_type_simple\" data-product_id=\"2080\" data-product_sku=\"\" aria-label=\"Leia mais sobre &ldquo;V\u00e1lvula borboleta conc\u00eantrica&rdquo;\" rel=\"nofollow\" data-success_message=\"\">Leia mais<\/a>\t<span id=\"woocommerce_loop_add_to_cart_link_describedby_2080\" class=\"screen-reader-text\">\n\t\t\t<\/span>\n<\/li>\n<li class=\"desktop-align-center tablet-align-left mobile-align-left product type-product post-2076 status-publish instock product_cat-valvula-borboleta product_cat-valvula-borboleta-triplo-excentrica has-post-thumbnail shipping-taxable product-type-simple\">\n\t<a href=\"https:\/\/sinovalvehub.com\/pt-br\/produto\/valvula-borboleta-de-tripla-excentricidade\/\" class=\"woocommerce-LoopProduct-link woocommerce-loop-product__link\"><img decoding=\"async\" width=\"250\" height=\"328\" src=\"https:\/\/sinovalvehub.com\/wp-content\/uploads\/2026\/02\/three-eccentric-butterfly-valve-250x328.png\" class=\"attachment-woocommerce_thumbnail size-woocommerce_thumbnail\" alt=\"V\u00e1lvula borboleta triplo exc\u00eantrica\" srcset=\"https:\/\/sinovalvehub.com\/wp-content\/uploads\/2026\/02\/three-eccentric-butterfly-valve-250x328.png 250w, https:\/\/sinovalvehub.com\/wp-content\/uploads\/2026\/02\/three-eccentric-butterfly-valve-64x84.png 64w, https:\/\/sinovalvehub.com\/wp-content\/uploads\/2026\/02\/three-eccentric-butterfly-valve-229x300.png 229w, https:\/\/sinovalvehub.com\/wp-content\/uploads\/2026\/02\/three-eccentric-butterfly-valve.png 290w\" sizes=\"(max-width: 250px) 100vw, 250px\" \/><h2 class=\"woocommerce-loop-product__title\">V\u00e1lvula borboleta de tripla excentricidade<\/h2>\n<\/a><a href=\"https:\/\/sinovalvehub.com\/pt-br\/produto\/valvula-borboleta-de-tripla-excentricidade\/\" aria-describedby=\"woocommerce_loop_add_to_cart_link_describedby_2076\" data-quantity=\"1\" class=\"button product_type_simple\" data-product_id=\"2076\" data-product_sku=\"\" aria-label=\"Leia mais sobre &ldquo;V\u00e1lvula borboleta de tripla excentricidade&rdquo;\" rel=\"nofollow\" data-success_message=\"\">Leia mais<\/a>\t<span id=\"woocommerce_loop_add_to_cart_link_describedby_2076\" class=\"screen-reader-text\">\n\t\t\t<\/span>\n<\/li>\n<li class=\"desktop-align-center tablet-align-left mobile-align-left product type-product post-2073 status-publish instock product_cat-valvula-borboleta product_cat-valvula-borboleta-de-vedacao-macia-dupla-excentrica-awwa has-post-thumbnail shipping-taxable product-type-simple\">\n\t<a href=\"https:\/\/sinovalvehub.com\/pt-br\/produto\/valvula-borboleta-de-dupla-excentricidade-com-vedacao-macia-awwa\/\" class=\"woocommerce-LoopProduct-link woocommerce-loop-product__link\"><img loading=\"lazy\" decoding=\"async\" width=\"250\" height=\"328\" src=\"https:\/\/sinovalvehub.com\/wp-content\/uploads\/2026\/02\/AWWA-double-eccentric-soft-seal-butterfly-valve-250x328.png\" class=\"attachment-woocommerce_thumbnail size-woocommerce_thumbnail\" alt=\"V\u00e1lvula borboleta de veda\u00e7\u00e3o macia dupla exc\u00eantrica AWWA\" srcset=\"https:\/\/sinovalvehub.com\/wp-content\/uploads\/2026\/02\/AWWA-double-eccentric-soft-seal-butterfly-valve-250x328.png 250w, https:\/\/sinovalvehub.com\/wp-content\/uploads\/2026\/02\/AWWA-double-eccentric-soft-seal-butterfly-valve-64x84.png 64w, https:\/\/sinovalvehub.com\/wp-content\/uploads\/2026\/02\/AWWA-double-eccentric-soft-seal-butterfly-valve-229x300.png 229w, https:\/\/sinovalvehub.com\/wp-content\/uploads\/2026\/02\/AWWA-double-eccentric-soft-seal-butterfly-valve.png 290w\" sizes=\"(max-width: 250px) 100vw, 250px\" \/><h2 class=\"woocommerce-loop-product__title\">V\u00e1lvula borboleta de dupla excentricidade com veda\u00e7\u00e3o macia (AWWA)<\/h2>\n<\/a><a href=\"https:\/\/sinovalvehub.com\/pt-br\/produto\/valvula-borboleta-de-dupla-excentricidade-com-vedacao-macia-awwa\/\" aria-describedby=\"woocommerce_loop_add_to_cart_link_describedby_2073\" data-quantity=\"1\" class=\"button product_type_simple\" data-product_id=\"2073\" data-product_sku=\"\" aria-label=\"Leia mais sobre &ldquo;V\u00e1lvula borboleta de dupla excentricidade com veda\u00e7\u00e3o macia (AWWA)&rdquo;\" rel=\"nofollow\" data-success_message=\"\">Leia mais<\/a>\t<span id=\"woocommerce_loop_add_to_cart_link_describedby_2073\" class=\"screen-reader-text\">\n\t\t\t<\/span>\n<\/li>\n<li class=\"desktop-align-center tablet-align-left mobile-align-left product type-product post-2815 status-publish last instock product_cat-valvula-borboleta product_cat-valvula-de-mariposa-plastica-revestida-para-lineas-de-servicio-medio has-post-thumbnail shipping-taxable product-type-simple\">\n\t<a href=\"https:\/\/sinovalvehub.com\/pt-br\/produto\/valvula-borboleta-revestida-de-plastico-para-linha-media\/\" class=\"woocommerce-LoopProduct-link woocommerce-loop-product__link\"><img loading=\"lazy\" decoding=\"async\" width=\"250\" height=\"326\" src=\"https:\/\/sinovalvehub.com\/wp-content\/uploads\/2026\/02\/medium-line-lined-plastic-butterfly-valve-1-250x326.png\" class=\"attachment-woocommerce_thumbnail size-woocommerce_thumbnail\" alt=\"v\u00e1lvula borboleta revestida em pl\u00e1stico de linha m\u00e9dia\" srcset=\"https:\/\/sinovalvehub.com\/wp-content\/uploads\/2026\/02\/medium-line-lined-plastic-butterfly-valve-1-250x326.png 250w, https:\/\/sinovalvehub.com\/wp-content\/uploads\/2026\/02\/medium-line-lined-plastic-butterfly-valve-1-64x84.png 64w, https:\/\/sinovalvehub.com\/wp-content\/uploads\/2026\/02\/medium-line-lined-plastic-butterfly-valve-1-230x300.png 230w, https:\/\/sinovalvehub.com\/wp-content\/uploads\/2026\/02\/medium-line-lined-plastic-butterfly-valve-1.png 291w\" sizes=\"(max-width: 250px) 100vw, 250px\" \/><h2 class=\"woocommerce-loop-product__title\">V\u00e1lvula borboleta revestida de pl\u00e1stico para linha m\u00e9dia<\/h2>\n<\/a><a href=\"https:\/\/sinovalvehub.com\/pt-br\/produto\/valvula-borboleta-revestida-de-plastico-para-linha-media\/\" aria-describedby=\"woocommerce_loop_add_to_cart_link_describedby_2815\" data-quantity=\"1\" class=\"button product_type_simple\" data-product_id=\"2815\" data-product_sku=\"\" aria-label=\"Leia mais sobre &ldquo;V\u00e1lvula borboleta revestida de pl\u00e1stico para linha m\u00e9dia&rdquo;\" rel=\"nofollow\" data-success_message=\"\">Leia mais<\/a>\t<span id=\"woocommerce_loop_add_to_cart_link_describedby_2815\" class=\"screen-reader-text\">\n\t\t\t<\/span>\n<\/li>\n<\/ul>\n<\/div>\t\t\t\t<\/div>\n\t\t\t\t<\/div>\n\t\t\t\t\t<\/div>\n\t\t\t\t<\/div>\n\t\t<div class=\"elementor-element elementor-element-6926c2d e-flex e-con-boxed e-con e-parent\" data-id=\"6926c2d\" data-element_type=\"container\" data-e-type=\"container\">\n\t\t\t\t\t<div class=\"e-con-inner\">\n\t\t\t\t<div class=\"elementor-element elementor-element-f30abff elementor-widget elementor-widget-heading\" data-id=\"f30abff\" data-element_type=\"widget\" data-e-type=\"widget\" data-widget_type=\"heading.default\">\n\t\t\t\t\t<h2 class=\"elementor-heading-title elementor-size-default\">Por que nos escolher?<\/h2>\t\t\t\t<\/div>\n\t\t\t\t<div class=\"elementor-element elementor-element-0125b39 elementor-widget elementor-widget-text-editor\" data-id=\"0125b39\" data-element_type=\"widget\" data-e-type=\"widget\" data-widget_type=\"text-editor.default\">\n\t\t\t\t\t\t\t\t\t<p>\u2714 Mais de 10 anos de experi\u00eancia na exporta\u00e7\u00e3o de v\u00e1lvulas industriais<br>\u2714 Rigoroso controle de qualidade antes do envio<br>\u2714 Suporte para OEM e ODM para a sua marca<br>\u2714 Entrega r\u00e1pida e log\u00edstica internacional confi\u00e1vel<br>\u2714 Comunica\u00e7\u00e3o \u00e1gil e suporte t\u00e9cnico profissional<\/p>\t\t\t\t\t\t\t\t<\/div>\n\t\t\t\t\t<\/div>\n\t\t\t\t<\/div>\n\t\t\t\t<\/div>\n\t\t","protected":false},"excerpt":{"rendered":"<p>Fornecedor chin\u00eas de v\u00e1lvulas borboleta industriais High-performance butterfly valves for water treatment, oil and gas, and chemical industries. Suporte para [&hellip;]<\/p>\n","protected":false},"author":1,"featured_media":0,"parent":2123,"menu_order":0,"comment_status":"closed","ping_status":"closed","template":"","meta":{"site-sidebar-layout":"no-sidebar","site-content-layout":"","ast-site-content-layout":"full-width-container","site-content-style":"default","site-sidebar-style":"default","ast-global-header-display":"","ast-banner-title-visibility":"","ast-main-header-display":"","ast-hfb-above-header-display":"","ast-hfb-below-header-display":"","ast-hfb-mobile-header-display":"","site-post-title":"","ast-breadcrumbs-content":"","ast-featured-img":"disabled","footer-sml-layout":"","ast-disable-related-posts":"","theme-transparent-header-meta":"","adv-header-id-meta":"","stick-header-meta":"","header-above-stick-meta":"","header-main-stick-meta":"","header-below-stick-meta":"","astra-migrate-meta-layouts":"default","ast-page-background-enabled":"default","ast-page-background-meta":{"desktop":{"background-color":"var(--ast-global-color-5)","background-image":"","background-repeat":"repeat","background-position":"center center","background-size":"auto","background-attachment":"scroll","background-type":"","background-media":"","overlay-type":"","overlay-color":"","overlay-opacity":"","overlay-gradient":""},"tablet":{"background-color":"","background-image":"","background-repeat":"repeat","background-position":"center center","background-size":"auto","background-attachment":"scroll","background-type":"","background-media":"","overlay-type":"","overlay-color":"","overlay-opacity":"","overlay-gradient":""},"mobile":{"background-color":"","background-image":"","background-repeat":"repeat","background-position":"center center","background-size":"auto","background-attachment":"scroll","background-type":"","background-media":"","overlay-type":"","overlay-color":"","overlay-opacity":"","overlay-gradient":""}},"ast-content-background-meta":{"desktop":{"background-color":"var(--ast-global-color-4)","background-image":"","background-repeat":"repeat","background-position":"center center","background-size":"auto","background-attachment":"scroll","background-type":"","background-media":"","overlay-type":"","overlay-color":"","overlay-opacity":"","overlay-gradient":""},"tablet":{"background-color":"var(--ast-global-color-4)","background-image":"","background-repeat":"repeat","background-position":"center center","background-size":"auto","background-attachment":"scroll","background-type":"","background-media":"","overlay-type":"","overlay-color":"","overlay-opacity":"","overlay-gradient":""},"mobile":{"background-color":"var(--ast-global-color-4)","background-image":"","background-repeat":"repeat","background-position":"center center","background-size":"auto","background-attachment":"scroll","background-type":"","background-media":"","overlay-type":"","overlay-color":"","overlay-opacity":"","overlay-gradient":""}},"footnotes":""},"class_list":["post-2969","page","type-page","status-publish","hentry"],"aioseo_notices":[],"jetpack_sharing_enabled":true,"rttpg_featured_image_url":null,"rttpg_author":{"display_name":"chenzhaolawyer@gmail.com","author_link":"https:\/\/sinovalvehub.com\/pt-br\/author\/chenzhaolawyergmail-com\/"},"rttpg_comment":0,"rttpg_category":" <a href=\"https:\/\/sinovalvehub.com\/pt-br\/?taxonomy=translation_priority&#038;term=opcional-pt-br\" rel=\"tag\">Opcional<\/a>","rttpg_excerpt":"Fornecedor chin\u00eas de v\u00e1lvulas borboleta industriais High-performance butterfly valves for water treatment, oil and gas, and chemical industries. Suporte para [&hellip;]","_links":{"self":[{"href":"https:\/\/sinovalvehub.com\/pt-br\/wp-json\/wp\/v2\/pages\/2969","targetHints":{"allow":["GET"]}}],"collection":[{"href":"https:\/\/sinovalvehub.com\/pt-br\/wp-json\/wp\/v2\/pages"}],"about":[{"href":"https:\/\/sinovalvehub.com\/pt-br\/wp-json\/wp\/v2\/types\/page"}],"author":[{"embeddable":true,"href":"https:\/\/sinovalvehub.com\/pt-br\/wp-json\/wp\/v2\/users\/1"}],"replies":[{"embeddable":true,"href":"https:\/\/sinovalvehub.com\/pt-br\/wp-json\/wp\/v2\/comments?post=2969"}],"version-history":[{"count":5,"href":"https:\/\/sinovalvehub.com\/pt-br\/wp-json\/wp\/v2\/pages\/2969\/revisions"}],"predecessor-version":[{"id":3044,"href":"https:\/\/sinovalvehub.com\/pt-br\/wp-json\/wp\/v2\/pages\/2969\/revisions\/3044"}],"up":[{"embeddable":true,"href":"https:\/\/sinovalvehub.com\/pt-br\/wp-json\/wp\/v2\/pages\/2123"}],"wp:attachment":[{"href":"https:\/\/sinovalvehub.com\/pt-br\/wp-json\/wp\/v2\/media?parent=2969"}],"curies":[{"name":"wp","href":"https:\/\/api.w.org\/{rel}","templated":true}]}}