{"id":2965,"date":"2026-03-28T01:16:24","date_gmt":"2026-03-28T01:16:24","guid":{"rendered":"https:\/\/sinovalvehub.com\/produtos-2\/valvula-gaveta\/"},"modified":"2026-03-31T13:53:28","modified_gmt":"2026-03-31T13:53:28","slug":"valvula-gaveta","status":"publish","type":"page","link":"https:\/\/sinovalvehub.com\/pt-br\/produtos-2\/valvula-gaveta\/","title":{"rendered":"V\u00e1lvula gaveta"},"content":{"rendered":"\t\t<div data-elementor-type=\"wp-page\" data-elementor-id=\"2965\" class=\"elementor elementor-2965 elementor-2906\" data-elementor-post-type=\"page\">\n\t\t\t\t<div class=\"elementor-element elementor-element-15090dd e-flex e-con-boxed e-con e-parent\" data-id=\"15090dd\" data-element_type=\"container\" data-e-type=\"container\">\n\t\t\t\t\t<div class=\"e-con-inner\">\n\t\t\t\t<div class=\"elementor-element elementor-element-7f6c1a0 elementor-widget elementor-widget-heading\" data-id=\"7f6c1a0\" data-element_type=\"widget\" data-e-type=\"widget\" data-widget_type=\"heading.default\">\n\t\t\t\t\t<h2 class=\"elementor-heading-title elementor-size-default\">Fornecedor chin\u00eas de v\u00e1lvulas gaveta industriais<\/h2>\t\t\t\t<\/div>\n\t\t\t\t<div class=\"elementor-element elementor-element-dff3e15 elementor-widget elementor-widget-text-editor\" data-id=\"dff3e15\" data-element_type=\"widget\" data-e-type=\"widget\" data-widget_type=\"text-editor.default\">\n\t\t\t\t\t\t\t\t\t<p><strong>V\u00e1lvulas gaveta de alto desempenho para tratamento de \u00e1gua, petr\u00f3leo e g\u00e1s e ind\u00fastrias qu\u00edmicas. Suporte para OEM e ODM dispon\u00edvel.<\/strong><\/p>\t\t\t\t\t\t\t\t<\/div>\n\t\t<div class=\"elementor-element elementor-element-9568146 e-con-full e-flex e-con e-child\" data-id=\"9568146\" data-element_type=\"container\" data-e-type=\"container\">\n\t\t\t\t<div class=\"elementor-element elementor-element-267894f elementor-widget elementor-widget-button\" data-id=\"267894f\" data-element_type=\"widget\" data-e-type=\"widget\" data-widget_type=\"button.default\">\n\t\t\t\t\t\t\t\t\t\t<a class=\"elementor-button elementor-button-link elementor-size-sm\" href=\"#\">\n\t\t\t\t\t\t<span class=\"elementor-button-content-wrapper\">\n\t\t\t\t\t\t\t\t\t<span class=\"elementor-button-text\">Solicite um or\u00e7amento agora<\/span>\n\t\t\t\t\t<\/span>\n\t\t\t\t\t<\/a>\n\t\t\t\t\t\t\t\t<\/div>\n\t\t\t\t<div class=\"elementor-element elementor-element-244757b elementor-widget elementor-widget-button\" data-id=\"244757b\" data-element_type=\"widget\" data-e-type=\"widget\" data-widget_type=\"button.default\">\n\t\t\t\t\t\t\t\t\t\t<a class=\"elementor-button elementor-button-link elementor-size-sm\" href=\"https:\/\/wa.me\/12269738588\">\n\t\t\t\t\t\t<span class=\"elementor-button-content-wrapper\">\n\t\t\t\t\t\t\t\t\t<span class=\"elementor-button-text\">Conversar no WhatsApp<\/span>\n\t\t\t\t\t<\/span>\n\t\t\t\t\t<\/a>\n\t\t\t\t\t\t\t\t<\/div>\n\t\t\t\t<\/div>\n\t\t\t\t\t<\/div>\n\t\t\t\t<\/div>\n\t\t<div class=\"elementor-element elementor-element-5de6e33 e-flex e-con-boxed e-con e-parent\" data-id=\"5de6e33\" data-element_type=\"container\" data-e-type=\"container\">\n\t\t\t\t\t<div class=\"e-con-inner\">\n\t\t\t\t<div class=\"elementor-element elementor-element-1501541 elementor-widget elementor-widget-text-editor\" data-id=\"1501541\" data-element_type=\"widget\" data-e-type=\"widget\" data-widget_type=\"text-editor.default\">\n\t\t\t\t\t\t\t\t\t<p>As v\u00e1lvulas gaveta s\u00e3o amplamente utilizadas em sistemas industriais de controle de fluidos devido ao seu excelente desempenho de veda\u00e7\u00e3o, baixa perda de press\u00e3o e adequa\u00e7\u00e3o para aplica\u00e7\u00f5es de abertura total ou fechamento total.<\/p><p><strong>Na Sinovalvehub, fornecemos v\u00e1lvulas gaveta de alta qualidade projetadas para ind\u00fastrias exigentes, como petr\u00f3leo e g\u00e1s, tratamento de \u00e1gua e processamento qu\u00edmico.<\/strong><\/p><p><strong>\u2714 Design robusto para longa vida \u00fatil<br>\u2714 Excelente desempenho de veda\u00e7\u00e3o<br>\u2714 Suporte para OEM e ODM dispon\u00edvel<br>\u2714 Entrega r\u00e1pida e confi\u00e1vel<\/strong><\/p><p><strong>Entre em contato conosco hoje para uma cota\u00e7\u00e3o personalizada ou suporte t\u00e9cnico.<\/strong><\/p>\t\t\t\t\t\t\t\t<\/div>\n\t\t\t\t\t<\/div>\n\t\t\t\t<\/div>\n\t\t<div class=\"elementor-element elementor-element-314e4ba e-flex e-con-boxed e-con e-parent\" data-id=\"314e4ba\" data-element_type=\"container\" data-e-type=\"container\">\n\t\t\t\t\t<div class=\"e-con-inner\">\n\t\t\t\t<div class=\"elementor-element elementor-element-112ddef elementor-widget elementor-widget-heading\" data-id=\"112ddef\" data-element_type=\"widget\" data-e-type=\"widget\" data-widget_type=\"heading.default\">\n\t\t\t\t\t<h2 class=\"elementor-heading-title elementor-size-default\">Explore nossas solu\u00e7\u00f5es de v\u00e1lvulas gaveta industriais<\/h2>\t\t\t\t<\/div>\n\t\t\t\t<div class=\"elementor-element elementor-element-425244d elementor-widget elementor-widget-text-editor\" data-id=\"425244d\" data-element_type=\"widget\" data-e-type=\"widget\" data-widget_type=\"text-editor.default\">\n\t\t\t\t\t\t\t\t\t<p><strong>Oferecemos uma ampla variedade de v\u00e1lvulas gaveta para atender diferentes aplica\u00e7\u00f5es industriais e condi\u00e7\u00f5es de opera\u00e7\u00e3o.<\/strong><\/p>\t\t\t\t\t\t\t\t<\/div>\n\t\t\t\t\t<\/div>\n\t\t\t\t<\/div>\n\t\t<div class=\"elementor-element elementor-element-be9fc32 e-flex e-con-boxed e-con e-parent\" data-id=\"be9fc32\" data-element_type=\"container\" data-e-type=\"container\">\n\t\t\t\t\t<div class=\"e-con-inner\">\n\t\t\t\t<div class=\"elementor-element elementor-element-e8d7fdd elementor-grid-3 elementor-product-loop-item--align-center elementor-grid-tablet-3 elementor-grid-mobile-2 elementor-products-grid elementor-wc-products elementor-widget elementor-widget-woocommerce-products\" data-id=\"e8d7fdd\" data-element_type=\"widget\" data-e-type=\"widget\" data-widget_type=\"woocommerce-products.default\">\n\t\t\t\t<div class=\"elementor-widget-container\">\n\t\t\t\t\t<div class=\"woocommerce columns-3 \"><ul class=\"products elementor-grid columns-3\">\n<li class=\"desktop-align-center tablet-align-left mobile-align-left product type-product post-2069 status-publish first instock product_cat-valvula-gaveta product_cat-valvula-gaveta-de-vedacao-resiliente has-post-thumbnail shipping-taxable product-type-simple\">\n\t<a href=\"https:\/\/sinovalvehub.com\/pt-br\/produto\/valvula-gaveta-de-vedacao-resiliente\/\" class=\"woocommerce-LoopProduct-link woocommerce-loop-product__link\"><img fetchpriority=\"high\" decoding=\"async\" width=\"250\" height=\"330\" src=\"https:\/\/sinovalvehub.com\/wp-content\/uploads\/2026\/02\/Soft-seal-gate-valve1-250x330.png\" class=\"attachment-woocommerce_thumbnail size-woocommerce_thumbnail\" alt=\"V\u00e1lvula gaveta de veda\u00e7\u00e3o resiliente\" srcset=\"https:\/\/sinovalvehub.com\/wp-content\/uploads\/2026\/02\/Soft-seal-gate-valve1-250x330.png 250w, https:\/\/sinovalvehub.com\/wp-content\/uploads\/2026\/02\/Soft-seal-gate-valve1-64x84.png 64w, https:\/\/sinovalvehub.com\/wp-content\/uploads\/2026\/02\/Soft-seal-gate-valve1-228x300.png 228w, https:\/\/sinovalvehub.com\/wp-content\/uploads\/2026\/02\/Soft-seal-gate-valve1.png 289w\" sizes=\"(max-width: 250px) 100vw, 250px\" \/><h2 class=\"woocommerce-loop-product__title\">V\u00e1lvula gaveta de veda\u00e7\u00e3o resiliente<\/h2>\n<\/a><a href=\"https:\/\/sinovalvehub.com\/pt-br\/produto\/valvula-gaveta-de-vedacao-resiliente\/\" aria-describedby=\"woocommerce_loop_add_to_cart_link_describedby_2069\" data-quantity=\"1\" class=\"button product_type_simple\" data-product_id=\"2069\" data-product_sku=\"\" aria-label=\"Leia mais sobre &ldquo;V\u00e1lvula gaveta de veda\u00e7\u00e3o resiliente&rdquo;\" rel=\"nofollow\" data-success_message=\"\">Leia mais<\/a>\t<span id=\"woocommerce_loop_add_to_cart_link_describedby_2069\" class=\"screen-reader-text\">\n\t\t\t<\/span>\n<\/li>\n<li class=\"desktop-align-center tablet-align-left mobile-align-left product type-product post-2066 status-publish instock product_cat-valvula-gaveta product_cat-valvula-gaveta-de-vedacao-metalica has-post-thumbnail shipping-taxable product-type-simple\">\n\t<a href=\"https:\/\/sinovalvehub.com\/pt-br\/produto\/valvula-gaveta-de-vedacao-dura\/\" class=\"woocommerce-LoopProduct-link woocommerce-loop-product__link\"><img decoding=\"async\" width=\"250\" height=\"328\" src=\"https:\/\/sinovalvehub.com\/wp-content\/uploads\/2026\/02\/Hard-seal-gate-valve2-250x328.png\" class=\"attachment-woocommerce_thumbnail size-woocommerce_thumbnail\" alt=\"V\u00e1lvula gaveta de veda\u00e7\u00e3o dura\" srcset=\"https:\/\/sinovalvehub.com\/wp-content\/uploads\/2026\/02\/Hard-seal-gate-valve2-250x328.png 250w, https:\/\/sinovalvehub.com\/wp-content\/uploads\/2026\/02\/Hard-seal-gate-valve2-64x84.png 64w, https:\/\/sinovalvehub.com\/wp-content\/uploads\/2026\/02\/Hard-seal-gate-valve2-229x300.png 229w, https:\/\/sinovalvehub.com\/wp-content\/uploads\/2026\/02\/Hard-seal-gate-valve2.png 290w\" sizes=\"(max-width: 250px) 100vw, 250px\" \/><h2 class=\"woocommerce-loop-product__title\">V\u00e1lvula gaveta de veda\u00e7\u00e3o dura<\/h2>\n<\/a><a href=\"https:\/\/sinovalvehub.com\/pt-br\/produto\/valvula-gaveta-de-vedacao-dura\/\" aria-describedby=\"woocommerce_loop_add_to_cart_link_describedby_2066\" data-quantity=\"1\" class=\"button product_type_simple\" data-product_id=\"2066\" data-product_sku=\"\" aria-label=\"Leia mais sobre &ldquo;V\u00e1lvula gaveta de veda\u00e7\u00e3o dura&rdquo;\" rel=\"nofollow\" data-success_message=\"\">Leia mais<\/a>\t<span id=\"woocommerce_loop_add_to_cart_link_describedby_2066\" class=\"screen-reader-text\">\n\t\t\t<\/span>\n<\/li>\n<li class=\"desktop-align-center tablet-align-left mobile-align-left product type-product post-2062 status-publish last instock product_cat-valvula-gaveta product_cat-valvula-guilhotina has-post-thumbnail shipping-taxable product-type-simple\">\n\t<a href=\"https:\/\/sinovalvehub.com\/pt-br\/produto\/valvula-guilhotina\/\" class=\"woocommerce-LoopProduct-link woocommerce-loop-product__link\"><img decoding=\"async\" width=\"250\" height=\"328\" src=\"https:\/\/sinovalvehub.com\/wp-content\/uploads\/2026\/02\/Knife-gate-valve2-250x328.png\" class=\"attachment-woocommerce_thumbnail size-woocommerce_thumbnail\" alt=\"V\u00e1lvula guilhotina\" srcset=\"https:\/\/sinovalvehub.com\/wp-content\/uploads\/2026\/02\/Knife-gate-valve2-250x328.png 250w, https:\/\/sinovalvehub.com\/wp-content\/uploads\/2026\/02\/Knife-gate-valve2-64x84.png 64w, https:\/\/sinovalvehub.com\/wp-content\/uploads\/2026\/02\/Knife-gate-valve2-228x300.png 228w, https:\/\/sinovalvehub.com\/wp-content\/uploads\/2026\/02\/Knife-gate-valve2.png 290w\" sizes=\"(max-width: 250px) 100vw, 250px\" \/><h2 class=\"woocommerce-loop-product__title\">V\u00e1lvula guilhotina<\/h2>\n<\/a><a href=\"https:\/\/sinovalvehub.com\/pt-br\/produto\/valvula-guilhotina\/\" aria-describedby=\"woocommerce_loop_add_to_cart_link_describedby_2062\" data-quantity=\"1\" class=\"button product_type_simple\" data-product_id=\"2062\" data-product_sku=\"\" aria-label=\"Leia mais sobre &ldquo;V\u00e1lvula guilhotina&rdquo;\" rel=\"nofollow\" data-success_message=\"\">Leia mais<\/a>\t<span id=\"woocommerce_loop_add_to_cart_link_describedby_2062\" class=\"screen-reader-text\">\n\t\t\t<\/span>\n<\/li>\n<\/ul>\n<\/div>\t\t\t\t<\/div>\n\t\t\t\t<\/div>\n\t\t\t\t\t<\/div>\n\t\t\t\t<\/div>\n\t\t<div class=\"elementor-element elementor-element-6926c2d e-flex e-con-boxed e-con e-parent\" data-id=\"6926c2d\" data-element_type=\"container\" data-e-type=\"container\">\n\t\t\t\t\t<div class=\"e-con-inner\">\n\t\t\t\t<div class=\"elementor-element elementor-element-f30abff elementor-widget elementor-widget-heading\" data-id=\"f30abff\" data-element_type=\"widget\" data-e-type=\"widget\" data-widget_type=\"heading.default\">\n\t\t\t\t\t<h2 class=\"elementor-heading-title elementor-size-default\">Por que nos escolher?<\/h2>\t\t\t\t<\/div>\n\t\t\t\t<div class=\"elementor-element elementor-element-0125b39 elementor-widget elementor-widget-text-editor\" data-id=\"0125b39\" data-element_type=\"widget\" data-e-type=\"widget\" data-widget_type=\"text-editor.default\">\n\t\t\t\t\t\t\t\t\t<p>\u2714 Mais de 10 anos de experi\u00eancia na exporta\u00e7\u00e3o de v\u00e1lvulas industriais<br>\u2714 Rigoroso controle de qualidade antes do envio<br>\u2714 Suporte para OEM e ODM para a sua marca<br>\u2714 Entrega r\u00e1pida e log\u00edstica internacional confi\u00e1vel<br>\u2714 Comunica\u00e7\u00e3o \u00e1gil e suporte t\u00e9cnico profissional<\/p>\t\t\t\t\t\t\t\t<\/div>\n\t\t\t\t\t<\/div>\n\t\t\t\t<\/div>\n\t\t\t\t<\/div>\n\t\t","protected":false},"excerpt":{"rendered":"<p>Fornecedor chin\u00eas de v\u00e1lvulas gaveta industriais V\u00e1lvulas gaveta de alto desempenho para tratamento de \u00e1gua, petr\u00f3leo e g\u00e1s e ind\u00fastrias [&hellip;]<\/p>\n","protected":false},"author":1,"featured_media":0,"parent":2123,"menu_order":0,"comment_status":"closed","ping_status":"closed","template":"","meta":{"site-sidebar-layout":"no-sidebar","site-content-layout":"","ast-site-content-layout":"full-width-container","site-content-style":"default","site-sidebar-style":"default","ast-global-header-display":"","ast-banner-title-visibility":"","ast-main-header-display":"","ast-hfb-above-header-display":"","ast-hfb-below-header-display":"","ast-hfb-mobile-header-display":"","site-post-title":"","ast-breadcrumbs-content":"","ast-featured-img":"disabled","footer-sml-layout":"","ast-disable-related-posts":"","theme-transparent-header-meta":"","adv-header-id-meta":"","stick-header-meta":"","header-above-stick-meta":"","header-main-stick-meta":"","header-below-stick-meta":"","astra-migrate-meta-layouts":"default","ast-page-background-enabled":"default","ast-page-background-meta":{"desktop":{"background-color":"var(--ast-global-color-5)","background-image":"","background-repeat":"repeat","background-position":"center center","background-size":"auto","background-attachment":"scroll","background-type":"","background-media":"","overlay-type":"","overlay-color":"","overlay-opacity":"","overlay-gradient":""},"tablet":{"background-color":"","background-image":"","background-repeat":"repeat","background-position":"center center","background-size":"auto","background-attachment":"scroll","background-type":"","background-media":"","overlay-type":"","overlay-color":"","overlay-opacity":"","overlay-gradient":""},"mobile":{"background-color":"","background-image":"","background-repeat":"repeat","background-position":"center center","background-size":"auto","background-attachment":"scroll","background-type":"","background-media":"","overlay-type":"","overlay-color":"","overlay-opacity":"","overlay-gradient":""}},"ast-content-background-meta":{"desktop":{"background-color":"var(--ast-global-color-4)","background-image":"","background-repeat":"repeat","background-position":"center center","background-size":"auto","background-attachment":"scroll","background-type":"","background-media":"","overlay-type":"","overlay-color":"","overlay-opacity":"","overlay-gradient":""},"tablet":{"background-color":"var(--ast-global-color-4)","background-image":"","background-repeat":"repeat","background-position":"center center","background-size":"auto","background-attachment":"scroll","background-type":"","background-media":"","overlay-type":"","overlay-color":"","overlay-opacity":"","overlay-gradient":""},"mobile":{"background-color":"var(--ast-global-color-4)","background-image":"","background-repeat":"repeat","background-position":"center center","background-size":"auto","background-attachment":"scroll","background-type":"","background-media":"","overlay-type":"","overlay-color":"","overlay-opacity":"","overlay-gradient":""}},"footnotes":""},"class_list":["post-2965","page","type-page","status-publish","hentry"],"aioseo_notices":[],"jetpack_sharing_enabled":true,"rttpg_featured_image_url":null,"rttpg_author":{"display_name":"chenzhaolawyer@gmail.com","author_link":"https:\/\/sinovalvehub.com\/pt-br\/author\/chenzhaolawyergmail-com\/"},"rttpg_comment":0,"rttpg_category":" <a href=\"https:\/\/sinovalvehub.com\/pt-br\/?taxonomy=translation_priority&#038;term=opcional-pt-br\" rel=\"tag\">Opcional<\/a>","rttpg_excerpt":"Fornecedor chin\u00eas de v\u00e1lvulas gaveta industriais V\u00e1lvulas gaveta de alto desempenho para tratamento de \u00e1gua, petr\u00f3leo e g\u00e1s e ind\u00fastrias [&hellip;]","_links":{"self":[{"href":"https:\/\/sinovalvehub.com\/pt-br\/wp-json\/wp\/v2\/pages\/2965","targetHints":{"allow":["GET"]}}],"collection":[{"href":"https:\/\/sinovalvehub.com\/pt-br\/wp-json\/wp\/v2\/pages"}],"about":[{"href":"https:\/\/sinovalvehub.com\/pt-br\/wp-json\/wp\/v2\/types\/page"}],"author":[{"embeddable":true,"href":"https:\/\/sinovalvehub.com\/pt-br\/wp-json\/wp\/v2\/users\/1"}],"replies":[{"embeddable":true,"href":"https:\/\/sinovalvehub.com\/pt-br\/wp-json\/wp\/v2\/comments?post=2965"}],"version-history":[{"count":1,"href":"https:\/\/sinovalvehub.com\/pt-br\/wp-json\/wp\/v2\/pages\/2965\/revisions"}],"predecessor-version":[{"id":2966,"href":"https:\/\/sinovalvehub.com\/pt-br\/wp-json\/wp\/v2\/pages\/2965\/revisions\/2966"}],"up":[{"embeddable":true,"href":"https:\/\/sinovalvehub.com\/pt-br\/wp-json\/wp\/v2\/pages\/2123"}],"wp:attachment":[{"href":"https:\/\/sinovalvehub.com\/pt-br\/wp-json\/wp\/v2\/media?parent=2965"}],"curies":[{"name":"wp","href":"https:\/\/api.w.org\/{rel}","templated":true}]}}