{"id":2031,"date":"2026-02-21T00:29:47","date_gmt":"2026-02-21T00:29:47","guid":{"rendered":"https:\/\/sinovalvehub.com\/product\/valvula-de-retencion-revestida-de-fluoropolimero\/"},"modified":"2026-03-28T12:57:48","modified_gmt":"2026-03-28T12:57:48","slug":"valvula-de-retencion-revestida-de-fluoropolimero","status":"publish","type":"product","link":"https:\/\/sinovalvehub.com\/es\/producto\/valvula-de-retencion-revestida-de-fluoropolimero\/","title":{"rendered":"V\u00e1lvula de retenci\u00f3n revestida de fluoropol\u00edmero"},"content":{"rendered":"<p class=\"tgt color_text_0 un-step-trans\" data-section=\"0\"><strong><span class=\"tgt color_text_0\" data-section=\"0\" data-sentence=\"0\" data-group=\"0-0\">Carrera corta del disco y menor fuerza de impacto al cerrar.<\/span><span class=\"tgt color_text_0\" data-section=\"0\" data-sentence=\"1\" data-group=\"0-1\"> El canal de flujo es desobstruido y la resistencia al fluido es m\u00ednima.<\/span><\/strong><\/p>\n<p class=\"tgt color_text_0 un-step-trans\" data-section=\"1\"><strong><span class=\"tgt color_text_0\" data-section=\"1\" data-sentence=\"0\" data-group=\"1-0\">\u00b7 Puede instalarse en tuber\u00edas horizontales o verticales; es f\u00e1cil de instalar.<\/span><span class=\"tgt color_text_0\" data-section=\"1\" data-sentence=\"1\" data-group=\"1-1\"> Es adecuada para la construcci\u00f3n urbana, la industria qu\u00edmica, la metalurgia, el petr\u00f3leo, la industria farmac\u00e9utica, los alimentos, las bebidas, la protecci\u00f3n ambiental y otros campos qu\u00edmicos. Se utiliza en tuber\u00edas que transportan disolventes org\u00e1nicos fuertemente alcalinos de diversas concentraciones, as\u00ed como otros gases y medios l\u00edquidos corrosivos.<\/span><\/strong><\/p>\n","protected":false},"excerpt":{"rendered":"<p><strong>Normas<\/strong><\/p>\n<ul>\n<li><strong><span style=\"font-size: 16px;\">Longitud estructural: HG\/T 3704, GB\/T 12221, ASME B16.10<\/span><\/strong><\/li>\n<li><strong>Norma de bridas: HG\/T 20592, GB\/T 9119, ASME B16.5, JIS B2220<\/strong><\/li>\n<li><strong>Norma de prueba: API 598, GB\/T 13927, JB\/T 9092<\/strong><\/li>\n<li><strong>Norma de dise\u00f1o: API 609, BS\/EN 593, HG\/T 3704, GB\/T 1225<\/strong><\/li>\n<\/ul>\n<p><strong>Material<\/strong><\/p>\n<ul>\n<li><strong>Cuerpo de la v\u00e1lvula: WCB+F46\/PFA, CF8+F46\/PFA, CF8M+F46\/PFA<\/strong><\/li>\n<li><strong>Disco: WCB+F46\/PFA, CF8+F46\/PFA, CF8M+F46\/PFA<\/strong><\/li>\n<li><strong>Tapa de la v\u00e1lvula: WCB+F46\/PFA, CF8+F46\/PFA, CF8M+F46\/PFA<\/strong><\/li>\n<li><strong>Revestimiento: FEP, PFA, F46<\/strong><\/li>\n<\/ul>\n<p><strong>Par\u00e1metros t\u00e9cnicos<\/strong><\/p>\n<ul>\n<li><strong>Rango de presi\u00f3n: PN10, PN16, 150\u202fPSI, 300\u202fPSI<\/strong><\/li>\n<li><strong>Tama\u00f1o de la v\u00e1lvula: DN15 \u2013 DN350<\/strong><\/li>\n<li><strong>Modo de conexi\u00f3n: tipo brida, tipo abrazadera<\/strong><\/li>\n<li><strong>Rango de temperatura: 85\u202f\u00b0C \u2013 150\u202f\u00b0C<\/strong><\/li>\n<\/ul>\n","protected":false},"featured_media":2025,"comment_status":"open","ping_status":"closed","template":"","meta":{"site-sidebar-layout":"default","site-content-layout":"","ast-site-content-layout":"default","site-content-style":"default","site-sidebar-style":"default","ast-global-header-display":"","ast-banner-title-visibility":"","ast-main-header-display":"","ast-hfb-above-header-display":"","ast-hfb-below-header-display":"","ast-hfb-mobile-header-display":"","site-post-title":"","ast-breadcrumbs-content":"","ast-featured-img":"","footer-sml-layout":"","ast-disable-related-posts":"","theme-transparent-header-meta":"default","adv-header-id-meta":"","stick-header-meta":"","header-above-stick-meta":"","header-main-stick-meta":"","header-below-stick-meta":"","astra-migrate-meta-layouts":"set","ast-page-background-enabled":"default","ast-page-background-meta":{"desktop":{"background-color":"var(--ast-global-color-5)","background-image":"","background-repeat":"repeat","background-position":"center center","background-size":"auto","background-attachment":"scroll","background-type":"","background-media":"","overlay-type":"","overlay-color":"","overlay-opacity":"","overlay-gradient":""},"tablet":{"background-color":"","background-image":"","background-repeat":"repeat","background-position":"center center","background-size":"auto","background-attachment":"scroll","background-type":"","background-media":"","overlay-type":"","overlay-color":"","overlay-opacity":"","overlay-gradient":""},"mobile":{"background-color":"","background-image":"","background-repeat":"repeat","background-position":"center center","background-size":"auto","background-attachment":"scroll","background-type":"","background-media":"","overlay-type":"","overlay-color":"","overlay-opacity":"","overlay-gradient":""}},"ast-content-background-meta":{"desktop":{"background-color":"var(--ast-global-color-4)","background-image":"","background-repeat":"repeat","background-position":"center center","background-size":"auto","background-attachment":"scroll","background-type":"","background-media":"","overlay-type":"","overlay-color":"","overlay-opacity":"","overlay-gradient":""},"tablet":{"background-color":"var(--ast-global-color-4)","background-image":"","background-repeat":"repeat","background-position":"center center","background-size":"auto","background-attachment":"scroll","background-type":"","background-media":"","overlay-type":"","overlay-color":"","overlay-opacity":"","overlay-gradient":""},"mobile":{"background-color":"var(--ast-global-color-4)","background-image":"","background-repeat":"repeat","background-position":"center center","background-size":"auto","background-attachment":"scroll","background-type":"","background-media":"","overlay-type":"","overlay-color":"","overlay-opacity":"","overlay-gradient":""}}},"product_brand":[],"product_cat":[138],"product_tag":[],"class_list":{"0":"post-2031","1":"product","2":"type-product","3":"status-publish","4":"has-post-thumbnail","6":"product_cat-valvula-de-retencion-revestida-de-fluoropolimero","7":"desktop-align-center","8":"tablet-align-left","9":"mobile-align-left","11":"first","12":"instock","13":"shipping-taxable","14":"product-type-simple"},"aioseo_notices":[],"jetpack_sharing_enabled":true,"_links":{"self":[{"href":"https:\/\/sinovalvehub.com\/es\/wp-json\/wp\/v2\/product\/2031","targetHints":{"allow":["GET"]}}],"collection":[{"href":"https:\/\/sinovalvehub.com\/es\/wp-json\/wp\/v2\/product"}],"about":[{"href":"https:\/\/sinovalvehub.com\/es\/wp-json\/wp\/v2\/types\/product"}],"replies":[{"embeddable":true,"href":"https:\/\/sinovalvehub.com\/es\/wp-json\/wp\/v2\/comments?post=2031"}],"wp:featuredmedia":[{"embeddable":true,"href":"https:\/\/sinovalvehub.com\/es\/wp-json\/wp\/v2\/media\/2025"}],"wp:attachment":[{"href":"https:\/\/sinovalvehub.com\/es\/wp-json\/wp\/v2\/media?parent=2031"}],"wp:term":[{"taxonomy":"product_brand","embeddable":true,"href":"https:\/\/sinovalvehub.com\/es\/wp-json\/wp\/v2\/product_brand?post=2031"},{"taxonomy":"product_cat","embeddable":true,"href":"https:\/\/sinovalvehub.com\/es\/wp-json\/wp\/v2\/product_cat?post=2031"},{"taxonomy":"product_tag","embeddable":true,"href":"https:\/\/sinovalvehub.com\/es\/wp-json\/wp\/v2\/product_tag?post=2031"}],"curies":[{"name":"wp","href":"https:\/\/api.w.org\/{rel}","templated":true}]}}