{"id":2028,"date":"2026-02-20T21:01:18","date_gmt":"2026-02-20T21:01:18","guid":{"rendered":"https:\/\/sinovalvehub.com\/product\/ceramic-ball-valve\/"},"modified":"2026-03-25T14:16:29","modified_gmt":"2026-03-25T14:16:29","slug":"valvula-de-bola-ceramica","status":"publish","type":"product","link":"https:\/\/sinovalvehub.com\/es\/producto\/valvula-de-bola-ceramica\/","title":{"rendered":"Valvula de bola ceramica"},"content":{"rendered":"<p class=\"tgt color_text_0 un-step-trans\" data-section=\"0\"><strong><span class=\"tgt color_text_0\" data-section=\"0\" data-sentence=\"0\" data-group=\"0-0\">La bola se procesa mediante equipos y tecnolog\u00eda de rectificado, lo que garantiza una alta redondez; y, junto con el asiento rectificado y la autolubricidad de la cer\u00e1mica de ZrO\u2082, se obtiene un sellado superior.<\/span><\/strong><\/p>\n<p class=\"tgt color_text_0 un-step-trans\" data-section=\"1\"><strong><span class=\"tgt color_text_0\" data-section=\"1\" data-sentence=\"0\" data-group=\"1-0\">Es adecuada para el transporte de vapor de caldera, lechada de cal, agua de mar con part\u00edculas, part\u00edculas de alta dureza, part\u00edculas blandas y medios corrosivos.<\/span><\/strong><\/p>\n<p class=\"tgt color_text_0 un-step-trans\" data-section=\"2\"><strong><span class=\"tgt color_text_0\" data-section=\"2\" data-sentence=\"0\" data-group=\"2-0\">Calidad, polvo, desulfuraci\u00f3n de gases de combusti\u00f3n, descarga de cenizas, descarga de escoria y tratamiento de agua.<\/span><span class=\"tgt color_text_0\" data-section=\"2\" data-sentence=\"1\" data-group=\"2-1\"> El material puede modificarse seg\u00fan la aplicaci\u00f3n, lo que permite su uso en diferentes temperaturas.<\/span><\/strong><\/p>\n","protected":false},"excerpt":{"rendered":"<div class=\"row\">\n<div class=\"col\">\n<div class=\"basic-info\">\n<div class=\"feature-list\">\n<p class=\"title\"><strong>Normas<\/strong><\/p>\n<ul class=\"list\">\n<li class=\"item\">\n<p class=\"text\"><strong>Brida de conexi\u00f3n: ISO 7005\u20111:1992, ANSI B16.5, DIN, JIS, BS<\/strong><\/p>\n<\/li>\n<li class=\"item\">\n<p class=\"text\"><strong>Brida de accionamiento: ISO 5211<\/strong><\/p>\n<\/li>\n<li class=\"item\">\n<p class=\"text\"><strong>Norma de ensayo: API 598<\/strong><\/p>\n<\/li>\n<li class=\"item\">\n<p class=\"text\"><strong>Norma de dise\u00f1o: API 608<\/strong><\/p>\n<\/li>\n<\/ul>\n<\/div>\n<\/div>\n<\/div>\n<\/div>\n<div class=\"row\">\n<div class=\"col\">\n<div class=\"feature-list\">\n<p class=\"title\"><strong>Material<\/strong><\/p>\n<ul class=\"list\">\n<li class=\"item\">\n<p class=\"text\"><strong>Cuerpo de la v\u00e1lvula: WCB<\/strong><\/p>\n<\/li>\n<li class=\"item\">\n<p class=\"text\"><strong>Brida: cer\u00e1mica de ingenier\u00eda<\/strong><\/p>\n<\/li>\n<li class=\"item\">\n<p class=\"text\"><strong>Cuerpo de la bola: cer\u00e1mica de ingenier\u00eda<\/strong><\/p>\n<\/li>\n<li class=\"item\">\n<p class=\"text\"><strong>V\u00e1stago de la v\u00e1lvula: 316L<\/strong><\/p>\n<\/li>\n<li class=\"item\">\n<p class=\"text\"><strong>Asiento de la v\u00e1lvula: cer\u00e1mica<\/strong><\/p>\n<\/li>\n<\/ul>\n<\/div>\n<\/div>\n<div class=\"col\">\n<div class=\"feature-list\">\n<p class=\"title\"><strong>Par\u00e1metros t\u00e9cnicos<\/strong><\/p>\n<ul class=\"list\">\n<li class=\"item\">\n<p class=\"text\"><strong>Rango de presi\u00f3n: PN16\u2013PN40 (Class 150\u2013Class 300)<\/strong><\/p>\n<\/li>\n<li class=\"item\">\n<p class=\"text\"><strong>Tama\u00f1o de la v\u00e1lvula: DN15\u2013DN200<\/strong><\/p>\n<\/li>\n<li class=\"item\">\n<p class=\"text\"><strong>Modo de conexi\u00f3n: tipo brida<\/strong><\/p>\n<\/li>\n<li class=\"item\">\n<p class=\"text\"><strong>Rango de temperatura: -20\u202f\u00b0C a 500\u202f\u00b0C<\/strong><\/p>\n<\/li>\n<li class=\"item\">\n<p class=\"text\"><strong>Actuador: palanca, reductor sinf\u00edn, neum\u00e1tico, el\u00e9ctrico, hidr\u00e1ulico<\/strong><\/p>\n<\/li>\n<\/ul>\n<\/div>\n<\/div>\n<\/div>\n","protected":false},"featured_media":2025,"comment_status":"open","ping_status":"closed","template":"","meta":{"site-sidebar-layout":"default","site-content-layout":"","ast-site-content-layout":"default","site-content-style":"default","site-sidebar-style":"default","ast-global-header-display":"","ast-banner-title-visibility":"","ast-main-header-display":"","ast-hfb-above-header-display":"","ast-hfb-below-header-display":"","ast-hfb-mobile-header-display":"","site-post-title":"","ast-breadcrumbs-content":"","ast-featured-img":"","footer-sml-layout":"","ast-disable-related-posts":"","theme-transparent-header-meta":"default","adv-header-id-meta":"","stick-header-meta":"","header-above-stick-meta":"","header-main-stick-meta":"","header-below-stick-meta":"","astra-migrate-meta-layouts":"set","ast-page-background-enabled":"default","ast-page-background-meta":{"desktop":{"background-color":"var(--ast-global-color-5)","background-image":"","background-repeat":"repeat","background-position":"center center","background-size":"auto","background-attachment":"scroll","background-type":"","background-media":"","overlay-type":"","overlay-color":"","overlay-opacity":"","overlay-gradient":""},"tablet":{"background-color":"","background-image":"","background-repeat":"repeat","background-position":"center center","background-size":"auto","background-attachment":"scroll","background-type":"","background-media":"","overlay-type":"","overlay-color":"","overlay-opacity":"","overlay-gradient":""},"mobile":{"background-color":"","background-image":"","background-repeat":"repeat","background-position":"center center","background-size":"auto","background-attachment":"scroll","background-type":"","background-media":"","overlay-type":"","overlay-color":"","overlay-opacity":"","overlay-gradient":""}},"ast-content-background-meta":{"desktop":{"background-color":"var(--ast-global-color-4)","background-image":"","background-repeat":"repeat","background-position":"center center","background-size":"auto","background-attachment":"scroll","background-type":"","background-media":"","overlay-type":"","overlay-color":"","overlay-opacity":"","overlay-gradient":""},"tablet":{"background-color":"var(--ast-global-color-4)","background-image":"","background-repeat":"repeat","background-position":"center center","background-size":"auto","background-attachment":"scroll","background-type":"","background-media":"","overlay-type":"","overlay-color":"","overlay-opacity":"","overlay-gradient":""},"mobile":{"background-color":"var(--ast-global-color-4)","background-image":"","background-repeat":"repeat","background-position":"center center","background-size":"auto","background-attachment":"scroll","background-type":"","background-media":"","overlay-type":"","overlay-color":"","overlay-opacity":"","overlay-gradient":""}}},"product_brand":[],"product_cat":[123,137],"product_tag":[],"class_list":{"0":"post-2028","1":"product","2":"type-product","3":"status-publish","4":"has-post-thumbnail","6":"product_cat-valvula-de-bola","7":"product_cat-valvula-de-bola-ceramica","8":"desktop-align-center","9":"tablet-align-left","10":"mobile-align-left","12":"first","13":"instock","14":"shipping-taxable","15":"product-type-simple"},"aioseo_notices":[],"jetpack_sharing_enabled":true,"_links":{"self":[{"href":"https:\/\/sinovalvehub.com\/es\/wp-json\/wp\/v2\/product\/2028","targetHints":{"allow":["GET"]}}],"collection":[{"href":"https:\/\/sinovalvehub.com\/es\/wp-json\/wp\/v2\/product"}],"about":[{"href":"https:\/\/sinovalvehub.com\/es\/wp-json\/wp\/v2\/types\/product"}],"replies":[{"embeddable":true,"href":"https:\/\/sinovalvehub.com\/es\/wp-json\/wp\/v2\/comments?post=2028"}],"wp:featuredmedia":[{"embeddable":true,"href":"https:\/\/sinovalvehub.com\/es\/wp-json\/wp\/v2\/media\/2025"}],"wp:attachment":[{"href":"https:\/\/sinovalvehub.com\/es\/wp-json\/wp\/v2\/media?parent=2028"}],"wp:term":[{"taxonomy":"product_brand","embeddable":true,"href":"https:\/\/sinovalvehub.com\/es\/wp-json\/wp\/v2\/product_brand?post=2028"},{"taxonomy":"product_cat","embeddable":true,"href":"https:\/\/sinovalvehub.com\/es\/wp-json\/wp\/v2\/product_cat?post=2028"},{"taxonomy":"product_tag","embeddable":true,"href":"https:\/\/sinovalvehub.com\/es\/wp-json\/wp\/v2\/product_tag?post=2028"}],"curies":[{"name":"wp","href":"https:\/\/api.w.org\/{rel}","templated":true}]}}