{"id":2018,"date":"2026-02-20T20:10:55","date_gmt":"2026-02-20T20:10:55","guid":{"rendered":"https:\/\/sinovalvehub.com\/product\/valvula-de-mariposa-revestida-de-plastico-para-lineas-de-servicio-medio\/"},"modified":"2026-03-25T15:57:07","modified_gmt":"2026-03-25T15:57:07","slug":"valvula-de-mariposa-revestida-de-plastico-para-lineas-de-servicio-medio","status":"publish","type":"product","link":"https:\/\/sinovalvehub.com\/es\/producto\/valvula-de-mariposa-revestida-de-plastico-para-lineas-de-servicio-medio\/","title":{"rendered":"V\u00e1lvula de mariposa revestida de pl\u00e1stico para l\u00edneas de servicio medio"},"content":{"rendered":"<p class=\"tgt color_text_0 un-step-trans\" data-section=\"0\"><strong><span class=\"tgt color_text_0\" data-section=\"0\" data-sentence=\"0\" data-group=\"0-0\">Mediante un proceso de moldeo, la capa de revestimiento no se desprende f\u00e1cilmente.<\/span><span class=\"tgt color_text_0\" data-section=\"0\" data-sentence=\"1\" data-group=\"0-1\"> La compensaci\u00f3n el\u00e1stica del asiento proporciona un buen efecto de sellado y evita eficazmente que el asiento sea traccionado.<\/span><\/strong><\/p>\n<p class=\"tgt color_text_0 un-step-trans\" data-section=\"1\"><strong><span class=\"tgt color_text_0\" data-section=\"1\" data-sentence=\"0\" data-group=\"1-0\">El v\u00e1stago est\u00e1 ubicado dentro del cuerpo de la v\u00e1lvula y puede ajustarse estrechamente al empaque para evitar fugas.<\/span><span class=\"tgt color_text_0\" data-section=\"1\" data-sentence=\"1\" data-group=\"1-1\"> El empaque con dise\u00f1o en \u201cV\u201d proporciona un sellado eficaz.<\/span><span class=\"tgt color_text_0\" data-section=\"1\" data-sentence=\"2\" data-group=\"1-2\"> Dise\u00f1o de sellado secundario para evitar fugas.<\/span><\/strong><\/p>\n<p class=\"tgt color_text_0 un-step-trans\" data-section=\"2\"><strong><span class=\"tgt color_text_0\" data-section=\"2\" data-sentence=\"0\" data-group=\"2-0\">Se puede utilizar ampliamente en los sectores de petr\u00f3leo, industria qu\u00edmica, electr\u00f3nica, metalurgia, farmac\u00e9utica, energ\u00eda el\u00e9ctrica, protecci\u00f3n ambiental y otros campos industriales. Es adecuada para cortar o regular medios fuertemente corrosivos como \u00e1cidos, \u00e1lcalis y otros fluidos agresivos.<\/span><\/strong><\/p>\n","protected":false},"excerpt":{"rendered":"<div class=\"row\">\n<div class=\"col\">\n<div class=\"basic-info\">\n<div class=\"feature-list\">\n<p class=\"title\"><strong>Normas<\/strong><\/p>\n<ul class=\"list\">\n<li class=\"item\">\n<p class=\"text\"><strong>Brida de conexi\u00f3n: ISO PN10\/16, DIN PN10\/16\/25, ANSI B16.1<\/strong><\/p>\n<\/li>\n<li class=\"item\">\n<p class=\"text\"><strong>Brida de accionamiento: ISO 5211<\/strong><\/p>\n<\/li>\n<li class=\"item\">\n<p class=\"text\"><strong>Norma de ensayo: API 598<\/strong><\/p>\n<\/li>\n<li class=\"item\">\n<p class=\"text\"><strong>Norma de dise\u00f1o: API 609, BS EN 593<\/strong><\/p>\n<\/li>\n<\/ul>\n<\/div>\n<\/div>\n<\/div>\n<\/div>\n<div class=\"row\">\n<div class=\"col\">\n<div class=\"feature-list\">\n<p class=\"title\"><strong>Material<\/strong><\/p>\n<ul class=\"list\">\n<li class=\"item\">\n<p class=\"text\"><strong>Body material: WCB+PFA, CF8+PFA, etc<\/strong><\/p>\n<\/li>\n<li class=\"item\">\n<p class=\"text\"><strong>Placa de la v\u00e1lvula: WCB+PFA, CF8+PFA, etc.<\/strong><\/p>\n<\/li>\n<li class=\"item\">\n<p class=\"text\"><strong>Material del asiento: PTFE, FEP, PFA, etc.<\/strong><\/p>\n<\/li>\n<li class=\"item\">\n<p class=\"text\"><strong>Material de revestimiento: FEP, PFA, etc.<\/strong><\/p>\n<\/li>\n<\/ul>\n<\/div>\n<\/div>\n<div class=\"col\">\n<div class=\"feature-list\">\n<p class=\"title\"><strong>Par\u00e1metros t\u00e9cnicos<\/strong><\/p>\n<ul class=\"list\">\n<li class=\"item\">\n<p class=\"text\"><strong>Rango de presi\u00f3n: PN10, PN16, 150\u202fLB<\/strong><\/p>\n<\/li>\n<li class=\"item\">\n<p class=\"text\"><strong>Tama\u00f1o de la v\u00e1lvula: DN40\u2013DN900<\/strong><\/p>\n<\/li>\n<li class=\"item\">\n<p class=\"text\"><strong>Modo de conexi\u00f3n: tipo lug, tipo clamp, tipo brida<\/strong><\/p>\n<\/li>\n<li class=\"item\">\n<p class=\"text\"><strong>Rango de temperatura: -20\u202f\u00b0C a 200\u202f\u00b0C<\/strong><\/p>\n<\/li>\n<li class=\"item\">\n<p class=\"text\"><strong>Actuador: palanca, reductor sinf\u00edn, neum\u00e1tico, el\u00e9ctrico, hidr\u00e1ulico<\/strong><\/p>\n<\/li>\n<\/ul>\n<\/div>\n<\/div>\n<\/div>\n","protected":false},"featured_media":2017,"comment_status":"open","ping_status":"closed","template":"","meta":{"site-sidebar-layout":"default","site-content-layout":"","ast-site-content-layout":"default","site-content-style":"default","site-sidebar-style":"default","ast-global-header-display":"","ast-banner-title-visibility":"","ast-main-header-display":"","ast-hfb-above-header-display":"","ast-hfb-below-header-display":"","ast-hfb-mobile-header-display":"","site-post-title":"","ast-breadcrumbs-content":"","ast-featured-img":"","footer-sml-layout":"","ast-disable-related-posts":"","theme-transparent-header-meta":"default","adv-header-id-meta":"","stick-header-meta":"","header-above-stick-meta":"","header-main-stick-meta":"","header-below-stick-meta":"","astra-migrate-meta-layouts":"set","ast-page-background-enabled":"default","ast-page-background-meta":{"desktop":{"background-color":"var(--ast-global-color-5)","background-image":"","background-repeat":"repeat","background-position":"center center","background-size":"auto","background-attachment":"scroll","background-type":"","background-media":"","overlay-type":"","overlay-color":"","overlay-opacity":"","overlay-gradient":""},"tablet":{"background-color":"","background-image":"","background-repeat":"repeat","background-position":"center center","background-size":"auto","background-attachment":"scroll","background-type":"","background-media":"","overlay-type":"","overlay-color":"","overlay-opacity":"","overlay-gradient":""},"mobile":{"background-color":"","background-image":"","background-repeat":"repeat","background-position":"center center","background-size":"auto","background-attachment":"scroll","background-type":"","background-media":"","overlay-type":"","overlay-color":"","overlay-opacity":"","overlay-gradient":""}},"ast-content-background-meta":{"desktop":{"background-color":"var(--ast-global-color-4)","background-image":"","background-repeat":"repeat","background-position":"center center","background-size":"auto","background-attachment":"scroll","background-type":"","background-media":"","overlay-type":"","overlay-color":"","overlay-opacity":"","overlay-gradient":""},"tablet":{"background-color":"var(--ast-global-color-4)","background-image":"","background-repeat":"repeat","background-position":"center center","background-size":"auto","background-attachment":"scroll","background-type":"","background-media":"","overlay-type":"","overlay-color":"","overlay-opacity":"","overlay-gradient":""},"mobile":{"background-color":"var(--ast-global-color-4)","background-image":"","background-repeat":"repeat","background-position":"center center","background-size":"auto","background-attachment":"scroll","background-type":"","background-media":"","overlay-type":"","overlay-color":"","overlay-opacity":"","overlay-gradient":""}}},"product_brand":[],"product_cat":[118,133],"product_tag":[],"class_list":{"0":"post-2018","1":"product","2":"type-product","3":"status-publish","4":"has-post-thumbnail","6":"product_cat-valvula-de-mariposa","7":"product_cat-valvula-de-mariposa-plastica-revestida-para-lineas-de-servicio-medio","8":"desktop-align-center","9":"tablet-align-left","10":"mobile-align-left","12":"first","13":"instock","14":"shipping-taxable","15":"product-type-simple"},"aioseo_notices":[],"jetpack_sharing_enabled":true,"_links":{"self":[{"href":"https:\/\/sinovalvehub.com\/es\/wp-json\/wp\/v2\/product\/2018","targetHints":{"allow":["GET"]}}],"collection":[{"href":"https:\/\/sinovalvehub.com\/es\/wp-json\/wp\/v2\/product"}],"about":[{"href":"https:\/\/sinovalvehub.com\/es\/wp-json\/wp\/v2\/types\/product"}],"replies":[{"embeddable":true,"href":"https:\/\/sinovalvehub.com\/es\/wp-json\/wp\/v2\/comments?post=2018"}],"wp:featuredmedia":[{"embeddable":true,"href":"https:\/\/sinovalvehub.com\/es\/wp-json\/wp\/v2\/media\/2017"}],"wp:attachment":[{"href":"https:\/\/sinovalvehub.com\/es\/wp-json\/wp\/v2\/media?parent=2018"}],"wp:term":[{"taxonomy":"product_brand","embeddable":true,"href":"https:\/\/sinovalvehub.com\/es\/wp-json\/wp\/v2\/product_brand?post=2018"},{"taxonomy":"product_cat","embeddable":true,"href":"https:\/\/sinovalvehub.com\/es\/wp-json\/wp\/v2\/product_cat?post=2018"},{"taxonomy":"product_tag","embeddable":true,"href":"https:\/\/sinovalvehub.com\/es\/wp-json\/wp\/v2\/product_tag?post=2018"}],"curies":[{"name":"wp","href":"https:\/\/api.w.org\/{rel}","templated":true}]}}