{"id":2009,"date":"2026-02-21T01:27:49","date_gmt":"2026-02-21T01:27:49","guid":{"rendered":"https:\/\/sinovalvehub.com\/product\/valvula-de-guillotina\/"},"modified":"2026-03-25T15:21:15","modified_gmt":"2026-03-25T15:21:15","slug":"valvula-de-guillotina","status":"publish","type":"product","link":"https:\/\/sinovalvehub.com\/es\/producto\/valvula-de-guillotina\/","title":{"rendered":"V\u00e1lvula de guillotina"},"content":{"rendered":"<p><strong>La v\u00e1lvula de guillotina ofrece un excelente efecto de corte, siendo adecuada para lodos, polvos, fibras y otros fluidos dif\u00edciles de controlar.<br \/>\nSe utiliza ampliamente en las industrias de papel, miner\u00eda, drenaje, alimentos y otros sectores.<br \/>\nCuenta con una variedad de opciones de asiento y tambi\u00e9n puede equiparse con actuadores el\u00e9ctricos o neum\u00e1ticos seg\u00fan las necesidades de control en campo, automatizaci\u00f3n y control remoto.<\/strong><\/p>\n","protected":false},"excerpt":{"rendered":"<p><strong>Normas<\/strong><\/p>\n<ul>\n<li><strong>Brida de conexi\u00f3n: JB\/T 79, ASME B16.5, GB\/T 9113.1<\/strong><\/li>\n<li><strong>Longitud estructural: GB\/T 15188.2\u20111994\u2011J21, MSS SP\u201181<\/strong><\/li>\n<li><strong>Norma de prueba: JB\/T 8691, MSS SP\u201181<\/strong><\/li>\n<li><strong>Norma de dise\u00f1o: JB\/T 8691\u20112013, MSS SP\u201181<\/strong><\/li>\n<\/ul>\n<p><strong>Material<\/strong><\/p>\n<ul>\n<li><strong>Cuerpo de v\u00e1lvula: hierro d\u00factil, acero al carbono, acero inoxidable<\/strong><\/li>\n<li><strong>Placa de la v\u00e1lvula: 304, 316<\/strong><\/li>\n<li><strong>V\u00e1stago de la v\u00e1lvula: 304, 316, 316L, acero d\u00faplex<\/strong><\/li>\n<li><strong>Sellado: NBR, EPDM, Viton<\/strong><\/li>\n<\/ul>\n<p><strong>Par\u00e1metros t\u00e9cnicos<\/strong><\/p>\n<ul>\n<li><strong>Rango de presi\u00f3n: PN10, PN16<\/strong><\/li>\n<li><strong>Valve size:DN50-DN1200\uff08 can be customized)<\/strong><\/li>\n<li><strong>Modo de conexi\u00f3n: tipo abrazadera, tipo brida<\/strong><\/li>\n<li><strong>Estructura de sellado: sellado unidireccional, sellado bidireccional<\/strong><\/li>\n<li><strong>Actuador: neum\u00e1tico, manual, el\u00e9ctrico, hidr\u00e1ulico<\/strong><\/li>\n<\/ul>\n","protected":false},"featured_media":2007,"comment_status":"open","ping_status":"closed","template":"","meta":{"site-sidebar-layout":"default","site-content-layout":"","ast-site-content-layout":"default","site-content-style":"default","site-sidebar-style":"default","ast-global-header-display":"","ast-banner-title-visibility":"","ast-main-header-display":"","ast-hfb-above-header-display":"","ast-hfb-below-header-display":"","ast-hfb-mobile-header-display":"","site-post-title":"","ast-breadcrumbs-content":"","ast-featured-img":"","footer-sml-layout":"","ast-disable-related-posts":"","theme-transparent-header-meta":"default","adv-header-id-meta":"","stick-header-meta":"","header-above-stick-meta":"","header-main-stick-meta":"","header-below-stick-meta":"","astra-migrate-meta-layouts":"set","ast-page-background-enabled":"default","ast-page-background-meta":{"desktop":{"background-color":"var(--ast-global-color-5)","background-image":"","background-repeat":"repeat","background-position":"center center","background-size":"auto","background-attachment":"scroll","background-type":"","background-media":"","overlay-type":"","overlay-color":"","overlay-opacity":"","overlay-gradient":""},"tablet":{"background-color":"","background-image":"","background-repeat":"repeat","background-position":"center center","background-size":"auto","background-attachment":"scroll","background-type":"","background-media":"","overlay-type":"","overlay-color":"","overlay-opacity":"","overlay-gradient":""},"mobile":{"background-color":"","background-image":"","background-repeat":"repeat","background-position":"center center","background-size":"auto","background-attachment":"scroll","background-type":"","background-media":"","overlay-type":"","overlay-color":"","overlay-opacity":"","overlay-gradient":""}},"ast-content-background-meta":{"desktop":{"background-color":"var(--ast-global-color-4)","background-image":"","background-repeat":"repeat","background-position":"center center","background-size":"auto","background-attachment":"scroll","background-type":"","background-media":"","overlay-type":"","overlay-color":"","overlay-opacity":"","overlay-gradient":""},"tablet":{"background-color":"var(--ast-global-color-4)","background-image":"","background-repeat":"repeat","background-position":"center center","background-size":"auto","background-attachment":"scroll","background-type":"","background-media":"","overlay-type":"","overlay-color":"","overlay-opacity":"","overlay-gradient":""},"mobile":{"background-color":"var(--ast-global-color-4)","background-image":"","background-repeat":"repeat","background-position":"center center","background-size":"auto","background-attachment":"scroll","background-type":"","background-media":"","overlay-type":"","overlay-color":"","overlay-opacity":"","overlay-gradient":""}}},"product_brand":[],"product_cat":[129,130],"product_tag":[],"class_list":{"0":"post-2009","1":"product","2":"type-product","3":"status-publish","4":"has-post-thumbnail","6":"product_cat-valvula-de-compuerta","7":"product_cat-valvula-de-guillotina","8":"desktop-align-center","9":"tablet-align-left","10":"mobile-align-left","12":"first","13":"instock","14":"shipping-taxable","15":"product-type-simple"},"aioseo_notices":[],"jetpack_sharing_enabled":true,"_links":{"self":[{"href":"https:\/\/sinovalvehub.com\/es\/wp-json\/wp\/v2\/product\/2009","targetHints":{"allow":["GET"]}}],"collection":[{"href":"https:\/\/sinovalvehub.com\/es\/wp-json\/wp\/v2\/product"}],"about":[{"href":"https:\/\/sinovalvehub.com\/es\/wp-json\/wp\/v2\/types\/product"}],"replies":[{"embeddable":true,"href":"https:\/\/sinovalvehub.com\/es\/wp-json\/wp\/v2\/comments?post=2009"}],"wp:featuredmedia":[{"embeddable":true,"href":"https:\/\/sinovalvehub.com\/es\/wp-json\/wp\/v2\/media\/2007"}],"wp:attachment":[{"href":"https:\/\/sinovalvehub.com\/es\/wp-json\/wp\/v2\/media?parent=2009"}],"wp:term":[{"taxonomy":"product_brand","embeddable":true,"href":"https:\/\/sinovalvehub.com\/es\/wp-json\/wp\/v2\/product_brand?post=2009"},{"taxonomy":"product_cat","embeddable":true,"href":"https:\/\/sinovalvehub.com\/es\/wp-json\/wp\/v2\/product_cat?post=2009"},{"taxonomy":"product_tag","embeddable":true,"href":"https:\/\/sinovalvehub.com\/es\/wp-json\/wp\/v2\/product_tag?post=2009"}],"curies":[{"name":"wp","href":"https:\/\/api.w.org\/{rel}","templated":true}]}}