{"id":2002,"date":"2026-02-21T01:11:07","date_gmt":"2026-02-21T01:11:07","guid":{"rendered":"https:\/\/sinovalvehub.com\/product\/valvula-de-bola-en-v\/"},"modified":"2026-03-27T01:10:30","modified_gmt":"2026-03-27T01:10:30","slug":"valvula-de-bola-en-v","status":"publish","type":"product","link":"https:\/\/sinovalvehub.com\/es\/producto\/valvula-de-bola-en-v\/","title":{"rendered":"V\u00e1lvula de bola en V"},"content":{"rendered":"<p><strong>El material de la superficie de sellado entre las bolas en V neum\u00e1ticas se utiliza ampliamente en aplicaciones pl\u00e1sticas, ofrece una excelente estanqueidad y ha sido ampliamente aplicado en sistemas de vac\u00edo.<br \/>\nPosee una gran capacidad de circulaci\u00f3n, especialmente adecuada para medios que contienen fibras o peque\u00f1as part\u00edculas.<\/strong><br \/><strong>Se utiliza principalmente en tuber\u00edas de las industrias del petr\u00f3leo, qu\u00edmica, farmac\u00e9utica y otras condiciones de trabajo, para cortar o conectar medios como agua, aceite, vapor y otros fluidos de proceso.<\/strong><\/p>\n","protected":false},"excerpt":{"rendered":"<p><strong>Normas<\/strong><\/p>\n<ul>\n<li><strong>Tama\u00f1o de brida: ANSI B16.5<\/strong><\/li>\n<li><strong>Brida de accionamiento: ISO 5211<\/strong><\/li>\n<li><strong>Norma de ensayo: API 598<\/strong><\/li>\n<li><strong>Normas de dise\u00f1o: API 608, API 6D<\/strong><\/li>\n<\/ul>\n<p><strong>Material<\/strong><\/p>\n<ul>\n<li><strong>Cuerpo de v\u00e1lvula: WCB, CF8, CF8M, acero aleado<\/strong><\/li>\n<li><strong>Cuerpo de bola: acero inoxidable<\/strong><\/li>\n<li><strong>Asiento de v\u00e1lvula: PTFE \/ R-PTFE, asiento met\u00e1lico<\/strong><\/li>\n<li><strong>Rociado de sellado met\u00e1lico: STL, WC, Ni60, Cr\u2083C\u2082<\/strong><\/li>\n<\/ul>\n<p><strong>Par\u00e1metros t\u00e9cnicos<\/strong><\/p>\n<ul>\n<li><strong>Presi\u00f3n nominal: PN16\u2013PN64 (Class 150\u2013Class 400)<\/strong><\/li>\n<li><strong>Di\u00e1metro nominal: DN40\u2013DN300<\/strong><\/li>\n<li><strong>Modo de conexi\u00f3n: brida, abrazadera<\/strong><\/li>\n<li><strong>Rango de temperatura: -40\u202f\u00b0C a 500\u202f\u00b0C<\/strong><\/li>\n<li><strong>Actuador: palanca, reductor sinf\u00edn, neum\u00e1tico, el\u00e9ctrico, hidr\u00e1ulico<\/strong><\/li>\n<\/ul>\n","protected":false},"featured_media":2000,"comment_status":"open","ping_status":"closed","template":"","meta":{"site-sidebar-layout":"default","site-content-layout":"","ast-site-content-layout":"default","site-content-style":"default","site-sidebar-style":"default","ast-global-header-display":"","ast-banner-title-visibility":"","ast-main-header-display":"","ast-hfb-above-header-display":"","ast-hfb-below-header-display":"","ast-hfb-mobile-header-display":"","site-post-title":"","ast-breadcrumbs-content":"","ast-featured-img":"","footer-sml-layout":"","ast-disable-related-posts":"","theme-transparent-header-meta":"default","adv-header-id-meta":"","stick-header-meta":"","header-above-stick-meta":"","header-main-stick-meta":"","header-below-stick-meta":"","astra-migrate-meta-layouts":"set","ast-page-background-enabled":"default","ast-page-background-meta":{"desktop":{"background-color":"var(--ast-global-color-5)","background-image":"","background-repeat":"repeat","background-position":"center center","background-size":"auto","background-attachment":"scroll","background-type":"","background-media":"","overlay-type":"","overlay-color":"","overlay-opacity":"","overlay-gradient":""},"tablet":{"background-color":"","background-image":"","background-repeat":"repeat","background-position":"center center","background-size":"auto","background-attachment":"scroll","background-type":"","background-media":"","overlay-type":"","overlay-color":"","overlay-opacity":"","overlay-gradient":""},"mobile":{"background-color":"","background-image":"","background-repeat":"repeat","background-position":"center center","background-size":"auto","background-attachment":"scroll","background-type":"","background-media":"","overlay-type":"","overlay-color":"","overlay-opacity":"","overlay-gradient":""}},"ast-content-background-meta":{"desktop":{"background-color":"var(--ast-global-color-4)","background-image":"","background-repeat":"repeat","background-position":"center center","background-size":"auto","background-attachment":"scroll","background-type":"","background-media":"","overlay-type":"","overlay-color":"","overlay-opacity":"","overlay-gradient":""},"tablet":{"background-color":"var(--ast-global-color-4)","background-image":"","background-repeat":"repeat","background-position":"center center","background-size":"auto","background-attachment":"scroll","background-type":"","background-media":"","overlay-type":"","overlay-color":"","overlay-opacity":"","overlay-gradient":""},"mobile":{"background-color":"var(--ast-global-color-4)","background-image":"","background-repeat":"repeat","background-position":"center center","background-size":"auto","background-attachment":"scroll","background-type":"","background-media":"","overlay-type":"","overlay-color":"","overlay-opacity":"","overlay-gradient":""}}},"product_brand":[],"product_cat":[127,123],"product_tag":[],"class_list":{"0":"post-2002","1":"product","2":"type-product","3":"status-publish","4":"has-post-thumbnail","6":"product_cat-bola-en-v","7":"product_cat-valvula-de-bola","8":"desktop-align-center","9":"tablet-align-left","10":"mobile-align-left","12":"first","13":"instock","14":"shipping-taxable","15":"product-type-simple"},"aioseo_notices":[],"jetpack_sharing_enabled":true,"_links":{"self":[{"href":"https:\/\/sinovalvehub.com\/es\/wp-json\/wp\/v2\/product\/2002","targetHints":{"allow":["GET"]}}],"collection":[{"href":"https:\/\/sinovalvehub.com\/es\/wp-json\/wp\/v2\/product"}],"about":[{"href":"https:\/\/sinovalvehub.com\/es\/wp-json\/wp\/v2\/types\/product"}],"replies":[{"embeddable":true,"href":"https:\/\/sinovalvehub.com\/es\/wp-json\/wp\/v2\/comments?post=2002"}],"wp:featuredmedia":[{"embeddable":true,"href":"https:\/\/sinovalvehub.com\/es\/wp-json\/wp\/v2\/media\/2000"}],"wp:attachment":[{"href":"https:\/\/sinovalvehub.com\/es\/wp-json\/wp\/v2\/media?parent=2002"}],"wp:term":[{"taxonomy":"product_brand","embeddable":true,"href":"https:\/\/sinovalvehub.com\/es\/wp-json\/wp\/v2\/product_brand?post=2002"},{"taxonomy":"product_cat","embeddable":true,"href":"https:\/\/sinovalvehub.com\/es\/wp-json\/wp\/v2\/product_cat?post=2002"},{"taxonomy":"product_tag","embeddable":true,"href":"https:\/\/sinovalvehub.com\/es\/wp-json\/wp\/v2\/product_tag?post=2002"}],"curies":[{"name":"wp","href":"https:\/\/api.w.org\/{rel}","templated":true}]}}