{"id":1993,"date":"2026-02-21T00:57:54","date_gmt":"2026-02-21T00:57:54","guid":{"rendered":"https:\/\/sinovalvehub.com\/product\/valvula-de-bola-revestida-en-plastico\/"},"modified":"2026-03-27T01:09:44","modified_gmt":"2026-03-27T01:09:44","slug":"valvula-de-bola-revestida-en-plastico","status":"publish","type":"product","link":"https:\/\/sinovalvehub.com\/es\/producto\/valvula-de-bola-revestida-en-plastico\/","title":{"rendered":"V\u00e1lvula de bola revestida en pl\u00e1stico"},"content":{"rendered":"<p><strong>Mediante un proceso de moldeo, el material fluorinado queda firmemente adherido al cuerpo de la v\u00e1lvula.<br \/>\nEl dise\u00f1o de empaquetadura del v\u00e1stago con compensaci\u00f3n autom\u00e1tica garantiza un sellado confiable, y el asiento adopta un sellado lineal que ofrece un excelente rendimiento de estanqueidad.<\/strong><br \/><strong>Es adecuada para los sectores de petr\u00f3leo, industria qu\u00edmica, electr\u00f3nica, metalurgia, farmac\u00e9utica, energ\u00eda el\u00e9ctrica y protecci\u00f3n ambiental, permitiendo el control y corte de medios fuertemente corrosivos como \u00e1cidos y \u00e1lcalis.<\/strong><\/p>\n","protected":false},"excerpt":{"rendered":"<p><strong>Normas<\/strong><\/p>\n<ul>\n<li><strong>Brida de conexi\u00f3n: ISO PN10\/16, DIN PN10\/16\/25, ANSI B16.1<\/strong><\/li>\n<li><strong>Brida de accionamiento: ISO 5211<\/strong><\/li>\n<li><strong>Norma de ensayo: API 598<\/strong><\/li>\n<li><strong><span style=\"font-size: 16px;\">Norma de dise\u00f1o: API 608<\/span><\/strong><\/li>\n<\/ul>\n<p><strong>Material<\/strong><\/p>\n<ul>\n<li><strong>Cuerpo de la v\u00e1lvula: WCB + F46\/PFA, CF8 + F46\/PFA, CF8M + F46\/PFA<\/strong><\/li>\n<li><strong>Cuerpo de la bola: WCB + F46\/PFA, CF8 + F46\/PFA, CF8M + F46\/PFA<\/strong><\/li>\n<li><strong><span style=\"font-size: 16px;\">Asiento de la v\u00e1lvula: PTFE, RPTFE, PPL<\/span><\/strong><\/li>\n<\/ul>\n<p><strong>Par\u00e1metros t\u00e9cnicos<\/strong><\/p>\n<ul>\n<li><strong>Rango de presi\u00f3n: PN16\u201325 (Class 150\u2013Class 300)<\/strong><\/li>\n<li><strong>Tama\u00f1o de la v\u00e1lvula: DN15\u2013300<\/strong><\/li>\n<li><strong>Modo de conexi\u00f3n: tipo brida, tipo soldado<\/strong><\/li>\n<li><strong>Rango de temperatura: -29\u202f\u00b0C a 150\u202f\u00b0C<\/strong><\/li>\n<li><strong>Actuador: palanca, reductor sinf\u00edn, neum\u00e1tico, el\u00e9ctrico, hidr\u00e1ulico<\/strong><\/li>\n<\/ul>\n","protected":false},"featured_media":1991,"comment_status":"open","ping_status":"closed","template":"","meta":{"site-sidebar-layout":"default","site-content-layout":"","ast-site-content-layout":"default","site-content-style":"default","site-sidebar-style":"default","ast-global-header-display":"","ast-banner-title-visibility":"","ast-main-header-display":"","ast-hfb-above-header-display":"","ast-hfb-below-header-display":"","ast-hfb-mobile-header-display":"","site-post-title":"","ast-breadcrumbs-content":"","ast-featured-img":"","footer-sml-layout":"","ast-disable-related-posts":"","theme-transparent-header-meta":"default","adv-header-id-meta":"","stick-header-meta":"","header-above-stick-meta":"","header-main-stick-meta":"","header-below-stick-meta":"","astra-migrate-meta-layouts":"set","ast-page-background-enabled":"default","ast-page-background-meta":{"desktop":{"background-color":"var(--ast-global-color-5)","background-image":"","background-repeat":"repeat","background-position":"center center","background-size":"auto","background-attachment":"scroll","background-type":"","background-media":"","overlay-type":"","overlay-color":"","overlay-opacity":"","overlay-gradient":""},"tablet":{"background-color":"","background-image":"","background-repeat":"repeat","background-position":"center center","background-size":"auto","background-attachment":"scroll","background-type":"","background-media":"","overlay-type":"","overlay-color":"","overlay-opacity":"","overlay-gradient":""},"mobile":{"background-color":"","background-image":"","background-repeat":"repeat","background-position":"center center","background-size":"auto","background-attachment":"scroll","background-type":"","background-media":"","overlay-type":"","overlay-color":"","overlay-opacity":"","overlay-gradient":""}},"ast-content-background-meta":{"desktop":{"background-color":"var(--ast-global-color-4)","background-image":"","background-repeat":"repeat","background-position":"center center","background-size":"auto","background-attachment":"scroll","background-type":"","background-media":"","overlay-type":"","overlay-color":"","overlay-opacity":"","overlay-gradient":""},"tablet":{"background-color":"var(--ast-global-color-4)","background-image":"","background-repeat":"repeat","background-position":"center center","background-size":"auto","background-attachment":"scroll","background-type":"","background-media":"","overlay-type":"","overlay-color":"","overlay-opacity":"","overlay-gradient":""},"mobile":{"background-color":"var(--ast-global-color-4)","background-image":"","background-repeat":"repeat","background-position":"center center","background-size":"auto","background-attachment":"scroll","background-type":"","background-media":"","overlay-type":"","overlay-color":"","overlay-opacity":"","overlay-gradient":""}}},"product_brand":[],"product_cat":[123,124],"product_tag":[],"class_list":{"0":"post-1993","1":"product","2":"type-product","3":"status-publish","4":"has-post-thumbnail","6":"product_cat-valvula-de-bola","7":"product_cat-valvula-de-bola-revestida-en-plastico","8":"desktop-align-center","9":"tablet-align-left","10":"mobile-align-left","12":"first","13":"instock","14":"shipping-taxable","15":"product-type-simple"},"aioseo_notices":[],"jetpack_sharing_enabled":true,"_links":{"self":[{"href":"https:\/\/sinovalvehub.com\/es\/wp-json\/wp\/v2\/product\/1993","targetHints":{"allow":["GET"]}}],"collection":[{"href":"https:\/\/sinovalvehub.com\/es\/wp-json\/wp\/v2\/product"}],"about":[{"href":"https:\/\/sinovalvehub.com\/es\/wp-json\/wp\/v2\/types\/product"}],"replies":[{"embeddable":true,"href":"https:\/\/sinovalvehub.com\/es\/wp-json\/wp\/v2\/comments?post=1993"}],"wp:featuredmedia":[{"embeddable":true,"href":"https:\/\/sinovalvehub.com\/es\/wp-json\/wp\/v2\/media\/1991"}],"wp:attachment":[{"href":"https:\/\/sinovalvehub.com\/es\/wp-json\/wp\/v2\/media?parent=1993"}],"wp:term":[{"taxonomy":"product_brand","embeddable":true,"href":"https:\/\/sinovalvehub.com\/es\/wp-json\/wp\/v2\/product_brand?post=1993"},{"taxonomy":"product_cat","embeddable":true,"href":"https:\/\/sinovalvehub.com\/es\/wp-json\/wp\/v2\/product_cat?post=1993"},{"taxonomy":"product_tag","embeddable":true,"href":"https:\/\/sinovalvehub.com\/es\/wp-json\/wp\/v2\/product_tag?post=1993"}],"curies":[{"name":"wp","href":"https:\/\/api.w.org\/{rel}","templated":true}]}}