{"id":1979,"date":"2026-02-24T20:40:22","date_gmt":"2026-02-24T20:40:22","guid":{"rendered":"https:\/\/sinovalvehub.com\/product\/valvula-de-mariposa-de-doble-excentricidad\/"},"modified":"2026-03-25T15:54:57","modified_gmt":"2026-03-25T15:54:57","slug":"valvula-de-mariposa-de-doble-excentricidad","status":"publish","type":"product","link":"https:\/\/sinovalvehub.com\/es\/producto\/valvula-de-mariposa-de-doble-excentricidad\/","title":{"rendered":"V\u00e1lvula de mariposa de doble excentricidad"},"content":{"rendered":"<h5><strong>Dise\u00f1o razonable, estructura compacta, f\u00e1cil de montar y desmontar, y de mantener.<br \/>\nLa estructura exc\u00e9ntrica y el sellado bidireccional reducen la fricci\u00f3n del anillo de sellado. El dise\u00f1o del asiento reemplazable en sitio prolonga la vida \u00fatil de la v\u00e1lvula.<\/strong><br \/>\n<strong>A menudo se utiliza en tuber\u00edas de metalurgia, energ\u00eda el\u00e9ctrica, alimentos y bebidas, municipalidades, industrias qu\u00edmicas y de drenaje, as\u00ed como en campos como la desalinizaci\u00f3n de agua de mar.<\/strong><\/h5>\n","protected":false},"excerpt":{"rendered":"<h5><strong>Normas<\/strong><\/h5>\n<p>&nbsp;<\/p>\n<ul>\n<li>\n<h5><strong>Brida de conexi\u00f3n: ISO PN10\/16, DIN PN10\/16\/25, ANSI B16.1<\/strong><\/h5>\n<\/li>\n<li>\n<h5><strong>Brida de accionamiento: ISO 5211<\/strong><\/h5>\n<\/li>\n<li>\n<h5><strong>Norma de prueba: API 598<\/strong><\/h5>\n<\/li>\n<li>\n<h5><strong>Norma de dise\u00f1o: API 609, BS EN 593<\/strong><\/h5>\n<\/li>\n<\/ul>\n<h5><strong>Material<\/strong><\/h5>\n<ul>\n<li>\n<h5><strong>Material del cuerpo: Hierro d\u00factil, WCB, CF8, CF8M<\/strong><\/h5>\n<\/li>\n<li>\n<h5><strong>Material del disco: Hierro d\u00factil, WCB, CF8, CF8M, acero d\u00faplex 1.4469, acero d\u00faplex 1.4425<\/strong><\/h5>\n<\/li>\n<li>\n<h5><strong>Material del v\u00e1stago: SS304, SS316, 17-4H, SS420, SS416<\/strong><\/h5>\n<\/li>\n<li>\n<h5><strong>Material del asiento: NR, NBR, CR, EPDM, Viton, PTFE<\/strong><\/h5>\n<\/li>\n<li>\n<h5><strong>Material del cojinete: Bronce autolubricante, PTFE<\/strong><\/h5>\n<\/li>\n<\/ul>\n<h5><strong>Par\u00e1metros t\u00e9cnicos<\/strong><\/h5>\n<ul>\n<li>\n<h5><strong>Rango de presi\u00f3n: PN6\u2013PN100, Clase 150\u2013Clase 600<\/strong><\/h5>\n<\/li>\n<li>\n<h5><strong>Tama\u00f1o de la v\u00e1lvula: 2&#8243;\u201396&#8243;<\/strong><\/h5>\n<\/li>\n<li>\n<h5><strong>Modo de conexi\u00f3n: tipo lug, tipo clamp, tipo brida<\/strong><\/h5>\n<\/li>\n<li>\n<h5><strong>Rango de temperatura: -20\u202f\u00b0C a 200\u202f\u00b0C<\/strong><\/h5>\n<\/li>\n<li>\n<h5><strong>Actuador: palanca, reductor sinf\u00edn, neum\u00e1tico, el\u00e9ctrico, hidr\u00e1ulico<\/strong><\/h5>\n<\/li>\n<\/ul>\n","protected":false},"featured_media":1977,"comment_status":"open","ping_status":"closed","template":"","meta":{"site-sidebar-layout":"default","site-content-layout":"","ast-site-content-layout":"default","site-content-style":"default","site-sidebar-style":"default","ast-global-header-display":"","ast-banner-title-visibility":"","ast-main-header-display":"","ast-hfb-above-header-display":"","ast-hfb-below-header-display":"","ast-hfb-mobile-header-display":"","site-post-title":"","ast-breadcrumbs-content":"","ast-featured-img":"","footer-sml-layout":"","ast-disable-related-posts":"","theme-transparent-header-meta":"default","adv-header-id-meta":"","stick-header-meta":"","header-above-stick-meta":"","header-main-stick-meta":"","header-below-stick-meta":"","astra-migrate-meta-layouts":"set","ast-page-background-enabled":"default","ast-page-background-meta":{"desktop":{"background-color":"var(--ast-global-color-5)","background-image":"","background-repeat":"repeat","background-position":"center center","background-size":"auto","background-attachment":"scroll","background-type":"","background-media":"","overlay-type":"","overlay-color":"","overlay-opacity":"","overlay-gradient":""},"tablet":{"background-color":"","background-image":"","background-repeat":"repeat","background-position":"center center","background-size":"auto","background-attachment":"scroll","background-type":"","background-media":"","overlay-type":"","overlay-color":"","overlay-opacity":"","overlay-gradient":""},"mobile":{"background-color":"","background-image":"","background-repeat":"repeat","background-position":"center center","background-size":"auto","background-attachment":"scroll","background-type":"","background-media":"","overlay-type":"","overlay-color":"","overlay-opacity":"","overlay-gradient":""}},"ast-content-background-meta":{"desktop":{"background-color":"var(--ast-global-color-4)","background-image":"","background-repeat":"repeat","background-position":"center center","background-size":"auto","background-attachment":"scroll","background-type":"","background-media":"","overlay-type":"","overlay-color":"","overlay-opacity":"","overlay-gradient":""},"tablet":{"background-color":"var(--ast-global-color-4)","background-image":"","background-repeat":"repeat","background-position":"center center","background-size":"auto","background-attachment":"scroll","background-type":"","background-media":"","overlay-type":"","overlay-color":"","overlay-opacity":"","overlay-gradient":""},"mobile":{"background-color":"var(--ast-global-color-4)","background-image":"","background-repeat":"repeat","background-position":"center center","background-size":"auto","background-attachment":"scroll","background-type":"","background-media":"","overlay-type":"","overlay-color":"","overlay-opacity":"","overlay-gradient":""}}},"product_brand":[],"product_cat":[118,119],"product_tag":[],"class_list":{"0":"post-1979","1":"product","2":"type-product","3":"status-publish","4":"has-post-thumbnail","6":"product_cat-valvula-de-mariposa","7":"product_cat-valvula-de-mariposa-de-doble-excentricidad","8":"desktop-align-center","9":"tablet-align-left","10":"mobile-align-left","12":"first","13":"instock","14":"shipping-taxable","15":"product-type-simple"},"aioseo_notices":[],"jetpack_sharing_enabled":true,"_links":{"self":[{"href":"https:\/\/sinovalvehub.com\/es\/wp-json\/wp\/v2\/product\/1979","targetHints":{"allow":["GET"]}}],"collection":[{"href":"https:\/\/sinovalvehub.com\/es\/wp-json\/wp\/v2\/product"}],"about":[{"href":"https:\/\/sinovalvehub.com\/es\/wp-json\/wp\/v2\/types\/product"}],"replies":[{"embeddable":true,"href":"https:\/\/sinovalvehub.com\/es\/wp-json\/wp\/v2\/comments?post=1979"}],"wp:featuredmedia":[{"embeddable":true,"href":"https:\/\/sinovalvehub.com\/es\/wp-json\/wp\/v2\/media\/1977"}],"wp:attachment":[{"href":"https:\/\/sinovalvehub.com\/es\/wp-json\/wp\/v2\/media?parent=1979"}],"wp:term":[{"taxonomy":"product_brand","embeddable":true,"href":"https:\/\/sinovalvehub.com\/es\/wp-json\/wp\/v2\/product_brand?post=1979"},{"taxonomy":"product_cat","embeddable":true,"href":"https:\/\/sinovalvehub.com\/es\/wp-json\/wp\/v2\/product_cat?post=1979"},{"taxonomy":"product_tag","embeddable":true,"href":"https:\/\/sinovalvehub.com\/es\/wp-json\/wp\/v2\/product_tag?post=1979"}],"curies":[{"name":"wp","href":"https:\/\/api.w.org\/{rel}","templated":true}]}}