{"id":2995,"date":"2026-03-31T14:49:00","date_gmt":"2026-03-31T14:49:00","guid":{"rendered":"https:\/\/sinovalvehub.com\/productos\/valvula-de-bola-2\/"},"modified":"2026-03-31T14:58:30","modified_gmt":"2026-03-31T14:58:30","slug":"valvula-de-bola-2","status":"publish","type":"page","link":"https:\/\/sinovalvehub.com\/es\/productos\/valvula-de-bola-2\/","title":{"rendered":"V\u00e1lvula de bola"},"content":{"rendered":"\t\t<div data-elementor-type=\"wp-page\" data-elementor-id=\"2995\" class=\"elementor elementor-2995 elementor-2984\" data-elementor-post-type=\"page\">\n\t\t\t\t<div class=\"elementor-element elementor-element-15090dd e-flex e-con-boxed e-con e-parent\" data-id=\"15090dd\" data-element_type=\"container\" data-e-type=\"container\">\n\t\t\t\t\t<div class=\"e-con-inner\">\n\t\t\t\t<div class=\"elementor-element elementor-element-7f6c1a0 elementor-widget elementor-widget-heading\" data-id=\"7f6c1a0\" data-element_type=\"widget\" data-e-type=\"widget\" data-widget_type=\"heading.default\">\n\t\t\t\t\t<h2 class=\"elementor-heading-title elementor-size-default\">Proveedor chino de v\u00e1lvulas de bola industriales<\/h2>\t\t\t\t<\/div>\n\t\t\t\t<div class=\"elementor-element elementor-element-dff3e15 elementor-widget elementor-widget-text-editor\" data-id=\"dff3e15\" data-element_type=\"widget\" data-e-type=\"widget\" data-widget_type=\"text-editor.default\">\n\t\t\t\t\t\t\t\t\t<p><strong>V\u00e1lvulas de bola de alto rendimiento para el tratamiento de agua, petr\u00f3leo y gas, y la industria qu\u00edmica. Soporte disponible para OEM y ODM.<\/strong><\/p>\t\t\t\t\t\t\t\t<\/div>\n\t\t<div class=\"elementor-element elementor-element-9568146 e-con-full e-flex e-con e-child\" data-id=\"9568146\" data-element_type=\"container\" data-e-type=\"container\">\n\t\t\t\t<div class=\"elementor-element elementor-element-267894f elementor-widget elementor-widget-button\" data-id=\"267894f\" data-element_type=\"widget\" data-e-type=\"widget\" data-widget_type=\"button.default\">\n\t\t\t\t\t\t\t\t\t\t<a class=\"elementor-button elementor-button-link elementor-size-sm\" href=\"#\">\n\t\t\t\t\t\t<span class=\"elementor-button-content-wrapper\">\n\t\t\t\t\t\t\t\t\t<span class=\"elementor-button-text\">Solicite una cotizaci\u00f3n ahora<\/span>\n\t\t\t\t\t<\/span>\n\t\t\t\t\t<\/a>\n\t\t\t\t\t\t\t\t<\/div>\n\t\t\t\t<div class=\"elementor-element elementor-element-244757b elementor-widget elementor-widget-button\" data-id=\"244757b\" data-element_type=\"widget\" data-e-type=\"widget\" data-widget_type=\"button.default\">\n\t\t\t\t\t\t\t\t\t\t<a class=\"elementor-button elementor-button-link elementor-size-sm\" href=\"https:\/\/wa.me\/12269738588\">\n\t\t\t\t\t\t<span class=\"elementor-button-content-wrapper\">\n\t\t\t\t\t\t\t\t\t<span class=\"elementor-button-text\">Chatear en WhatsApp<\/span>\n\t\t\t\t\t<\/span>\n\t\t\t\t\t<\/a>\n\t\t\t\t\t\t\t\t<\/div>\n\t\t\t\t<\/div>\n\t\t\t\t\t<\/div>\n\t\t\t\t<\/div>\n\t\t<div class=\"elementor-element elementor-element-5de6e33 e-flex e-con-boxed e-con e-parent\" data-id=\"5de6e33\" data-element_type=\"container\" data-e-type=\"container\">\n\t\t\t\t\t<div class=\"e-con-inner\">\n\t\t\t\t<div class=\"elementor-element elementor-element-1501541 elementor-widget elementor-widget-text-editor\" data-id=\"1501541\" data-element_type=\"widget\" data-e-type=\"widget\" data-widget_type=\"text-editor.default\">\n\t\t\t\t\t\t\t\t\t<p><strong>Las v\u00e1lvulas de bola se utilizan ampliamente en los sistemas industriales de control de fluidos debido a su estructura compacta, su rendimiento de sellado confiable y su operaci\u00f3n econ\u00f3mica.<\/strong><\/p><p><strong>En Sinovalvehub, nos especializamos en el suministro de v\u00e1lvulas de bola de alta calidad para industrias exigentes como petr\u00f3leo y gas, tratamiento de agua y procesamiento qu\u00edmico.<\/strong><\/p><p><strong>\u2714 Dise\u00f1o robusto para una larga vida \u00fatil<br>\u2714 Excelente rendimiento de sellado<br>\u2714 Soporte disponible para OEM y ODM<br>\u2714 Entrega r\u00e1pida y confiabl<\/strong><\/p><p><strong>Cont\u00e1ctenos hoy para una cotizaci\u00f3n personalizada o asistencia t\u00e9cnica.<\/strong><\/p>\t\t\t\t\t\t\t\t<\/div>\n\t\t\t\t\t<\/div>\n\t\t\t\t<\/div>\n\t\t<div class=\"elementor-element elementor-element-314e4ba e-flex e-con-boxed e-con e-parent\" data-id=\"314e4ba\" data-element_type=\"container\" data-e-type=\"container\">\n\t\t\t\t\t<div class=\"e-con-inner\">\n\t\t\t\t<div class=\"elementor-element elementor-element-112ddef elementor-widget elementor-widget-heading\" data-id=\"112ddef\" data-element_type=\"widget\" data-e-type=\"widget\" data-widget_type=\"heading.default\">\n\t\t\t\t\t<h2 class=\"elementor-heading-title elementor-size-default\">Explore nuestras soluciones en v\u00e1lvulas de bola<\/h2>\t\t\t\t<\/div>\n\t\t\t\t<div class=\"elementor-element elementor-element-425244d elementor-widget elementor-widget-text-editor\" data-id=\"425244d\" data-element_type=\"widget\" data-e-type=\"widget\" data-widget_type=\"text-editor.default\">\n\t\t\t\t\t\t\t\t\t<p><strong>Ofrecemos una amplia gama de v\u00e1lvulas de bola para satisfacer diferentes aplicaciones industriales y condiciones de operaci\u00f3n.<\/strong><\/p>\t\t\t\t\t\t\t\t<\/div>\n\t\t\t\t\t<\/div>\n\t\t\t\t<\/div>\n\t\t<div class=\"elementor-element elementor-element-be9fc32 e-flex e-con-boxed e-con e-parent\" data-id=\"be9fc32\" data-element_type=\"container\" data-e-type=\"container\">\n\t\t\t\t\t<div class=\"e-con-inner\">\n\t\t\t\t<div class=\"elementor-element elementor-element-e8d7fdd elementor-grid-6 elementor-product-loop-item--align-left elementor-grid-tablet-3 elementor-grid-mobile-2 elementor-products-grid elementor-wc-products elementor-widget elementor-widget-woocommerce-products\" data-id=\"e8d7fdd\" data-element_type=\"widget\" data-e-type=\"widget\" data-widget_type=\"woocommerce-products.default\">\n\t\t\t\t<div class=\"elementor-widget-container\">\n\t\t\t\t\t<div class=\"woocommerce columns-6 \"><ul class=\"products elementor-grid columns-6\">\n<li class=\"desktop-align-center tablet-align-left mobile-align-left product type-product post-1995 status-publish first instock product_cat-valvula-de-bola product_cat-valvula-de-bola-fija has-post-thumbnail shipping-taxable product-type-simple\">\n\t<a href=\"https:\/\/sinovalvehub.com\/es\/producto\/valvula-de-bola-fija\/\" class=\"woocommerce-LoopProduct-link woocommerce-loop-product__link\"><img fetchpriority=\"high\" decoding=\"async\" width=\"250\" height=\"328\" src=\"https:\/\/sinovalvehub.com\/wp-content\/uploads\/2026\/02\/Fixed-ball-valve1-1-250x328.png\" class=\"attachment-woocommerce_thumbnail size-woocommerce_thumbnail\" alt=\"V\u00e1lvula de bola fija\" srcset=\"https:\/\/sinovalvehub.com\/wp-content\/uploads\/2026\/02\/Fixed-ball-valve1-1-250x328.png 250w, https:\/\/sinovalvehub.com\/wp-content\/uploads\/2026\/02\/Fixed-ball-valve1-1-64x84.png 64w, https:\/\/sinovalvehub.com\/wp-content\/uploads\/2026\/02\/Fixed-ball-valve1-1-229x300.png 229w, https:\/\/sinovalvehub.com\/wp-content\/uploads\/2026\/02\/Fixed-ball-valve1-1.png 290w\" sizes=\"(max-width: 250px) 100vw, 250px\" \/><h2 class=\"woocommerce-loop-product__title\">V\u00e1lvula de bola fija<\/h2>\n<\/a><a href=\"https:\/\/sinovalvehub.com\/es\/producto\/valvula-de-bola-fija\/\" aria-describedby=\"woocommerce_loop_add_to_cart_link_describedby_1995\" data-quantity=\"1\" class=\"button product_type_simple\" data-product_id=\"1995\" data-product_sku=\"\" aria-label=\"Lee m\u00e1s sobre &ldquo;V\u00e1lvula de bola fija&rdquo;\" rel=\"nofollow\" data-success_message=\"\">Leer m\u00e1s<\/a>\t<span id=\"woocommerce_loop_add_to_cart_link_describedby_1995\" class=\"screen-reader-text\">\n\t\t\t<\/span>\n<\/li>\n<li class=\"desktop-align-center tablet-align-left mobile-align-left product type-product post-2005 status-publish instock product_cat-valvula-de-bola product_cat-valvula-de-bola-flotante has-post-thumbnail shipping-taxable product-type-simple\">\n\t<a href=\"https:\/\/sinovalvehub.com\/es\/producto\/valvula-de-bola-flotante\/\" class=\"woocommerce-LoopProduct-link woocommerce-loop-product__link\"><img decoding=\"async\" width=\"250\" height=\"328\" src=\"https:\/\/sinovalvehub.com\/wp-content\/uploads\/2026\/02\/floating-ball-valve2-250x328.png\" class=\"attachment-woocommerce_thumbnail size-woocommerce_thumbnail\" alt=\"V\u00e1lvula de bola flotante\" srcset=\"https:\/\/sinovalvehub.com\/wp-content\/uploads\/2026\/02\/floating-ball-valve2-250x328.png 250w, https:\/\/sinovalvehub.com\/wp-content\/uploads\/2026\/02\/floating-ball-valve2-64x84.png 64w, https:\/\/sinovalvehub.com\/wp-content\/uploads\/2026\/02\/floating-ball-valve2-228x300.png 228w, https:\/\/sinovalvehub.com\/wp-content\/uploads\/2026\/02\/floating-ball-valve2.png 290w\" sizes=\"(max-width: 250px) 100vw, 250px\" \/><h2 class=\"woocommerce-loop-product__title\">V\u00e1lvula de bola flotante<\/h2>\n<\/a><a href=\"https:\/\/sinovalvehub.com\/es\/producto\/valvula-de-bola-flotante\/\" aria-describedby=\"woocommerce_loop_add_to_cart_link_describedby_2005\" data-quantity=\"1\" class=\"button product_type_simple\" data-product_id=\"2005\" data-product_sku=\"\" aria-label=\"Lee m\u00e1s sobre &ldquo;V\u00e1lvula de bola flotante&rdquo;\" rel=\"nofollow\" data-success_message=\"\">Leer m\u00e1s<\/a>\t<span id=\"woocommerce_loop_add_to_cart_link_describedby_2005\" class=\"screen-reader-text\">\n\t\t\t<\/span>\n<\/li>\n<li class=\"desktop-align-center tablet-align-left mobile-align-left product type-product post-2002 status-publish instock product_cat-bola-en-v product_cat-valvula-de-bola has-post-thumbnail shipping-taxable product-type-simple\">\n\t<a href=\"https:\/\/sinovalvehub.com\/es\/producto\/valvula-de-bola-en-v\/\" class=\"woocommerce-LoopProduct-link woocommerce-loop-product__link\"><img decoding=\"async\" width=\"250\" height=\"328\" src=\"https:\/\/sinovalvehub.com\/wp-content\/uploads\/2026\/02\/V-shaped-ball1-2-250x328.png\" class=\"attachment-woocommerce_thumbnail size-woocommerce_thumbnail\" alt=\"Bola en V\" srcset=\"https:\/\/sinovalvehub.com\/wp-content\/uploads\/2026\/02\/V-shaped-ball1-2-250x328.png 250w, https:\/\/sinovalvehub.com\/wp-content\/uploads\/2026\/02\/V-shaped-ball1-2-64x84.png 64w, https:\/\/sinovalvehub.com\/wp-content\/uploads\/2026\/02\/V-shaped-ball1-2-229x300.png 229w, https:\/\/sinovalvehub.com\/wp-content\/uploads\/2026\/02\/V-shaped-ball1-2.png 290w\" sizes=\"(max-width: 250px) 100vw, 250px\" \/><h2 class=\"woocommerce-loop-product__title\">V\u00e1lvula de bola en V<\/h2>\n<\/a><a href=\"https:\/\/sinovalvehub.com\/es\/producto\/valvula-de-bola-en-v\/\" aria-describedby=\"woocommerce_loop_add_to_cart_link_describedby_2002\" data-quantity=\"1\" class=\"button product_type_simple\" data-product_id=\"2002\" data-product_sku=\"\" aria-label=\"Lee m\u00e1s sobre &ldquo;V\u00e1lvula de bola en V&rdquo;\" rel=\"nofollow\" data-success_message=\"\">Leer m\u00e1s<\/a>\t<span id=\"woocommerce_loop_add_to_cart_link_describedby_2002\" class=\"screen-reader-text\">\n\t\t\t<\/span>\n<\/li>\n<li class=\"desktop-align-center tablet-align-left mobile-align-left product type-product post-1999 status-publish instock product_cat-three-way-ball-valve product_cat-valvula-de-bola has-post-thumbnail shipping-taxable product-type-simple\">\n\t<a href=\"https:\/\/sinovalvehub.com\/es\/producto\/valvula-de-bola-de-tres-vias\/\" class=\"woocommerce-LoopProduct-link woocommerce-loop-product__link\"><img loading=\"lazy\" decoding=\"async\" width=\"250\" height=\"328\" src=\"https:\/\/sinovalvehub.com\/wp-content\/uploads\/2026\/02\/three-way-ball-valve1-2-250x328.png\" class=\"attachment-woocommerce_thumbnail size-woocommerce_thumbnail\" alt=\"three-way ball valve\" srcset=\"https:\/\/sinovalvehub.com\/wp-content\/uploads\/2026\/02\/three-way-ball-valve1-2-250x328.png 250w, https:\/\/sinovalvehub.com\/wp-content\/uploads\/2026\/02\/three-way-ball-valve1-2-64x84.png 64w, https:\/\/sinovalvehub.com\/wp-content\/uploads\/2026\/02\/three-way-ball-valve1-2-229x300.png 229w, https:\/\/sinovalvehub.com\/wp-content\/uploads\/2026\/02\/three-way-ball-valve1-2.png 290w\" sizes=\"(max-width: 250px) 100vw, 250px\" \/><h2 class=\"woocommerce-loop-product__title\">V\u00e1lvula de bola de tres v\u00edas<\/h2>\n<\/a><a href=\"https:\/\/sinovalvehub.com\/es\/producto\/valvula-de-bola-de-tres-vias\/\" aria-describedby=\"woocommerce_loop_add_to_cart_link_describedby_1999\" data-quantity=\"1\" class=\"button product_type_simple\" data-product_id=\"1999\" data-product_sku=\"\" aria-label=\"Lee m\u00e1s sobre &ldquo;V\u00e1lvula de bola de tres v\u00edas&rdquo;\" rel=\"nofollow\" data-success_message=\"\">Leer m\u00e1s<\/a>\t<span id=\"woocommerce_loop_add_to_cart_link_describedby_1999\" class=\"screen-reader-text\">\n\t\t\t<\/span>\n<\/li>\n<li class=\"desktop-align-center tablet-align-left mobile-align-left product type-product post-1993 status-publish instock product_cat-valvula-de-bola product_cat-valvula-de-bola-revestida-en-plastico has-post-thumbnail shipping-taxable product-type-simple\">\n\t<a href=\"https:\/\/sinovalvehub.com\/es\/producto\/valvula-de-bola-revestida-en-plastico\/\" class=\"woocommerce-LoopProduct-link woocommerce-loop-product__link\"><img loading=\"lazy\" decoding=\"async\" width=\"250\" height=\"328\" src=\"https:\/\/sinovalvehub.com\/wp-content\/uploads\/2026\/02\/lined-plastic-ball-valve1-250x328.png\" class=\"attachment-woocommerce_thumbnail size-woocommerce_thumbnail\" alt=\"V\u00e1lvula de bola revestida en pl\u00e1stico\" srcset=\"https:\/\/sinovalvehub.com\/wp-content\/uploads\/2026\/02\/lined-plastic-ball-valve1-250x328.png 250w, https:\/\/sinovalvehub.com\/wp-content\/uploads\/2026\/02\/lined-plastic-ball-valve1-64x84.png 64w, https:\/\/sinovalvehub.com\/wp-content\/uploads\/2026\/02\/lined-plastic-ball-valve1-229x300.png 229w, https:\/\/sinovalvehub.com\/wp-content\/uploads\/2026\/02\/lined-plastic-ball-valve1.png 290w\" sizes=\"(max-width: 250px) 100vw, 250px\" \/><h2 class=\"woocommerce-loop-product__title\">V\u00e1lvula de bola revestida en pl\u00e1stico<\/h2>\n<\/a><a href=\"https:\/\/sinovalvehub.com\/es\/producto\/valvula-de-bola-revestida-en-plastico\/\" aria-describedby=\"woocommerce_loop_add_to_cart_link_describedby_1993\" data-quantity=\"1\" class=\"button product_type_simple\" data-product_id=\"1993\" data-product_sku=\"\" aria-label=\"Lee m\u00e1s sobre &ldquo;V\u00e1lvula de bola revestida en pl\u00e1stico&rdquo;\" rel=\"nofollow\" data-success_message=\"\">Leer m\u00e1s<\/a>\t<span id=\"woocommerce_loop_add_to_cart_link_describedby_1993\" class=\"screen-reader-text\">\n\t\t\t<\/span>\n<\/li>\n<li class=\"desktop-align-center tablet-align-left mobile-align-left product type-product post-2028 status-publish last instock product_cat-valvula-de-bola product_cat-valvula-de-bola-ceramica has-post-thumbnail shipping-taxable product-type-simple\">\n\t<a href=\"https:\/\/sinovalvehub.com\/es\/producto\/valvula-de-bola-ceramica\/\" class=\"woocommerce-LoopProduct-link woocommerce-loop-product__link\"><img loading=\"lazy\" decoding=\"async\" width=\"250\" height=\"341\" src=\"https:\/\/sinovalvehub.com\/wp-content\/uploads\/2026\/02\/Ceramic-ball-valve3-250x341.png\" class=\"attachment-woocommerce_thumbnail size-woocommerce_thumbnail\" alt=\"V\u00e1lvula de bola cer\u00e1mica\" srcset=\"https:\/\/sinovalvehub.com\/wp-content\/uploads\/2026\/02\/Ceramic-ball-valve3-250x341.png 250w, https:\/\/sinovalvehub.com\/wp-content\/uploads\/2026\/02\/Ceramic-ball-valve3-64x87.png 64w, https:\/\/sinovalvehub.com\/wp-content\/uploads\/2026\/02\/Ceramic-ball-valve3-220x300.png 220w, https:\/\/sinovalvehub.com\/wp-content\/uploads\/2026\/02\/Ceramic-ball-valve3.png 279w\" sizes=\"(max-width: 250px) 100vw, 250px\" \/><h2 class=\"woocommerce-loop-product__title\">Valvula de bola ceramica<\/h2>\n<\/a><a href=\"https:\/\/sinovalvehub.com\/es\/producto\/valvula-de-bola-ceramica\/\" aria-describedby=\"woocommerce_loop_add_to_cart_link_describedby_2028\" data-quantity=\"1\" class=\"button product_type_simple\" data-product_id=\"2028\" data-product_sku=\"\" aria-label=\"Lee m\u00e1s sobre &ldquo;Valvula de bola ceramica&rdquo;\" rel=\"nofollow\" data-success_message=\"\">Leer m\u00e1s<\/a>\t<span id=\"woocommerce_loop_add_to_cart_link_describedby_2028\" class=\"screen-reader-text\">\n\t\t\t<\/span>\n<\/li>\n<\/ul>\n<\/div>\t\t\t\t<\/div>\n\t\t\t\t<\/div>\n\t\t\t\t\t<\/div>\n\t\t\t\t<\/div>\n\t\t<div class=\"elementor-element elementor-element-6926c2d e-flex e-con-boxed e-con e-parent\" data-id=\"6926c2d\" data-element_type=\"container\" data-e-type=\"container\">\n\t\t\t\t\t<div class=\"e-con-inner\">\n\t\t\t\t<div class=\"elementor-element elementor-element-f30abff elementor-widget elementor-widget-heading\" data-id=\"f30abff\" data-element_type=\"widget\" data-e-type=\"widget\" data-widget_type=\"heading.default\">\n\t\t\t\t\t<h2 class=\"elementor-heading-title elementor-size-default\">\u00bfPor qu\u00e9 elegirnos?<\/h2>\t\t\t\t<\/div>\n\t\t\t\t<div class=\"elementor-element elementor-element-0125b39 elementor-widget elementor-widget-text-editor\" data-id=\"0125b39\" data-element_type=\"widget\" data-e-type=\"widget\" data-widget_type=\"text-editor.default\">\n\t\t\t\t\t\t\t\t\t<p>\u2714 M\u00e1s de 10 a\u00f1os de experiencia en la exportaci\u00f3n de v\u00e1lvulas industriales<br>\u2714 Estricto control de calidad antes del env\u00edo<br>\u2714 Soporte OEM y ODM para su marca<br>\u2714 Entrega r\u00e1pida y log\u00edstica internacional confiable<br>\u2714 Comunicaci\u00f3n \u00e1gil y soporte t\u00e9cnico profesional<\/p>\t\t\t\t\t\t\t\t<\/div>\n\t\t\t\t\t<\/div>\n\t\t\t\t<\/div>\n\t\t\t\t<\/div>\n\t\t","protected":false},"excerpt":{"rendered":"<p>Proveedor chino de v\u00e1lvulas de bola industriales V\u00e1lvulas de bola de alto rendimiento para el tratamiento de agua, petr\u00f3leo y [&hellip;]<\/p>\n","protected":false},"author":1,"featured_media":0,"parent":2109,"menu_order":0,"comment_status":"closed","ping_status":"closed","template":"","meta":{"site-sidebar-layout":"no-sidebar","site-content-layout":"","ast-site-content-layout":"full-width-container","site-content-style":"default","site-sidebar-style":"default","ast-global-header-display":"","ast-banner-title-visibility":"","ast-main-header-display":"","ast-hfb-above-header-display":"","ast-hfb-below-header-display":"","ast-hfb-mobile-header-display":"","site-post-title":"","ast-breadcrumbs-content":"","ast-featured-img":"disabled","footer-sml-layout":"","ast-disable-related-posts":"","theme-transparent-header-meta":"","adv-header-id-meta":"","stick-header-meta":"","header-above-stick-meta":"","header-main-stick-meta":"","header-below-stick-meta":"","astra-migrate-meta-layouts":"default","ast-page-background-enabled":"default","ast-page-background-meta":{"desktop":{"background-color":"var(--ast-global-color-5)","background-image":"","background-repeat":"repeat","background-position":"center center","background-size":"auto","background-attachment":"scroll","background-type":"","background-media":"","overlay-type":"","overlay-color":"","overlay-opacity":"","overlay-gradient":""},"tablet":{"background-color":"","background-image":"","background-repeat":"repeat","background-position":"center center","background-size":"auto","background-attachment":"scroll","background-type":"","background-media":"","overlay-type":"","overlay-color":"","overlay-opacity":"","overlay-gradient":""},"mobile":{"background-color":"","background-image":"","background-repeat":"repeat","background-position":"center center","background-size":"auto","background-attachment":"scroll","background-type":"","background-media":"","overlay-type":"","overlay-color":"","overlay-opacity":"","overlay-gradient":""}},"ast-content-background-meta":{"desktop":{"background-color":"var(--ast-global-color-4)","background-image":"","background-repeat":"repeat","background-position":"center center","background-size":"auto","background-attachment":"scroll","background-type":"","background-media":"","overlay-type":"","overlay-color":"","overlay-opacity":"","overlay-gradient":""},"tablet":{"background-color":"var(--ast-global-color-4)","background-image":"","background-repeat":"repeat","background-position":"center center","background-size":"auto","background-attachment":"scroll","background-type":"","background-media":"","overlay-type":"","overlay-color":"","overlay-opacity":"","overlay-gradient":""},"mobile":{"background-color":"var(--ast-global-color-4)","background-image":"","background-repeat":"repeat","background-position":"center center","background-size":"auto","background-attachment":"scroll","background-type":"","background-media":"","overlay-type":"","overlay-color":"","overlay-opacity":"","overlay-gradient":""}},"footnotes":""},"class_list":["post-2995","page","type-page","status-publish","hentry"],"aioseo_notices":[],"jetpack_sharing_enabled":true,"rttpg_featured_image_url":null,"rttpg_author":{"display_name":"chenzhaolawyer@gmail.com","author_link":"https:\/\/sinovalvehub.com\/es\/author\/chenzhaolawyergmail-com\/"},"rttpg_comment":0,"rttpg_category":" <a href=\"https:\/\/sinovalvehub.com\/es\/?taxonomy=translation_priority&#038;term=opcional-2\" rel=\"tag\">Opcional<\/a>","rttpg_excerpt":"Proveedor chino de v\u00e1lvulas de bola industriales V\u00e1lvulas de bola de alto rendimiento para el tratamiento de agua, petr\u00f3leo y [&hellip;]","_links":{"self":[{"href":"https:\/\/sinovalvehub.com\/es\/wp-json\/wp\/v2\/pages\/2995","targetHints":{"allow":["GET"]}}],"collection":[{"href":"https:\/\/sinovalvehub.com\/es\/wp-json\/wp\/v2\/pages"}],"about":[{"href":"https:\/\/sinovalvehub.com\/es\/wp-json\/wp\/v2\/types\/page"}],"author":[{"embeddable":true,"href":"https:\/\/sinovalvehub.com\/es\/wp-json\/wp\/v2\/users\/1"}],"replies":[{"embeddable":true,"href":"https:\/\/sinovalvehub.com\/es\/wp-json\/wp\/v2\/comments?post=2995"}],"version-history":[{"count":1,"href":"https:\/\/sinovalvehub.com\/es\/wp-json\/wp\/v2\/pages\/2995\/revisions"}],"predecessor-version":[{"id":2996,"href":"https:\/\/sinovalvehub.com\/es\/wp-json\/wp\/v2\/pages\/2995\/revisions\/2996"}],"up":[{"embeddable":true,"href":"https:\/\/sinovalvehub.com\/es\/wp-json\/wp\/v2\/pages\/2109"}],"wp:attachment":[{"href":"https:\/\/sinovalvehub.com\/es\/wp-json\/wp\/v2\/media?parent=2995"}],"curies":[{"name":"wp","href":"https:\/\/api.w.org\/{rel}","templated":true}]}}