{"id":2963,"date":"2026-03-28T01:16:24","date_gmt":"2026-03-28T01:16:24","guid":{"rendered":"https:\/\/sinovalvehub.com\/productos\/valvula-de-compuerta\/"},"modified":"2026-03-28T13:22:02","modified_gmt":"2026-03-28T13:22:02","slug":"valvula-de-compuerta","status":"publish","type":"page","link":"https:\/\/sinovalvehub.com\/es\/productos\/valvula-de-compuerta\/","title":{"rendered":"v\u00e1lvula de compuerta"},"content":{"rendered":"\t\t<div data-elementor-type=\"wp-page\" data-elementor-id=\"2963\" class=\"elementor elementor-2963 elementor-2906\" data-elementor-post-type=\"page\">\n\t\t\t\t<div class=\"elementor-element elementor-element-15090dd e-flex e-con-boxed e-con e-parent\" data-id=\"15090dd\" data-element_type=\"container\" data-e-type=\"container\">\n\t\t\t\t\t<div class=\"e-con-inner\">\n\t\t\t\t<div class=\"elementor-element elementor-element-7f6c1a0 elementor-widget elementor-widget-heading\" data-id=\"7f6c1a0\" data-element_type=\"widget\" data-e-type=\"widget\" data-widget_type=\"heading.default\">\n\t\t\t\t\t<h2 class=\"elementor-heading-title elementor-size-default\">Proveedor chino de v\u00e1lvulas de compuerta industriales<\/h2>\t\t\t\t<\/div>\n\t\t\t\t<div class=\"elementor-element elementor-element-dff3e15 elementor-widget elementor-widget-text-editor\" data-id=\"dff3e15\" data-element_type=\"widget\" data-e-type=\"widget\" data-widget_type=\"text-editor.default\">\n\t\t\t\t\t\t\t\t\t<p><strong>V\u00e1lvulas de compuerta de alto rendimiento para las industrias de tratamiento de agua, petr\u00f3leo y gas, y procesamiento qu\u00edmico. Soporte disponible para OEM y ODM.<\/strong><\/p>\t\t\t\t\t\t\t\t<\/div>\n\t\t<div class=\"elementor-element elementor-element-9568146 e-con-full e-flex e-con e-child\" data-id=\"9568146\" data-element_type=\"container\" data-e-type=\"container\">\n\t\t\t\t<div class=\"elementor-element elementor-element-267894f elementor-widget elementor-widget-button\" data-id=\"267894f\" data-element_type=\"widget\" data-e-type=\"widget\" data-widget_type=\"button.default\">\n\t\t\t\t\t\t\t\t\t\t<a class=\"elementor-button elementor-button-link elementor-size-sm\" href=\"#\">\n\t\t\t\t\t\t<span class=\"elementor-button-content-wrapper\">\n\t\t\t\t\t\t\t\t\t<span class=\"elementor-button-text\">Solicite una cotizaci\u00f3n ahora<\/span>\n\t\t\t\t\t<\/span>\n\t\t\t\t\t<\/a>\n\t\t\t\t\t\t\t\t<\/div>\n\t\t\t\t<div class=\"elementor-element elementor-element-244757b elementor-widget elementor-widget-button\" data-id=\"244757b\" data-element_type=\"widget\" data-e-type=\"widget\" data-widget_type=\"button.default\">\n\t\t\t\t\t\t\t\t\t\t<a class=\"elementor-button elementor-button-link elementor-size-sm\" href=\"https:\/\/wa.me\/12269738588\">\n\t\t\t\t\t\t<span class=\"elementor-button-content-wrapper\">\n\t\t\t\t\t\t\t\t\t<span class=\"elementor-button-text\">Chatear en WhatsApp<\/span>\n\t\t\t\t\t<\/span>\n\t\t\t\t\t<\/a>\n\t\t\t\t\t\t\t\t<\/div>\n\t\t\t\t<\/div>\n\t\t\t\t\t<\/div>\n\t\t\t\t<\/div>\n\t\t<div class=\"elementor-element elementor-element-5de6e33 e-flex e-con-boxed e-con e-parent\" data-id=\"5de6e33\" data-element_type=\"container\" data-e-type=\"container\">\n\t\t\t\t\t<div class=\"e-con-inner\">\n\t\t\t\t<div class=\"elementor-element elementor-element-1501541 elementor-widget elementor-widget-text-editor\" data-id=\"1501541\" data-element_type=\"widget\" data-e-type=\"widget\" data-widget_type=\"text-editor.default\">\n\t\t\t\t\t\t\t\t\t<p>Las v\u00e1lvulas de compuerta se utilizan ampliamente en los sistemas industriales de control de fluidos debido a su excelente rendimiento de sellado, m\u00ednima p\u00e9rdida de presi\u00f3n y su idoneidad para aplicaciones de apertura total o cierre total.<\/p><p><strong>En Sinovalvehub, suministramos v\u00e1lvulas de compuerta de alta calidad dise\u00f1adas para industrias exigentes como petr\u00f3leo y gas, tratamiento de agua y procesamiento qu\u00edmico.<\/strong><\/p><p><strong>\u2714 Dise\u00f1o robusto para una larga vida \u00fatil<br>\u2714 Excelente rendimiento de sellado<br>\u2714 Soporte disponible para OEM y ODM<br>\u2714 Entrega r\u00e1pida y confiabl<\/strong><\/p><p><strong>Cont\u00e1ctenos hoy para una cotizaci\u00f3n personalizada o asistencia t\u00e9cnica.<\/strong><\/p>\t\t\t\t\t\t\t\t<\/div>\n\t\t\t\t\t<\/div>\n\t\t\t\t<\/div>\n\t\t<div class=\"elementor-element elementor-element-314e4ba e-flex e-con-boxed e-con e-parent\" data-id=\"314e4ba\" data-element_type=\"container\" data-e-type=\"container\">\n\t\t\t\t\t<div class=\"e-con-inner\">\n\t\t\t\t<div class=\"elementor-element elementor-element-112ddef elementor-widget elementor-widget-heading\" data-id=\"112ddef\" data-element_type=\"widget\" data-e-type=\"widget\" data-widget_type=\"heading.default\">\n\t\t\t\t\t<h2 class=\"elementor-heading-title elementor-size-default\">Explore nuestras soluciones industriales en v\u00e1lvulas de compuerta<\/h2>\t\t\t\t<\/div>\n\t\t\t\t<div class=\"elementor-element elementor-element-425244d elementor-widget elementor-widget-text-editor\" data-id=\"425244d\" data-element_type=\"widget\" data-e-type=\"widget\" data-widget_type=\"text-editor.default\">\n\t\t\t\t\t\t\t\t\t<p><strong>Ofrecemos una amplia gama de v\u00e1lvulas de compuerta para satisfacer diferentes aplicaciones industriales y condiciones de operaci\u00f3n.<\/strong><\/p>\t\t\t\t\t\t\t\t<\/div>\n\t\t\t\t\t<\/div>\n\t\t\t\t<\/div>\n\t\t<div class=\"elementor-element elementor-element-be9fc32 e-flex e-con-boxed e-con e-parent\" data-id=\"be9fc32\" data-element_type=\"container\" data-e-type=\"container\">\n\t\t\t\t\t<div class=\"e-con-inner\">\n\t\t\t\t<div class=\"elementor-element elementor-element-e8d7fdd elementor-grid-3 elementor-product-loop-item--align-center elementor-grid-tablet-3 elementor-grid-mobile-2 elementor-products-grid elementor-wc-products elementor-widget elementor-widget-woocommerce-products\" data-id=\"e8d7fdd\" data-element_type=\"widget\" data-e-type=\"widget\" data-widget_type=\"woocommerce-products.default\">\n\t\t\t\t<div class=\"elementor-widget-container\">\n\t\t\t\t\t<div class=\"woocommerce columns-3 \"><ul class=\"products elementor-grid columns-3\">\n<li class=\"desktop-align-center tablet-align-left mobile-align-left product type-product post-2016 status-publish first instock product_cat-valvula-de-compuerta product_cat-valvula-de-compuerta-de-sello-blando has-post-thumbnail shipping-taxable product-type-simple\">\n\t<a href=\"https:\/\/sinovalvehub.com\/es\/producto\/valvula-de-compuerta-de-sello-blando\/\" class=\"woocommerce-LoopProduct-link woocommerce-loop-product__link\"><img fetchpriority=\"high\" decoding=\"async\" width=\"250\" height=\"330\" src=\"https:\/\/sinovalvehub.com\/wp-content\/uploads\/2026\/02\/Soft-seal-gate-valve1-250x330.png\" class=\"attachment-woocommerce_thumbnail size-woocommerce_thumbnail\" alt=\"V\u00e1lvula de compuerta de sello blando\" srcset=\"https:\/\/sinovalvehub.com\/wp-content\/uploads\/2026\/02\/Soft-seal-gate-valve1-250x330.png 250w, https:\/\/sinovalvehub.com\/wp-content\/uploads\/2026\/02\/Soft-seal-gate-valve1-64x84.png 64w, https:\/\/sinovalvehub.com\/wp-content\/uploads\/2026\/02\/Soft-seal-gate-valve1-228x300.png 228w, https:\/\/sinovalvehub.com\/wp-content\/uploads\/2026\/02\/Soft-seal-gate-valve1.png 289w\" sizes=\"(max-width: 250px) 100vw, 250px\" \/><h2 class=\"woocommerce-loop-product__title\">V\u00e1lvula de compuerta de sello blando<\/h2>\n<\/a><a href=\"https:\/\/sinovalvehub.com\/es\/producto\/valvula-de-compuerta-de-sello-blando\/\" aria-describedby=\"woocommerce_loop_add_to_cart_link_describedby_2016\" data-quantity=\"1\" class=\"button product_type_simple\" data-product_id=\"2016\" data-product_sku=\"\" aria-label=\"Lee m\u00e1s sobre &ldquo;V\u00e1lvula de compuerta de sello blando&rdquo;\" rel=\"nofollow\" data-success_message=\"\">Leer m\u00e1s<\/a>\t<span id=\"woocommerce_loop_add_to_cart_link_describedby_2016\" class=\"screen-reader-text\">\n\t\t\t<\/span>\n<\/li>\n<li class=\"desktop-align-center tablet-align-left mobile-align-left product type-product post-2013 status-publish instock product_cat-valvula-de-compuerta product_cat-valvula-de-compuerta-de-sello-duro has-post-thumbnail shipping-taxable product-type-simple\">\n\t<a href=\"https:\/\/sinovalvehub.com\/es\/producto\/valvula-de-compuerta-de-sello-duro\/\" class=\"woocommerce-LoopProduct-link woocommerce-loop-product__link\"><img decoding=\"async\" width=\"250\" height=\"328\" src=\"https:\/\/sinovalvehub.com\/wp-content\/uploads\/2026\/02\/Hard-seal-gate-valve2-250x328.png\" class=\"attachment-woocommerce_thumbnail size-woocommerce_thumbnail\" alt=\"V\u00e1lvula de compuerta de sello duro\" srcset=\"https:\/\/sinovalvehub.com\/wp-content\/uploads\/2026\/02\/Hard-seal-gate-valve2-250x328.png 250w, https:\/\/sinovalvehub.com\/wp-content\/uploads\/2026\/02\/Hard-seal-gate-valve2-64x84.png 64w, https:\/\/sinovalvehub.com\/wp-content\/uploads\/2026\/02\/Hard-seal-gate-valve2-229x300.png 229w, https:\/\/sinovalvehub.com\/wp-content\/uploads\/2026\/02\/Hard-seal-gate-valve2.png 290w\" sizes=\"(max-width: 250px) 100vw, 250px\" \/><h2 class=\"woocommerce-loop-product__title\">V\u00e1lvula de compuerta de sello duro<\/h2>\n<\/a><a href=\"https:\/\/sinovalvehub.com\/es\/producto\/valvula-de-compuerta-de-sello-duro\/\" aria-describedby=\"woocommerce_loop_add_to_cart_link_describedby_2013\" data-quantity=\"1\" class=\"button product_type_simple\" data-product_id=\"2013\" data-product_sku=\"\" aria-label=\"Lee m\u00e1s sobre &ldquo;V\u00e1lvula de compuerta de sello duro&rdquo;\" rel=\"nofollow\" data-success_message=\"\">Leer m\u00e1s<\/a>\t<span id=\"woocommerce_loop_add_to_cart_link_describedby_2013\" class=\"screen-reader-text\">\n\t\t\t<\/span>\n<\/li>\n<li class=\"desktop-align-center tablet-align-left mobile-align-left product type-product post-2009 status-publish last instock product_cat-valvula-de-compuerta product_cat-valvula-de-guillotina has-post-thumbnail shipping-taxable product-type-simple\">\n\t<a href=\"https:\/\/sinovalvehub.com\/es\/producto\/valvula-de-guillotina\/\" class=\"woocommerce-LoopProduct-link woocommerce-loop-product__link\"><img decoding=\"async\" width=\"250\" height=\"328\" src=\"https:\/\/sinovalvehub.com\/wp-content\/uploads\/2026\/02\/Knife-gate-valve2-250x328.png\" class=\"attachment-woocommerce_thumbnail size-woocommerce_thumbnail\" alt=\"V\u00e1lvula de guillotina\" srcset=\"https:\/\/sinovalvehub.com\/wp-content\/uploads\/2026\/02\/Knife-gate-valve2-250x328.png 250w, https:\/\/sinovalvehub.com\/wp-content\/uploads\/2026\/02\/Knife-gate-valve2-64x84.png 64w, https:\/\/sinovalvehub.com\/wp-content\/uploads\/2026\/02\/Knife-gate-valve2-228x300.png 228w, https:\/\/sinovalvehub.com\/wp-content\/uploads\/2026\/02\/Knife-gate-valve2.png 290w\" sizes=\"(max-width: 250px) 100vw, 250px\" \/><h2 class=\"woocommerce-loop-product__title\">V\u00e1lvula de guillotina<\/h2>\n<\/a><a href=\"https:\/\/sinovalvehub.com\/es\/producto\/valvula-de-guillotina\/\" aria-describedby=\"woocommerce_loop_add_to_cart_link_describedby_2009\" data-quantity=\"1\" class=\"button product_type_simple\" data-product_id=\"2009\" data-product_sku=\"\" aria-label=\"Lee m\u00e1s sobre &ldquo;V\u00e1lvula de guillotina&rdquo;\" rel=\"nofollow\" data-success_message=\"\">Leer m\u00e1s<\/a>\t<span id=\"woocommerce_loop_add_to_cart_link_describedby_2009\" class=\"screen-reader-text\">\n\t\t\t<\/span>\n<\/li>\n<\/ul>\n<\/div>\t\t\t\t<\/div>\n\t\t\t\t<\/div>\n\t\t\t\t\t<\/div>\n\t\t\t\t<\/div>\n\t\t<div class=\"elementor-element elementor-element-6926c2d e-flex e-con-boxed e-con e-parent\" data-id=\"6926c2d\" data-element_type=\"container\" data-e-type=\"container\">\n\t\t\t\t\t<div class=\"e-con-inner\">\n\t\t\t\t<div class=\"elementor-element elementor-element-f30abff elementor-widget elementor-widget-heading\" data-id=\"f30abff\" data-element_type=\"widget\" data-e-type=\"widget\" data-widget_type=\"heading.default\">\n\t\t\t\t\t<h2 class=\"elementor-heading-title elementor-size-default\">\u00bfPor qu\u00e9 elegirnos?<\/h2>\t\t\t\t<\/div>\n\t\t\t\t<div class=\"elementor-element elementor-element-0125b39 elementor-widget elementor-widget-text-editor\" data-id=\"0125b39\" data-element_type=\"widget\" data-e-type=\"widget\" data-widget_type=\"text-editor.default\">\n\t\t\t\t\t\t\t\t\t<p>\u2714 M\u00e1s de 10 a\u00f1os de experiencia en la exportaci\u00f3n de v\u00e1lvulas industriales<br>\u2714 Estricto control de calidad antes del env\u00edo<br>\u2714 Soporte OEM y ODM para su marca<br>\u2714 Entrega r\u00e1pida y log\u00edstica internacional confiable<br>\u2714 Comunicaci\u00f3n \u00e1gil y soporte t\u00e9cnico profesional<\/p>\t\t\t\t\t\t\t\t<\/div>\n\t\t\t\t\t<\/div>\n\t\t\t\t<\/div>\n\t\t\t\t<\/div>\n\t\t","protected":false},"excerpt":{"rendered":"<p>Proveedor chino de v\u00e1lvulas de compuerta industriales V\u00e1lvulas de compuerta de alto rendimiento para las industrias de tratamiento de agua, [&hellip;]<\/p>\n","protected":false},"author":1,"featured_media":0,"parent":2109,"menu_order":0,"comment_status":"closed","ping_status":"closed","template":"","meta":{"site-sidebar-layout":"no-sidebar","site-content-layout":"","ast-site-content-layout":"full-width-container","site-content-style":"default","site-sidebar-style":"default","ast-global-header-display":"","ast-banner-title-visibility":"","ast-main-header-display":"","ast-hfb-above-header-display":"","ast-hfb-below-header-display":"","ast-hfb-mobile-header-display":"","site-post-title":"","ast-breadcrumbs-content":"","ast-featured-img":"disabled","footer-sml-layout":"","ast-disable-related-posts":"","theme-transparent-header-meta":"","adv-header-id-meta":"","stick-header-meta":"","header-above-stick-meta":"","header-main-stick-meta":"","header-below-stick-meta":"","astra-migrate-meta-layouts":"default","ast-page-background-enabled":"default","ast-page-background-meta":{"desktop":{"background-color":"var(--ast-global-color-5)","background-image":"","background-repeat":"repeat","background-position":"center center","background-size":"auto","background-attachment":"scroll","background-type":"","background-media":"","overlay-type":"","overlay-color":"","overlay-opacity":"","overlay-gradient":""},"tablet":{"background-color":"","background-image":"","background-repeat":"repeat","background-position":"center center","background-size":"auto","background-attachment":"scroll","background-type":"","background-media":"","overlay-type":"","overlay-color":"","overlay-opacity":"","overlay-gradient":""},"mobile":{"background-color":"","background-image":"","background-repeat":"repeat","background-position":"center center","background-size":"auto","background-attachment":"scroll","background-type":"","background-media":"","overlay-type":"","overlay-color":"","overlay-opacity":"","overlay-gradient":""}},"ast-content-background-meta":{"desktop":{"background-color":"var(--ast-global-color-4)","background-image":"","background-repeat":"repeat","background-position":"center center","background-size":"auto","background-attachment":"scroll","background-type":"","background-media":"","overlay-type":"","overlay-color":"","overlay-opacity":"","overlay-gradient":""},"tablet":{"background-color":"var(--ast-global-color-4)","background-image":"","background-repeat":"repeat","background-position":"center center","background-size":"auto","background-attachment":"scroll","background-type":"","background-media":"","overlay-type":"","overlay-color":"","overlay-opacity":"","overlay-gradient":""},"mobile":{"background-color":"var(--ast-global-color-4)","background-image":"","background-repeat":"repeat","background-position":"center center","background-size":"auto","background-attachment":"scroll","background-type":"","background-media":"","overlay-type":"","overlay-color":"","overlay-opacity":"","overlay-gradient":""}},"footnotes":""},"class_list":["post-2963","page","type-page","status-publish","hentry"],"aioseo_notices":[],"jetpack_sharing_enabled":true,"rttpg_featured_image_url":null,"rttpg_author":{"display_name":"info@sinovalvehub.com","author_link":"https:\/\/sinovalvehub.com\/es\/author\/chenzhaolawyergmail-com\/"},"rttpg_comment":0,"rttpg_category":" <a href=\"https:\/\/sinovalvehub.com\/es\/?taxonomy=translation_priority&#038;term=opcional-2\" rel=\"tag\">Opcional<\/a>","rttpg_excerpt":"Proveedor chino de v\u00e1lvulas de compuerta industriales V\u00e1lvulas de compuerta de alto rendimiento para las industrias de tratamiento de agua, [&hellip;]","_links":{"self":[{"href":"https:\/\/sinovalvehub.com\/es\/wp-json\/wp\/v2\/pages\/2963","targetHints":{"allow":["GET"]}}],"collection":[{"href":"https:\/\/sinovalvehub.com\/es\/wp-json\/wp\/v2\/pages"}],"about":[{"href":"https:\/\/sinovalvehub.com\/es\/wp-json\/wp\/v2\/types\/page"}],"author":[{"embeddable":true,"href":"https:\/\/sinovalvehub.com\/es\/wp-json\/wp\/v2\/users\/1"}],"replies":[{"embeddable":true,"href":"https:\/\/sinovalvehub.com\/es\/wp-json\/wp\/v2\/comments?post=2963"}],"version-history":[{"count":1,"href":"https:\/\/sinovalvehub.com\/es\/wp-json\/wp\/v2\/pages\/2963\/revisions"}],"predecessor-version":[{"id":2964,"href":"https:\/\/sinovalvehub.com\/es\/wp-json\/wp\/v2\/pages\/2963\/revisions\/2964"}],"up":[{"embeddable":true,"href":"https:\/\/sinovalvehub.com\/es\/wp-json\/wp\/v2\/pages\/2109"}],"wp:attachment":[{"href":"https:\/\/sinovalvehub.com\/es\/wp-json\/wp\/v2\/media?parent=2963"}],"curies":[{"name":"wp","href":"https:\/\/api.w.org\/{rel}","templated":true}]}}