{"id":2959,"date":"2026-03-28T01:06:02","date_gmt":"2026-03-28T01:06:02","guid":{"rendered":"https:\/\/sinovalvehub.com\/productos\/valvula-de-mariposa\/"},"modified":"2026-04-01T02:15:19","modified_gmt":"2026-04-01T02:15:19","slug":"valvula-de-mariposa","status":"publish","type":"page","link":"https:\/\/sinovalvehub.com\/es\/productos\/valvula-de-mariposa\/","title":{"rendered":"V\u00e1lvula de mariposa"},"content":{"rendered":"\t\t<div data-elementor-type=\"wp-page\" data-elementor-id=\"2959\" class=\"elementor elementor-2959 elementor-2908\" data-elementor-post-type=\"page\">\n\t\t\t\t<div class=\"elementor-element elementor-element-15090dd e-flex e-con-boxed e-con e-parent\" data-id=\"15090dd\" data-element_type=\"container\" data-e-type=\"container\">\n\t\t\t\t\t<div class=\"e-con-inner\">\n\t\t\t\t<div class=\"elementor-element elementor-element-7f6c1a0 elementor-widget elementor-widget-heading\" data-id=\"7f6c1a0\" data-element_type=\"widget\" data-e-type=\"widget\" data-widget_type=\"heading.default\">\n\t\t\t\t\t<h2 class=\"elementor-heading-title elementor-size-default\">Proveedor chino de v\u00e1lvulas de mariposa industriales<\/h2>\t\t\t\t<\/div>\n\t\t\t\t<div class=\"elementor-element elementor-element-dff3e15 elementor-widget elementor-widget-text-editor\" data-id=\"dff3e15\" data-element_type=\"widget\" data-e-type=\"widget\" data-widget_type=\"text-editor.default\">\n\t\t\t\t\t\t\t\t\t<p><strong>V\u00e1lvulas de mariposa de alto rendimiento para el tratamiento de agua, petr\u00f3leo y gas, y la industria qu\u00edmica. Soporte disponible para OEM y ODM.<\/strong><\/p>\t\t\t\t\t\t\t\t<\/div>\n\t\t<div class=\"elementor-element elementor-element-9568146 e-con-full e-flex e-con e-child\" data-id=\"9568146\" data-element_type=\"container\" data-e-type=\"container\">\n\t\t\t\t<div class=\"elementor-element elementor-element-267894f elementor-widget elementor-widget-button\" data-id=\"267894f\" data-element_type=\"widget\" data-e-type=\"widget\" data-widget_type=\"button.default\">\n\t\t\t\t\t\t\t\t\t\t<a class=\"elementor-button elementor-button-link elementor-size-sm\" href=\"#\">\n\t\t\t\t\t\t<span class=\"elementor-button-content-wrapper\">\n\t\t\t\t\t\t\t\t\t<span class=\"elementor-button-text\">Solicite una cotizaci\u00f3n ahora<\/span>\n\t\t\t\t\t<\/span>\n\t\t\t\t\t<\/a>\n\t\t\t\t\t\t\t\t<\/div>\n\t\t\t\t<div class=\"elementor-element elementor-element-244757b elementor-widget elementor-widget-button\" data-id=\"244757b\" data-element_type=\"widget\" data-e-type=\"widget\" data-widget_type=\"button.default\">\n\t\t\t\t\t\t\t\t\t\t<a class=\"elementor-button elementor-button-link elementor-size-sm\" href=\"https:\/\/wa.me\/12269738588\">\n\t\t\t\t\t\t<span class=\"elementor-button-content-wrapper\">\n\t\t\t\t\t\t\t\t\t<span class=\"elementor-button-text\">Chatear en WhatsApp<\/span>\n\t\t\t\t\t<\/span>\n\t\t\t\t\t<\/a>\n\t\t\t\t\t\t\t\t<\/div>\n\t\t\t\t<\/div>\n\t\t\t\t\t<\/div>\n\t\t\t\t<\/div>\n\t\t<div class=\"elementor-element elementor-element-5de6e33 e-flex e-con-boxed e-con e-parent\" data-id=\"5de6e33\" data-element_type=\"container\" data-e-type=\"container\">\n\t\t\t\t\t<div class=\"e-con-inner\">\n\t\t\t\t<div class=\"elementor-element elementor-element-1501541 elementor-widget elementor-widget-text-editor\" data-id=\"1501541\" data-element_type=\"widget\" data-e-type=\"widget\" data-widget_type=\"text-editor.default\">\n\t\t\t\t\t\t\t\t\t<p><strong>Las v\u00e1lvulas de mariposa se utilizan ampliamente en los sistemas industriales de control de fluidos debido a su estructura compacta, rendimiento de sellado confiable y operaci\u00f3n rentable.<\/strong><\/p><p><strong>En Sinovalvehub, nos especializamos en suministrar v\u00e1lvulas de mariposa de alta calidad para industrias exigentes como petr\u00f3leo y gas, tratamiento de agua y procesamiento qu\u00edmico.<\/strong><\/p><p><strong>\u2714 Dise\u00f1o robusto para una larga vida \u00fatil<br>\u2714 Excelente rendimiento de sellado<br>\u2714 Soporte disponible para OEM y ODM<br>\u2714 Entrega r\u00e1pida y confiabl<\/strong><\/p><p><strong>Cont\u00e1ctenos hoy para una cotizaci\u00f3n personalizada o asistencia t\u00e9cnica.<\/strong><\/p>\t\t\t\t\t\t\t\t<\/div>\n\t\t\t\t\t<\/div>\n\t\t\t\t<\/div>\n\t\t<div class=\"elementor-element elementor-element-314e4ba e-flex e-con-boxed e-con e-parent\" data-id=\"314e4ba\" data-element_type=\"container\" data-e-type=\"container\">\n\t\t\t\t\t<div class=\"e-con-inner\">\n\t\t\t\t<div class=\"elementor-element elementor-element-112ddef elementor-widget elementor-widget-heading\" data-id=\"112ddef\" data-element_type=\"widget\" data-e-type=\"widget\" data-widget_type=\"heading.default\">\n\t\t\t\t\t<h2 class=\"elementor-heading-title elementor-size-default\">Explore nuestras soluciones en v\u00e1lvulas de mariposa<\/h2>\t\t\t\t<\/div>\n\t\t\t\t<div class=\"elementor-element elementor-element-425244d elementor-widget elementor-widget-text-editor\" data-id=\"425244d\" data-element_type=\"widget\" data-e-type=\"widget\" data-widget_type=\"text-editor.default\">\n\t\t\t\t\t\t\t\t\t<p><strong>Ofrecemos una amplia gama de v\u00e1lvulas de mariposa para satisfacer diferentes aplicaciones industriales y condiciones de operaci\u00f3n.<\/strong><\/p>\t\t\t\t\t\t\t\t<\/div>\n\t\t\t\t\t<\/div>\n\t\t\t\t<\/div>\n\t\t<div class=\"elementor-element elementor-element-be9fc32 e-flex e-con-boxed e-con e-parent\" data-id=\"be9fc32\" data-element_type=\"container\" data-e-type=\"container\">\n\t\t\t\t\t<div class=\"e-con-inner\">\n\t\t\t\t<div class=\"elementor-element elementor-element-bfdb664 elementor-grid-5 elementor-grid-tablet-3 elementor-grid-mobile-2 elementor-products-grid elementor-wc-products elementor-widget elementor-widget-woocommerce-products\" data-id=\"bfdb664\" data-element_type=\"widget\" data-e-type=\"widget\" data-widget_type=\"woocommerce-products.default\">\n\t\t\t\t<div class=\"elementor-widget-container\">\n\t\t\t\t\t<div class=\"woocommerce columns-5 \"><ul class=\"products elementor-grid columns-5\">\n<li class=\"desktop-align-center tablet-align-left mobile-align-left product type-product post-1979 status-publish first instock product_cat-valvula-de-mariposa product_cat-valvula-de-mariposa-de-doble-excentricidad has-post-thumbnail shipping-taxable product-type-simple\">\n\t<a href=\"https:\/\/sinovalvehub.com\/es\/producto\/valvula-de-mariposa-de-doble-excentricidad\/\" class=\"woocommerce-LoopProduct-link woocommerce-loop-product__link\"><img fetchpriority=\"high\" decoding=\"async\" width=\"250\" height=\"348\" src=\"https:\/\/sinovalvehub.com\/wp-content\/uploads\/2026\/02\/Double-eccentric-butterfly-valve2-250x348.png\" class=\"attachment-woocommerce_thumbnail size-woocommerce_thumbnail\" alt=\"Double eccentric butterfly valve\" srcset=\"https:\/\/sinovalvehub.com\/wp-content\/uploads\/2026\/02\/Double-eccentric-butterfly-valve2-250x348.png 250w, https:\/\/sinovalvehub.com\/wp-content\/uploads\/2026\/02\/Double-eccentric-butterfly-valve2-64x89.png 64w, https:\/\/sinovalvehub.com\/wp-content\/uploads\/2026\/02\/Double-eccentric-butterfly-valve2-215x300.png 215w, https:\/\/sinovalvehub.com\/wp-content\/uploads\/2026\/02\/Double-eccentric-butterfly-valve2.png 280w\" sizes=\"(max-width: 250px) 100vw, 250px\" \/><h2 class=\"woocommerce-loop-product__title\">V\u00e1lvula de mariposa de doble excentricidad<\/h2>\n<\/a><a href=\"https:\/\/sinovalvehub.com\/es\/producto\/valvula-de-mariposa-de-doble-excentricidad\/\" aria-describedby=\"woocommerce_loop_add_to_cart_link_describedby_1979\" data-quantity=\"1\" class=\"button product_type_simple\" data-product_id=\"1979\" data-product_sku=\"\" aria-label=\"Lee m\u00e1s sobre &ldquo;V\u00e1lvula de mariposa de doble excentricidad&rdquo;\" rel=\"nofollow\" data-success_message=\"\">Leer m\u00e1s<\/a>\t<span id=\"woocommerce_loop_add_to_cart_link_describedby_1979\" class=\"screen-reader-text\">\n\t\t\t<\/span>\n<\/li>\n<li class=\"desktop-align-center tablet-align-left mobile-align-left product type-product post-1985 status-publish instock product_cat-valvula-de-mariposa product_cat-valvula-de-mariposa-concentrica has-post-thumbnail shipping-taxable product-type-simple\">\n\t<a href=\"https:\/\/sinovalvehub.com\/es\/producto\/valvula-de-mariposa-concentrica\/\" class=\"woocommerce-LoopProduct-link woocommerce-loop-product__link\"><img decoding=\"async\" width=\"250\" height=\"328\" src=\"https:\/\/sinovalvehub.com\/wp-content\/uploads\/2026\/02\/Concentric-butterfly-valve3-250x328.png\" class=\"attachment-woocommerce_thumbnail size-woocommerce_thumbnail\" alt=\"V\u00e1lvula de mariposa conc\u00e9ntrica\" srcset=\"https:\/\/sinovalvehub.com\/wp-content\/uploads\/2026\/02\/Concentric-butterfly-valve3-250x328.png 250w, https:\/\/sinovalvehub.com\/wp-content\/uploads\/2026\/02\/Concentric-butterfly-valve3-64x84.png 64w, https:\/\/sinovalvehub.com\/wp-content\/uploads\/2026\/02\/Concentric-butterfly-valve3-229x300.png 229w, https:\/\/sinovalvehub.com\/wp-content\/uploads\/2026\/02\/Concentric-butterfly-valve3.png 290w\" sizes=\"(max-width: 250px) 100vw, 250px\" \/><h2 class=\"woocommerce-loop-product__title\">V\u00e1lvula de mariposa conc\u00e9ntrica<\/h2>\n<\/a><a href=\"https:\/\/sinovalvehub.com\/es\/producto\/valvula-de-mariposa-concentrica\/\" aria-describedby=\"woocommerce_loop_add_to_cart_link_describedby_1985\" data-quantity=\"1\" class=\"button product_type_simple\" data-product_id=\"1985\" data-product_sku=\"\" aria-label=\"Lee m\u00e1s sobre &ldquo;V\u00e1lvula de mariposa conc\u00e9ntrica&rdquo;\" rel=\"nofollow\" data-success_message=\"\">Leer m\u00e1s<\/a>\t<span id=\"woocommerce_loop_add_to_cart_link_describedby_1985\" class=\"screen-reader-text\">\n\t\t\t<\/span>\n<\/li>\n<li class=\"desktop-align-center tablet-align-left mobile-align-left product type-product post-1988 status-publish instock product_cat-valvula-de-mariposa product_cat-valvula-de-mariposa-triple-excentrica has-post-thumbnail shipping-taxable product-type-simple\">\n\t<a href=\"https:\/\/sinovalvehub.com\/es\/producto\/valvula-de-mariposa-triple-excentrica\/\" class=\"woocommerce-LoopProduct-link woocommerce-loop-product__link\"><img decoding=\"async\" width=\"250\" height=\"328\" src=\"https:\/\/sinovalvehub.com\/wp-content\/uploads\/2026\/02\/three-eccentric-butterfly-valve-250x328.png\" class=\"attachment-woocommerce_thumbnail size-woocommerce_thumbnail\" alt=\"V\u00e1lvula de mariposa triple exc\u00e9ntrica\" srcset=\"https:\/\/sinovalvehub.com\/wp-content\/uploads\/2026\/02\/three-eccentric-butterfly-valve-250x328.png 250w, https:\/\/sinovalvehub.com\/wp-content\/uploads\/2026\/02\/three-eccentric-butterfly-valve-64x84.png 64w, https:\/\/sinovalvehub.com\/wp-content\/uploads\/2026\/02\/three-eccentric-butterfly-valve-229x300.png 229w, https:\/\/sinovalvehub.com\/wp-content\/uploads\/2026\/02\/three-eccentric-butterfly-valve.png 290w\" sizes=\"(max-width: 250px) 100vw, 250px\" \/><h2 class=\"woocommerce-loop-product__title\">V\u00e1lvula de mariposa triple exc\u00e9ntrica<\/h2>\n<\/a><a href=\"https:\/\/sinovalvehub.com\/es\/producto\/valvula-de-mariposa-triple-excentrica\/\" aria-describedby=\"woocommerce_loop_add_to_cart_link_describedby_1988\" data-quantity=\"1\" class=\"button product_type_simple\" data-product_id=\"1988\" data-product_sku=\"\" aria-label=\"Lee m\u00e1s sobre &ldquo;V\u00e1lvula de mariposa triple exc\u00e9ntrica&rdquo;\" rel=\"nofollow\" data-success_message=\"\">Leer m\u00e1s<\/a>\t<span id=\"woocommerce_loop_add_to_cart_link_describedby_1988\" class=\"screen-reader-text\">\n\t\t\t<\/span>\n<\/li>\n<li class=\"desktop-align-center tablet-align-left mobile-align-left product type-product post-1990 status-publish instock product_cat-valvula-de-mariposa product_cat-valvula-de-mariposa-de-doble-excentricidad-con-sello-blando-awwa has-post-thumbnail shipping-taxable product-type-simple\">\n\t<a href=\"https:\/\/sinovalvehub.com\/es\/producto\/valvula-de-mariposa-de-doble-excentricidad-con-sello-blando-awwa\/\" class=\"woocommerce-LoopProduct-link woocommerce-loop-product__link\"><img loading=\"lazy\" decoding=\"async\" width=\"250\" height=\"328\" src=\"https:\/\/sinovalvehub.com\/wp-content\/uploads\/2026\/02\/AWWA-double-eccentric-soft-seal-butterfly-valve-250x328.png\" class=\"attachment-woocommerce_thumbnail size-woocommerce_thumbnail\" alt=\"V\u00e1lvula de mariposa de doble excentricidad con sello blando (AWWA)\" srcset=\"https:\/\/sinovalvehub.com\/wp-content\/uploads\/2026\/02\/AWWA-double-eccentric-soft-seal-butterfly-valve-250x328.png 250w, https:\/\/sinovalvehub.com\/wp-content\/uploads\/2026\/02\/AWWA-double-eccentric-soft-seal-butterfly-valve-64x84.png 64w, https:\/\/sinovalvehub.com\/wp-content\/uploads\/2026\/02\/AWWA-double-eccentric-soft-seal-butterfly-valve-229x300.png 229w, https:\/\/sinovalvehub.com\/wp-content\/uploads\/2026\/02\/AWWA-double-eccentric-soft-seal-butterfly-valve.png 290w\" sizes=\"(max-width: 250px) 100vw, 250px\" \/><h2 class=\"woocommerce-loop-product__title\">V\u00e1lvula de mariposa de doble excentricidad con sello blando (AWWA)<\/h2>\n<\/a><a href=\"https:\/\/sinovalvehub.com\/es\/producto\/valvula-de-mariposa-de-doble-excentricidad-con-sello-blando-awwa\/\" aria-describedby=\"woocommerce_loop_add_to_cart_link_describedby_1990\" data-quantity=\"1\" class=\"button product_type_simple\" data-product_id=\"1990\" data-product_sku=\"\" aria-label=\"Lee m\u00e1s sobre &ldquo;V\u00e1lvula de mariposa de doble excentricidad con sello blando (AWWA)&rdquo;\" rel=\"nofollow\" data-success_message=\"\">Leer m\u00e1s<\/a>\t<span id=\"woocommerce_loop_add_to_cart_link_describedby_1990\" class=\"screen-reader-text\">\n\t\t\t<\/span>\n<\/li>\n<li class=\"desktop-align-center tablet-align-left mobile-align-left product type-product post-2018 status-publish last instock product_cat-valvula-de-mariposa product_cat-valvula-de-mariposa-plastica-revestida-para-lineas-de-servicio-medio has-post-thumbnail shipping-taxable product-type-simple\">\n\t<a href=\"https:\/\/sinovalvehub.com\/es\/producto\/valvula-de-mariposa-revestida-de-plastico-para-lineas-de-servicio-medio\/\" class=\"woocommerce-LoopProduct-link woocommerce-loop-product__link\"><img loading=\"lazy\" decoding=\"async\" width=\"250\" height=\"326\" src=\"https:\/\/sinovalvehub.com\/wp-content\/uploads\/2026\/02\/medium-line-lined-plastic-butterfly-valve-1-250x326.png\" class=\"attachment-woocommerce_thumbnail size-woocommerce_thumbnail\" alt=\"V\u00e1lvula de mariposa revestida de pl\u00e1stico para l\u00edneas de servicio medio\" srcset=\"https:\/\/sinovalvehub.com\/wp-content\/uploads\/2026\/02\/medium-line-lined-plastic-butterfly-valve-1-250x326.png 250w, https:\/\/sinovalvehub.com\/wp-content\/uploads\/2026\/02\/medium-line-lined-plastic-butterfly-valve-1-64x84.png 64w, https:\/\/sinovalvehub.com\/wp-content\/uploads\/2026\/02\/medium-line-lined-plastic-butterfly-valve-1-230x300.png 230w, https:\/\/sinovalvehub.com\/wp-content\/uploads\/2026\/02\/medium-line-lined-plastic-butterfly-valve-1.png 291w\" sizes=\"(max-width: 250px) 100vw, 250px\" \/><h2 class=\"woocommerce-loop-product__title\">V\u00e1lvula de mariposa revestida de pl\u00e1stico para l\u00edneas de servicio medio<\/h2>\n<\/a><a href=\"https:\/\/sinovalvehub.com\/es\/producto\/valvula-de-mariposa-revestida-de-plastico-para-lineas-de-servicio-medio\/\" aria-describedby=\"woocommerce_loop_add_to_cart_link_describedby_2018\" data-quantity=\"1\" class=\"button product_type_simple\" data-product_id=\"2018\" data-product_sku=\"\" aria-label=\"Lee m\u00e1s sobre &ldquo;V\u00e1lvula de mariposa revestida de pl\u00e1stico para l\u00edneas de servicio medio&rdquo;\" rel=\"nofollow\" data-success_message=\"\">Leer m\u00e1s<\/a>\t<span id=\"woocommerce_loop_add_to_cart_link_describedby_2018\" class=\"screen-reader-text\">\n\t\t\t<\/span>\n<\/li>\n<\/ul>\n<\/div>\t\t\t\t<\/div>\n\t\t\t\t<\/div>\n\t\t\t\t\t<\/div>\n\t\t\t\t<\/div>\n\t\t<div class=\"elementor-element elementor-element-6926c2d e-flex e-con-boxed e-con e-parent\" data-id=\"6926c2d\" data-element_type=\"container\" data-e-type=\"container\">\n\t\t\t\t\t<div class=\"e-con-inner\">\n\t\t\t\t<div class=\"elementor-element elementor-element-f30abff elementor-widget elementor-widget-heading\" data-id=\"f30abff\" data-element_type=\"widget\" data-e-type=\"widget\" data-widget_type=\"heading.default\">\n\t\t\t\t\t<h2 class=\"elementor-heading-title elementor-size-default\">\u00bfPor qu\u00e9 elegirnos?<\/h2>\t\t\t\t<\/div>\n\t\t\t\t<div class=\"elementor-element elementor-element-0125b39 elementor-widget elementor-widget-text-editor\" data-id=\"0125b39\" data-element_type=\"widget\" data-e-type=\"widget\" data-widget_type=\"text-editor.default\">\n\t\t\t\t\t\t\t\t\t<p>\u2714 M\u00e1s de 10 a\u00f1os de experiencia en la exportaci\u00f3n de v\u00e1lvulas industriales<br>\u2714 Estricto control de calidad antes del env\u00edo<br>\u2714 Soporte OEM y ODM para su marca<br>\u2714 Entrega r\u00e1pida y log\u00edstica internacional confiable<br>\u2714 Comunicaci\u00f3n \u00e1gil y soporte t\u00e9cnico profesional<\/p>\t\t\t\t\t\t\t\t<\/div>\n\t\t\t\t\t<\/div>\n\t\t\t\t<\/div>\n\t\t\t\t<\/div>\n\t\t","protected":false},"excerpt":{"rendered":"<p>Proveedor chino de v\u00e1lvulas de mariposa industriales V\u00e1lvulas de mariposa de alto rendimiento para el tratamiento de agua, petr\u00f3leo y [&hellip;]<\/p>\n","protected":false},"author":1,"featured_media":0,"parent":2109,"menu_order":0,"comment_status":"closed","ping_status":"closed","template":"","meta":{"site-sidebar-layout":"no-sidebar","site-content-layout":"","ast-site-content-layout":"full-width-container","site-content-style":"default","site-sidebar-style":"default","ast-global-header-display":"","ast-banner-title-visibility":"","ast-main-header-display":"","ast-hfb-above-header-display":"","ast-hfb-below-header-display":"","ast-hfb-mobile-header-display":"","site-post-title":"","ast-breadcrumbs-content":"","ast-featured-img":"disabled","footer-sml-layout":"","ast-disable-related-posts":"","theme-transparent-header-meta":"","adv-header-id-meta":"","stick-header-meta":"","header-above-stick-meta":"","header-main-stick-meta":"","header-below-stick-meta":"","astra-migrate-meta-layouts":"default","ast-page-background-enabled":"default","ast-page-background-meta":{"desktop":{"background-color":"var(--ast-global-color-5)","background-image":"","background-repeat":"repeat","background-position":"center center","background-size":"auto","background-attachment":"scroll","background-type":"","background-media":"","overlay-type":"","overlay-color":"","overlay-opacity":"","overlay-gradient":""},"tablet":{"background-color":"","background-image":"","background-repeat":"repeat","background-position":"center center","background-size":"auto","background-attachment":"scroll","background-type":"","background-media":"","overlay-type":"","overlay-color":"","overlay-opacity":"","overlay-gradient":""},"mobile":{"background-color":"","background-image":"","background-repeat":"repeat","background-position":"center center","background-size":"auto","background-attachment":"scroll","background-type":"","background-media":"","overlay-type":"","overlay-color":"","overlay-opacity":"","overlay-gradient":""}},"ast-content-background-meta":{"desktop":{"background-color":"var(--ast-global-color-4)","background-image":"","background-repeat":"repeat","background-position":"center center","background-size":"auto","background-attachment":"scroll","background-type":"","background-media":"","overlay-type":"","overlay-color":"","overlay-opacity":"","overlay-gradient":""},"tablet":{"background-color":"var(--ast-global-color-4)","background-image":"","background-repeat":"repeat","background-position":"center center","background-size":"auto","background-attachment":"scroll","background-type":"","background-media":"","overlay-type":"","overlay-color":"","overlay-opacity":"","overlay-gradient":""},"mobile":{"background-color":"var(--ast-global-color-4)","background-image":"","background-repeat":"repeat","background-position":"center center","background-size":"auto","background-attachment":"scroll","background-type":"","background-media":"","overlay-type":"","overlay-color":"","overlay-opacity":"","overlay-gradient":""}},"footnotes":""},"class_list":["post-2959","page","type-page","status-publish","hentry"],"aioseo_notices":[],"jetpack_sharing_enabled":true,"rttpg_featured_image_url":null,"rttpg_author":{"display_name":"info@sinovalvehub.com","author_link":"https:\/\/sinovalvehub.com\/es\/author\/chenzhaolawyergmail-com\/"},"rttpg_comment":0,"rttpg_category":" <a href=\"https:\/\/sinovalvehub.com\/es\/?taxonomy=translation_priority&#038;term=opcional-2\" rel=\"tag\">Opcional<\/a>","rttpg_excerpt":"Proveedor chino de v\u00e1lvulas de mariposa industriales V\u00e1lvulas de mariposa de alto rendimiento para el tratamiento de agua, petr\u00f3leo y [&hellip;]","_links":{"self":[{"href":"https:\/\/sinovalvehub.com\/es\/wp-json\/wp\/v2\/pages\/2959","targetHints":{"allow":["GET"]}}],"collection":[{"href":"https:\/\/sinovalvehub.com\/es\/wp-json\/wp\/v2\/pages"}],"about":[{"href":"https:\/\/sinovalvehub.com\/es\/wp-json\/wp\/v2\/types\/page"}],"author":[{"embeddable":true,"href":"https:\/\/sinovalvehub.com\/es\/wp-json\/wp\/v2\/users\/1"}],"replies":[{"embeddable":true,"href":"https:\/\/sinovalvehub.com\/es\/wp-json\/wp\/v2\/comments?post=2959"}],"version-history":[{"count":3,"href":"https:\/\/sinovalvehub.com\/es\/wp-json\/wp\/v2\/pages\/2959\/revisions"}],"predecessor-version":[{"id":3043,"href":"https:\/\/sinovalvehub.com\/es\/wp-json\/wp\/v2\/pages\/2959\/revisions\/3043"}],"up":[{"embeddable":true,"href":"https:\/\/sinovalvehub.com\/es\/wp-json\/wp\/v2\/pages\/2109"}],"wp:attachment":[{"href":"https:\/\/sinovalvehub.com\/es\/wp-json\/wp\/v2\/media?parent=2959"}],"curies":[{"name":"wp","href":"https:\/\/api.w.org\/{rel}","templated":true}]}}